{"id":34313,"date":"2026-02-27T00:25:12","date_gmt":"2026-02-27T00:25:12","guid":{"rendered":"https:\/\/nordicmart.andreevmaster.com\/product\/vasagle-teollisuustyylinen-sivupoyta-jossa-on-taivutus\/"},"modified":"2026-02-27T09:44:54","modified_gmt":"2026-02-27T09:44:54","slug":"vasagle-teollisuustyylinen-sivupoyta-jossa-on-taivutus","status":"publish","type":"product","link":"https:\/\/nordicmart.andreevmaster.com\/fi\/tuote\/vasagle-teollisuustyylinen-sivupoyta-jossa-on-taivutus\/","title":{"rendered":"VASAGLE Teollisuustyylinen sivup\u00f6yt\u00e4, jossa on taivutus"},"content":{"rendered":"<p>Tarvitsetpa sitten t\u00e4ydellisen paikan aamukahville tai mukavan s\u00e4ilytyspaikan sohvan vieress\u00e4, t\u00e4m\u00e4 teollisuustyylinen sivup\u00f6yt\u00e4 n\u00e4ytt\u00e4\u00e4 aina hyv\u00e4lt\u00e4 viistettyjen kulmiensa ja kolmen hyllyns\u00e4 ansiosta. &#8211; L\u00e4mmin vintage-s\u00e4vy ja mattamusta rautakehys luovat hienovaraisen teollisen ilmeen, joka sopii mihin tahansa huoneeseen. &#8211; Sivup\u00f6yd\u00e4n 3 hylly\u00e4 tarjoavat runsaasti s\u00e4ilytystilaa kaikille esineille, jotka haluat pit\u00e4\u00e4 k\u00e4den ulottuvilla. Kooltaan 36 x 59,2 x 59,2 cm, t\u00e4m\u00e4 tilaa s\u00e4\u00e4st\u00e4v\u00e4 huonekalu sopii t\u00e4ydellisesti my\u00f6s ahtaisiin koloihin ja kapeisiin kulmiin. &#8211; Musta rautakehys ja puumateriaalista valmistetut p\u00f6yt\u00e4levyt antavat sivup\u00f6yd\u00e4lle riitt\u00e4v\u00e4n lujuuden, jotta se kest\u00e4\u00e4 useiden esineiden painon. Yl\u00e4osan vintage-levy kest\u00e4\u00e4 jopa 20 kg:n painon, keskimm\u00e4inen taso 10 kg:n painon ja ritil\u00e4levy 20 kg:n painon (maks. staattinen kantavuus). &#8211; S\u00e4\u00e4dett\u00e4v\u00e4t jalat tasoittavat lattian ep\u00e4tasaisuudet, jotta y\u00f6p\u00f6yd\u00e4lle asetetut esineet eiv\u00e4t voi liukua alas. VASAGLE on t\u00e4ydellinen yhdistelm\u00e4 tyyli\u00e4, laatua ja toiminnallisuutta. Her\u00e4t\u00e4 sis\u00e4inen sisustussuunnittelijasi luovilla malleillamme! Tuotetiedot: &#8211; V\u00e4ri: vintage &#8211; Materiaali: lastulevy, rauta &#8211; Koko: 36 x 59,2 x 59,2 cm (P x L x K) &#8211; Paino: 7,5 kg &#8211; Maks. staattinen kantavuus: Pinta: 20 kg Keskimm\u00e4inen taso: 10 kg Alempi taso: 20 kg Toimitus sis\u00e4lt\u00e4\u00e4: &#8211; 1 x sivup\u00f6yt\u00e4 &#8211; 1 x s\u00e4ilytyslaatikko tarvikkeilla (asennusty\u00f6kalut mukana) &#8211; 1 x ohjeet (DE, EN, FR, ES, IT) VASAGLE Huomautukset: &#8211; \u00c4l\u00e4 altista tuotetta jatkuvasti suoralle auringonvalolle tai k\u00e4yt\u00e4 sit\u00e4 kosteassa ymp\u00e4rist\u00f6ss\u00e4.<\/p>\n","protected":false},"excerpt":{"rendered":"<p>VASAGLE teollisen tyylinen sivup\u00f6yt\u00e4, sohvap\u00f6yt\u00e4 2 hyllyll\u00e4 ja ritil\u00e4ll\u00e4, olohuoneen sohvap\u00f6yt\u00e4, makuuhuoneen y\u00f6p\u00f6yt\u00e4, helppo koota, vakaa, vintage, puun n\u00e4k\u00f6inen LNT58BX<\/p>\n","protected":false},"featured_media":43056,"comment_status":"open","ping_status":"closed","template":"","meta":[],"product_brand":[],"product_cat":[32],"product_tag":[],"class_list":{"0":"post-34313","1":"product","2":"type-product","3":"status-publish","4":"has-post-thumbnail","6":"product_cat-uncategorized-fi","8":"first","9":"instock","10":"shipping-taxable","11":"purchasable","12":"product-type-simple"},"_links":{"self":[{"href":"https:\/\/nordicmart.andreevmaster.com\/fi\/wp-json\/wp\/v2\/product\/34313","targetHints":{"allow":["GET"]}}],"collection":[{"href":"https:\/\/nordicmart.andreevmaster.com\/fi\/wp-json\/wp\/v2\/product"}],"about":[{"href":"https:\/\/nordicmart.andreevmaster.com\/fi\/wp-json\/wp\/v2\/types\/product"}],"replies":[{"embeddable":true,"href":"https:\/\/nordicmart.andreevmaster.com\/fi\/wp-json\/wp\/v2\/comments?post=34313"}],"wp:featuredmedia":[{"embeddable":true,"href":"https:\/\/nordicmart.andreevmaster.com\/fi\/wp-json\/wp\/v2\/media\/43056"}],"wp:attachment":[{"href":"https:\/\/nordicmart.andreevmaster.com\/fi\/wp-json\/wp\/v2\/media?parent=34313"}],"wp:term":[{"taxonomy":"product_brand","embeddable":true,"href":"https:\/\/nordicmart.andreevmaster.com\/fi\/wp-json\/wp\/v2\/product_brand?post=34313"},{"taxonomy":"product_cat","embeddable":true,"href":"https:\/\/nordicmart.andreevmaster.com\/fi\/wp-json\/wp\/v2\/product_cat?post=34313"},{"taxonomy":"product_tag","embeddable":true,"href":"https:\/\/nordicmart.andreevmaster.com\/fi\/wp-json\/wp\/v2\/product_tag?post=34313"}],"curies":[{"name":"wp","href":"https:\/\/api.w.org\/{rel}","templated":true}]}}