{"id":34309,"date":"2026-02-27T00:25:11","date_gmt":"2026-02-27T00:25:11","guid":{"rendered":"https:\/\/nordicmart.andreevmaster.com\/product\/vasagle-teollisen-tyylinen-konsolipoyta\/"},"modified":"2026-02-27T09:44:53","modified_gmt":"2026-02-27T09:44:53","slug":"vasagle-teollisen-tyylinen-konsolipoyta","status":"publish","type":"product","link":"https:\/\/nordicmart.andreevmaster.com\/fi\/tuote\/vasagle-teollisen-tyylinen-konsolipoyta\/","title":{"rendered":"VASAGLE teollisen tyylinen konsolip\u00f6yt\u00e4"},"content":{"rendered":"<p>KONSOLIP\u00d6YT\u00c4 Olitpa juuri muuttanut ensimm\u00e4iseen omaan asuntoosi tai haluatko el\u00e4v\u00f6itt\u00e4\u00e4 olohuoneesi modernilla, mutta klassisella tyylill\u00e4, t\u00e4m\u00e4 VASAGLE:n teollisen muotoilun konsolip\u00f6yt\u00e4 tekee kaiken mahdolliseksi.- Tummanruskea vintage-viilu ja musta rautakehys antavat t\u00e4lle teollisen tyylin eteisp\u00f6yd\u00e4lle trendikk\u00e4\u00e4n ilmeen, joka sopii monenlaisiin sisustustyyleihin. &#8211; Kahden laatikon ansiosta p\u00f6yd\u00e4n hyllyjen v\u00e4liss\u00e4 on runsaasti s\u00e4ilytystilaa eteistilallesi (maks. staattinen kantavuus 50 kg).- Rungon sivuilla olevat X-tukipalkit lis\u00e4\u00e4v\u00e4t huonekalun vakautta. S\u00e4\u00e4dett\u00e4vien jalkojen ansiosta voit asettaa p\u00f6yd\u00e4n ep\u00e4tasaiselle lattialle ja suojata sen naarmuilta. &#8211; Mukana toimitetun kaatumissuojan avulla voit kiinnitt\u00e4\u00e4 konsolin turvallisesti sein\u00e4\u00e4n. T\u00e4m\u00e4 on erityisen k\u00e4tev\u00e4\u00e4 perheille, joissa on pieni\u00e4 lapsia. Tuotetiedot: &#8211; V\u00e4ri: tummanruskea\/vintage, musta &#8211; Materiaali: lastulevy, rauta, sinkkiseos &#8211; Koko per koukku: 100 x 35 x 80 cm (P x L x K) &#8211; Paino per koukku: 21,2 kg &#8211; Maks. staattinen kantavuus: 50 kg Toimitus sis\u00e4lt\u00e4\u00e4:- 1 x konsolip\u00f6yt\u00e4 &#8211; 1 x s\u00e4ilytyslaatikko tarvikkeilla &#8211; 1 x kaatumissuoja &#8211; 1 x ohjeet (DE, EN, FR, ES, IT) VASAGLE-ohjeet: &#8211; \u00c4l\u00e4 altista tuotetta pitk\u00e4\u00e4n voimakkaalle auringonvalolle tai kostealle ymp\u00e4rist\u00f6lle.<\/p>\n","protected":false},"excerpt":{"rendered":"<p>VASAGLE teollisen muotoilun konsolip\u00f6yt\u00e4, eteisen p\u00f6yt\u00e4 2 laatikolla ja hyllyll\u00e4, sivup\u00f6yt\u00e4 tukevalla metallirungolla, olohuone, eteinen, aula, puun ulkon\u00e4k\u00f6, vintage LNT39X<\/p>\n","protected":false},"featured_media":43052,"comment_status":"open","ping_status":"closed","template":"","meta":[],"product_brand":[],"product_cat":[32],"product_tag":[],"class_list":{"0":"post-34309","1":"product","2":"type-product","3":"status-publish","4":"has-post-thumbnail","6":"product_cat-uncategorized-fi","8":"first","9":"instock","10":"shipping-taxable","11":"purchasable","12":"product-type-simple"},"_links":{"self":[{"href":"https:\/\/nordicmart.andreevmaster.com\/fi\/wp-json\/wp\/v2\/product\/34309","targetHints":{"allow":["GET"]}}],"collection":[{"href":"https:\/\/nordicmart.andreevmaster.com\/fi\/wp-json\/wp\/v2\/product"}],"about":[{"href":"https:\/\/nordicmart.andreevmaster.com\/fi\/wp-json\/wp\/v2\/types\/product"}],"replies":[{"embeddable":true,"href":"https:\/\/nordicmart.andreevmaster.com\/fi\/wp-json\/wp\/v2\/comments?post=34309"}],"wp:featuredmedia":[{"embeddable":true,"href":"https:\/\/nordicmart.andreevmaster.com\/fi\/wp-json\/wp\/v2\/media\/43052"}],"wp:attachment":[{"href":"https:\/\/nordicmart.andreevmaster.com\/fi\/wp-json\/wp\/v2\/media?parent=34309"}],"wp:term":[{"taxonomy":"product_brand","embeddable":true,"href":"https:\/\/nordicmart.andreevmaster.com\/fi\/wp-json\/wp\/v2\/product_brand?post=34309"},{"taxonomy":"product_cat","embeddable":true,"href":"https:\/\/nordicmart.andreevmaster.com\/fi\/wp-json\/wp\/v2\/product_cat?post=34309"},{"taxonomy":"product_tag","embeddable":true,"href":"https:\/\/nordicmart.andreevmaster.com\/fi\/wp-json\/wp\/v2\/product_tag?post=34309"}],"curies":[{"name":"wp","href":"https:\/\/api.w.org\/{rel}","templated":true}]}}