{"id":34307,"date":"2026-02-27T00:25:10","date_gmt":"2026-02-27T00:25:10","guid":{"rendered":"https:\/\/nordicmart.andreevmaster.com\/product\/vasagle-3-kpl-yopoytaa\/"},"modified":"2026-02-27T09:44:53","modified_gmt":"2026-02-27T09:44:53","slug":"vasagle-3-kpl-yopoytaa","status":"publish","type":"product","link":"https:\/\/nordicmart.andreevmaster.com\/fi\/tuote\/vasagle-3-kpl-yopoytaa\/","title":{"rendered":"VASAGLE 3 kpl y\u00f6p\u00f6yt\u00e4\u00e4"},"content":{"rendered":"<p>Tuotetiedot: &#8211; V\u00e4ri: vintage-ruskea-musta &#8211; Materiaali: lastulevy, ter\u00e4s &#8211; Suuren p\u00f6yd\u00e4n koko: 58,7 x 51,9 x 45,5 cm (P x L x K) &#8211; Keskikokoisen p\u00f6yd\u00e4n koko: 51,2 x 45,9 x 43 cm (P x L x K) &#8211; Pienen p\u00f6yd\u00e4n koko: 39,6 x 35,9 x 40 cm (P x L x K) &#8211; Sarjan kokonaispaino: 9,9 kg &#8211; P\u00f6yd\u00e4n maks. staattinen kantavuus: 20 kgToimitus sis\u00e4lt\u00e4\u00e4:- 3 x sivup\u00f6yt\u00e4 (pieni, keskikokoinen, suuri) &#8211; 1 x lis\u00e4varustepussi &#8211; 1 x ohjeet (EN, DE, FR, ES, IT) VASAGLE-ohjeet: &#8211; Turvallisuussyist\u00e4 lapset eiv\u00e4t saa kiivet\u00e4 tuotteelle tai leikki\u00e4 sill\u00e4.<\/p>\n","protected":false},"excerpt":{"rendered":"<p>VASAGLE sivup\u00f6yt\u00e4setti, 3 kappaletta y\u00f6p\u00f6yti\u00e4, sohvap\u00f6yti\u00e4, metallijalat, helppo koota, teollinen muotoilu, vintage-ruskea-musta LNT14BX<\/p>\n","protected":false},"featured_media":43050,"comment_status":"open","ping_status":"closed","template":"","meta":[],"product_brand":[],"product_cat":[32],"product_tag":[],"class_list":{"0":"post-34307","1":"product","2":"type-product","3":"status-publish","4":"has-post-thumbnail","6":"product_cat-uncategorized-fi","8":"first","9":"instock","10":"shipping-taxable","11":"purchasable","12":"product-type-simple"},"_links":{"self":[{"href":"https:\/\/nordicmart.andreevmaster.com\/fi\/wp-json\/wp\/v2\/product\/34307","targetHints":{"allow":["GET"]}}],"collection":[{"href":"https:\/\/nordicmart.andreevmaster.com\/fi\/wp-json\/wp\/v2\/product"}],"about":[{"href":"https:\/\/nordicmart.andreevmaster.com\/fi\/wp-json\/wp\/v2\/types\/product"}],"replies":[{"embeddable":true,"href":"https:\/\/nordicmart.andreevmaster.com\/fi\/wp-json\/wp\/v2\/comments?post=34307"}],"wp:featuredmedia":[{"embeddable":true,"href":"https:\/\/nordicmart.andreevmaster.com\/fi\/wp-json\/wp\/v2\/media\/43050"}],"wp:attachment":[{"href":"https:\/\/nordicmart.andreevmaster.com\/fi\/wp-json\/wp\/v2\/media?parent=34307"}],"wp:term":[{"taxonomy":"product_brand","embeddable":true,"href":"https:\/\/nordicmart.andreevmaster.com\/fi\/wp-json\/wp\/v2\/product_brand?post=34307"},{"taxonomy":"product_cat","embeddable":true,"href":"https:\/\/nordicmart.andreevmaster.com\/fi\/wp-json\/wp\/v2\/product_cat?post=34307"},{"taxonomy":"product_tag","embeddable":true,"href":"https:\/\/nordicmart.andreevmaster.com\/fi\/wp-json\/wp\/v2\/product_tag?post=34307"}],"curies":[{"name":"wp","href":"https:\/\/api.w.org\/{rel}","templated":true}]}}