{"id":34306,"date":"2026-02-27T00:25:10","date_gmt":"2026-02-27T00:25:10","guid":{"rendered":"https:\/\/nordicmart.andreevmaster.com\/product\/vasagle-konsolipoyta-jossa-on-kolme-laatikkoa-ja-alaosassa-hylly-eteiseen\/"},"modified":"2026-02-27T09:44:53","modified_gmt":"2026-02-27T09:44:53","slug":"vasagle-konsolipoyta-jossa-on-kolme-laatikkoa-ja-alaosassa-hylly-eteiseen","status":"publish","type":"product","link":"https:\/\/nordicmart.andreevmaster.com\/fi\/tuote\/vasagle-konsolipoyta-jossa-on-kolme-laatikkoa-ja-alaosassa-hylly-eteiseen\/","title":{"rendered":"VASAGLE konsolip\u00f6yt\u00e4, jossa on kolme laatikkoa ja alaosassa hylly eteiseen"},"content":{"rendered":"<p>VASAGLE konsolip\u00f6yt\u00e4, sivup\u00f6yt\u00e4, kapea sohvap\u00f6yt\u00e4, 3 laatikolla ja yhdell\u00e4 hyllyll\u00e4, eteiseen, olohuoneeseen, maalaistyyliin, hunajanruskea LNT142K41<br \/>\nV\u00e4ri: hunajanruskea<br \/>\nMateriaali: lastulevy, massiivipuu, MDF (keskitihe\u00e4 kuitulevy)<br \/>\nKoko: 24 x 120 x 76 cm (S x L x K)<br \/>\nPaino: 18,6 kg<br \/>\nP\u00f6yt\u00e4levyn maks. staattinen kantavuus: 50 kg<br \/>\nLaatikkon enimm\u00e4iskantavuus: 10 kg<\/p>\n","protected":false},"excerpt":{"rendered":"<p>VASAGLE konsolip\u00f6yt\u00e4, sivup\u00f6yt\u00e4, kapea sohvap\u00f6yt\u00e4, 3 laatikolla ja yhdell\u00e4 hyllyll\u00e4, eteiseen, olohuoneeseen, maalaistyyliin, hunajanruskea LNT142K41<\/p>\n","protected":false},"featured_media":0,"comment_status":"open","ping_status":"closed","template":"","meta":[],"product_brand":[],"product_cat":[32],"product_tag":[],"class_list":{"0":"post-34306","1":"product","2":"type-product","3":"status-publish","5":"product_cat-uncategorized-fi","7":"first","8":"instock","9":"shipping-taxable","10":"purchasable","11":"product-type-simple"},"_links":{"self":[{"href":"https:\/\/nordicmart.andreevmaster.com\/fi\/wp-json\/wp\/v2\/product\/34306","targetHints":{"allow":["GET"]}}],"collection":[{"href":"https:\/\/nordicmart.andreevmaster.com\/fi\/wp-json\/wp\/v2\/product"}],"about":[{"href":"https:\/\/nordicmart.andreevmaster.com\/fi\/wp-json\/wp\/v2\/types\/product"}],"replies":[{"embeddable":true,"href":"https:\/\/nordicmart.andreevmaster.com\/fi\/wp-json\/wp\/v2\/comments?post=34306"}],"wp:attachment":[{"href":"https:\/\/nordicmart.andreevmaster.com\/fi\/wp-json\/wp\/v2\/media?parent=34306"}],"wp:term":[{"taxonomy":"product_brand","embeddable":true,"href":"https:\/\/nordicmart.andreevmaster.com\/fi\/wp-json\/wp\/v2\/product_brand?post=34306"},{"taxonomy":"product_cat","embeddable":true,"href":"https:\/\/nordicmart.andreevmaster.com\/fi\/wp-json\/wp\/v2\/product_cat?post=34306"},{"taxonomy":"product_tag","embeddable":true,"href":"https:\/\/nordicmart.andreevmaster.com\/fi\/wp-json\/wp\/v2\/product_tag?post=34306"}],"curies":[{"name":"wp","href":"https:\/\/api.w.org\/{rel}","templated":true}]}}