{"id":34297,"date":"2026-02-27T00:25:07","date_gmt":"2026-02-27T00:25:07","guid":{"rendered":"https:\/\/nordicmart.andreevmaster.com\/product\/vasagle-konsolipoyta-lasipinnalla-teollinen-tyyli\/"},"modified":"2026-02-27T09:44:51","modified_gmt":"2026-02-27T09:44:51","slug":"vasagle-konsolipoyta-lasipinnalla-teollinen-tyyli","status":"publish","type":"product","link":"https:\/\/nordicmart.andreevmaster.com\/fi\/tuote\/vasagle-konsolipoyta-lasipinnalla-teollinen-tyyli\/","title":{"rendered":"VASAGLE konsolip\u00f6yt\u00e4 lasipinnalla, teollinen tyyli"},"content":{"rendered":"<p>VASAGLE:n suunnittelijat luovat p\u00e4ivitt\u00e4iseen k\u00e4ytt\u00f6\u00f6n tarkoitettuja ja ennen kaikkea k\u00e4yt\u00e4nn\u00f6llisi\u00e4 tuotteita, mutta heille tulee my\u00f6s silloin t\u00e4ll\u00f6in mieleen erityisen ainutlaatuisia huonekaluja, jotka erottuvat esimerkiksi ainutlaatuisen muotonsa tai luovasti yhdistettyjen materiaaliensa ansiosta. N\u00e4in he antavat sinulle mahdollisuuden tehd\u00e4 kodistasi jotain aivan poikkeuksellista. Tyylik\u00e4s konsolip\u00f6yt\u00e4 teollisessa designissa. Vankalla lasipinnalla, tukevalla rautakehyksell\u00e4 ja vintage-tyylisell\u00e4 hyllyll\u00e4 varustettu sivup\u00f6yt\u00e4 on eritt\u00e4in tyylik\u00e4s, melkein kuin se olisi per\u00e4isin museosta. Aseta p\u00f6yd\u00e4lle esimerkiksi suuri maljakko tuoreilla kukilla ja sijoita p\u00f6yt\u00e4 eteiseesi. Tai k\u00e4yt\u00e4 sit\u00e4 olohuoneessa tai eteisess\u00e4 ja toivota asiakkaasi ja vieraasi tervetulleiksi. Aseta esitteet tai k\u00e4yntikortit n\u00e4kyville ja k\u00e4den ulottuville lasilevyn alle. Kaksi tilavaa laatikkoa tarjoaa viel\u00e4 lis\u00e4\u00e4 s\u00e4ilytystilaa. Jos t\u00e4m\u00e4n konsolip\u00f6yd\u00e4n tyyli miellytt\u00e4\u00e4 sinua, katso my\u00f6s siihen sopiva sohvap\u00f6yt\u00e4 ja sivup\u00f6yt\u00e4 VASAGLE:lt\u00e4.Tuotetiedot: &#8211; V\u00e4ri: musta rautakehys, vintage-hylly puun n\u00e4k\u00f6inen, l\u00e4pin\u00e4kyv\u00e4 &#8211; Materiaali: lastulevy, rauta, karkaistu lasi &#8211; Koko: 100 x 40 x 80 cm (P x L x K) &#8211; Paino: 23,8 kg &#8211; Lasipinnan maks. kantavuus: 30 kg Toimitus sis\u00e4lt\u00e4\u00e4:- 1 x konsolip\u00f6yt\u00e4 &#8211; 1 x lis\u00e4varustepussi (sis\u00e4lt\u00e4\u00e4 asennusty\u00f6kalut) &#8211; 1 x ohjeet (DE, EN, FR, ES, IT) VASAGLE-ohjeet: &#8211; \u00c4l\u00e4 altista t\u00e4t\u00e4 tuotetta voimakkaalle auringonvalolle pitk\u00e4ksi aikaa. &#8211; K\u00e4sittele lasipintaa varovasti, jotta se ei halkeile.- Tuotteen kaatumisen est\u00e4miseksi se on kiinnitett\u00e4v\u00e4 tukevasti sein\u00e4\u00e4n mukana toimitetulla kaatumissuojalla.<\/p>\n","protected":false},"excerpt":{"rendered":"<p>VASAGLE teollinen design -konsolip\u00f6yt\u00e4, tukeva lasip\u00f6yt\u00e4 2 laatikolla, senkki, eteisp\u00f6yt\u00e4, sivup\u00f6yt\u00e4, oleskelutila, vintage, tukeva LNT11BX<\/p>\n","protected":false},"featured_media":43041,"comment_status":"open","ping_status":"closed","template":"","meta":[],"product_brand":[],"product_cat":[32],"product_tag":[],"class_list":{"0":"post-34297","1":"product","2":"type-product","3":"status-publish","4":"has-post-thumbnail","6":"product_cat-uncategorized-fi","8":"first","9":"instock","10":"shipping-taxable","11":"purchasable","12":"product-type-simple"},"_links":{"self":[{"href":"https:\/\/nordicmart.andreevmaster.com\/fi\/wp-json\/wp\/v2\/product\/34297","targetHints":{"allow":["GET"]}}],"collection":[{"href":"https:\/\/nordicmart.andreevmaster.com\/fi\/wp-json\/wp\/v2\/product"}],"about":[{"href":"https:\/\/nordicmart.andreevmaster.com\/fi\/wp-json\/wp\/v2\/types\/product"}],"replies":[{"embeddable":true,"href":"https:\/\/nordicmart.andreevmaster.com\/fi\/wp-json\/wp\/v2\/comments?post=34297"}],"wp:featuredmedia":[{"embeddable":true,"href":"https:\/\/nordicmart.andreevmaster.com\/fi\/wp-json\/wp\/v2\/media\/43041"}],"wp:attachment":[{"href":"https:\/\/nordicmart.andreevmaster.com\/fi\/wp-json\/wp\/v2\/media?parent=34297"}],"wp:term":[{"taxonomy":"product_brand","embeddable":true,"href":"https:\/\/nordicmart.andreevmaster.com\/fi\/wp-json\/wp\/v2\/product_brand?post=34297"},{"taxonomy":"product_cat","embeddable":true,"href":"https:\/\/nordicmart.andreevmaster.com\/fi\/wp-json\/wp\/v2\/product_cat?post=34297"},{"taxonomy":"product_tag","embeddable":true,"href":"https:\/\/nordicmart.andreevmaster.com\/fi\/wp-json\/wp\/v2\/product_tag?post=34297"}],"curies":[{"name":"wp","href":"https:\/\/api.w.org\/{rel}","templated":true}]}}