{"id":34296,"date":"2026-02-27T00:25:07","date_gmt":"2026-02-27T00:25:07","guid":{"rendered":"https:\/\/nordicmart.andreevmaster.com\/product\/vasagle-konsolipoyta-pistorasioilla-tilaa-saastava-lumivalkoinen\/"},"modified":"2026-02-27T09:44:51","modified_gmt":"2026-02-27T09:44:51","slug":"vasagle-konsolipoyta-pistorasioilla-tilaa-saastava-lumivalkoinen","status":"publish","type":"product","link":"https:\/\/nordicmart.andreevmaster.com\/fi\/tuote\/vasagle-konsolipoyta-pistorasioilla-tilaa-saastava-lumivalkoinen\/","title":{"rendered":"VASAGLE konsolip\u00f6yt\u00e4 pistorasioilla, tilaa s\u00e4\u00e4st\u00e4v\u00e4, lumivalkoinen"},"content":{"rendered":"<p>VASAGLE konsolip\u00f6yt\u00e4 pistorasioilla, sivup\u00f6yt\u00e4 2 lokerolla, kapea, 25 x 120 x 81,1 cm, tilaa s\u00e4\u00e4st\u00e4v\u00e4, eteiseen, olohuoneeseen<br \/>\nV\u00e4ri: lumivalkoinen<br \/>\nMateriaali: lastulevy, ter\u00e4s<br \/>\nKoko: 25 x 120 x 81,1 cm (S x L x K)<br \/>\nPaino: 10,7 kg<br \/>\nMaks. staattinen kokonaiskuormitus: 100 kg<\/p>\n","protected":false},"excerpt":{"rendered":"<p>VASAGLE konsolip\u00f6yt\u00e4 pistorasioilla, sivup\u00f6yt\u00e4 2 lokerolla, kapea, 25 x 120 x 81,1 cm, tilaa s\u00e4\u00e4st\u00e4v\u00e4, eteiseen, olohuoneeseen<\/p>\n","protected":false},"featured_media":43040,"comment_status":"open","ping_status":"closed","template":"","meta":[],"product_brand":[],"product_cat":[32],"product_tag":[],"class_list":{"0":"post-34296","1":"product","2":"type-product","3":"status-publish","4":"has-post-thumbnail","6":"product_cat-uncategorized-fi","8":"first","9":"instock","10":"shipping-taxable","11":"purchasable","12":"product-type-simple"},"_links":{"self":[{"href":"https:\/\/nordicmart.andreevmaster.com\/fi\/wp-json\/wp\/v2\/product\/34296","targetHints":{"allow":["GET"]}}],"collection":[{"href":"https:\/\/nordicmart.andreevmaster.com\/fi\/wp-json\/wp\/v2\/product"}],"about":[{"href":"https:\/\/nordicmart.andreevmaster.com\/fi\/wp-json\/wp\/v2\/types\/product"}],"replies":[{"embeddable":true,"href":"https:\/\/nordicmart.andreevmaster.com\/fi\/wp-json\/wp\/v2\/comments?post=34296"}],"wp:featuredmedia":[{"embeddable":true,"href":"https:\/\/nordicmart.andreevmaster.com\/fi\/wp-json\/wp\/v2\/media\/43040"}],"wp:attachment":[{"href":"https:\/\/nordicmart.andreevmaster.com\/fi\/wp-json\/wp\/v2\/media?parent=34296"}],"wp:term":[{"taxonomy":"product_brand","embeddable":true,"href":"https:\/\/nordicmart.andreevmaster.com\/fi\/wp-json\/wp\/v2\/product_brand?post=34296"},{"taxonomy":"product_cat","embeddable":true,"href":"https:\/\/nordicmart.andreevmaster.com\/fi\/wp-json\/wp\/v2\/product_cat?post=34296"},{"taxonomy":"product_tag","embeddable":true,"href":"https:\/\/nordicmart.andreevmaster.com\/fi\/wp-json\/wp\/v2\/product_tag?post=34296"}],"curies":[{"name":"wp","href":"https:\/\/api.w.org\/{rel}","templated":true}]}}