{"id":34290,"date":"2026-02-27T00:25:06","date_gmt":"2026-02-27T00:25:06","guid":{"rendered":"https:\/\/nordicmart.andreevmaster.com\/product\/vasagle-kapea-konsolipoyta-jossa-kaksi-kangaspalaista-laatikkoa\/"},"modified":"2026-02-27T09:44:50","modified_gmt":"2026-02-27T09:44:50","slug":"vasagle-kapea-konsolipoyta-jossa-kaksi-kangaspalaista-laatikkoa","status":"publish","type":"product","link":"https:\/\/nordicmart.andreevmaster.com\/fi\/tuote\/vasagle-kapea-konsolipoyta-jossa-kaksi-kangaspalaista-laatikkoa\/","title":{"rendered":"VASAGLE Kapea konsolip\u00f6yt\u00e4, jossa kaksi kangaspalaista laatikkoa"},"content":{"rendered":"<p>VASAGLE kapea konsolip\u00f6yt\u00e4, sivup\u00f6yt\u00e4 2 kangaspaljalla, eteisp\u00f6yt\u00e4, 24 x 76 x 80 cm, eteiseen, olohuoneeseen, vintage-ruskea-mustanmusta LNT092K01<br \/>\nV\u00e4ri: vintage-ruskea, musta<br \/>\nMateriaali: lastulevy, ter\u00e4s, Oxford-kangas, kuitukangas<br \/>\nKoko: 24 x 76 x 80 cm (S x L x K)<br \/>\nPaino: 7,3 kg<br \/>\nYl\u00e4levyn maks. staattinen kantavuus: 30 kg<br \/>\nHyllyjen maks. staattinen kantavuus: 20 kg<br \/>\nLaatikosta kohti maksimaalinen staattinen kantavuus: 5 kg<\/p>\n","protected":false},"excerpt":{"rendered":"<p>VASAGLE kapea konsolip\u00f6yt\u00e4, sivup\u00f6yt\u00e4 2 kangaspaljalla, eteisp\u00f6yt\u00e4, 24 x 76 x 80 cm, eteiseen, olohuoneeseen, vintage-ruskea-mustanmusta LNT092K01<\/p>\n","protected":false},"featured_media":43034,"comment_status":"open","ping_status":"closed","template":"","meta":[],"product_brand":[],"product_cat":[32],"product_tag":[],"class_list":{"0":"post-34290","1":"product","2":"type-product","3":"status-publish","4":"has-post-thumbnail","6":"product_cat-uncategorized-fi","8":"first","9":"instock","10":"shipping-taxable","11":"purchasable","12":"product-type-simple"},"_links":{"self":[{"href":"https:\/\/nordicmart.andreevmaster.com\/fi\/wp-json\/wp\/v2\/product\/34290","targetHints":{"allow":["GET"]}}],"collection":[{"href":"https:\/\/nordicmart.andreevmaster.com\/fi\/wp-json\/wp\/v2\/product"}],"about":[{"href":"https:\/\/nordicmart.andreevmaster.com\/fi\/wp-json\/wp\/v2\/types\/product"}],"replies":[{"embeddable":true,"href":"https:\/\/nordicmart.andreevmaster.com\/fi\/wp-json\/wp\/v2\/comments?post=34290"}],"wp:featuredmedia":[{"embeddable":true,"href":"https:\/\/nordicmart.andreevmaster.com\/fi\/wp-json\/wp\/v2\/media\/43034"}],"wp:attachment":[{"href":"https:\/\/nordicmart.andreevmaster.com\/fi\/wp-json\/wp\/v2\/media?parent=34290"}],"wp:term":[{"taxonomy":"product_brand","embeddable":true,"href":"https:\/\/nordicmart.andreevmaster.com\/fi\/wp-json\/wp\/v2\/product_brand?post=34290"},{"taxonomy":"product_cat","embeddable":true,"href":"https:\/\/nordicmart.andreevmaster.com\/fi\/wp-json\/wp\/v2\/product_cat?post=34290"},{"taxonomy":"product_tag","embeddable":true,"href":"https:\/\/nordicmart.andreevmaster.com\/fi\/wp-json\/wp\/v2\/product_tag?post=34290"}],"curies":[{"name":"wp","href":"https:\/\/api.w.org\/{rel}","templated":true}]}}