{"id":34289,"date":"2026-02-27T00:25:06","date_gmt":"2026-02-27T00:25:06","guid":{"rendered":"https:\/\/nordicmart.andreevmaster.com\/product\/vasagle-kapea-konsolipoyta-jossa-kaksi-tasoa-ja-puoliksi-avoimet-hyllyt\/"},"modified":"2026-02-27T09:44:50","modified_gmt":"2026-02-27T09:44:50","slug":"vasagle-kapea-konsolipoyta-jossa-kaksi-tasoa-ja-puoliksi-avoimet-hyllyt","status":"publish","type":"product","link":"https:\/\/nordicmart.andreevmaster.com\/fi\/tuote\/vasagle-kapea-konsolipoyta-jossa-kaksi-tasoa-ja-puoliksi-avoimet-hyllyt\/","title":{"rendered":"VASAGLE Kapea konsolip\u00f6yt\u00e4, jossa kaksi tasoa ja puoliksi avoimet hyllyt"},"content":{"rendered":"<p>VASAGLE konsolip\u00f6yt\u00e4, sivup\u00f6yt\u00e4, kapea eteisp\u00f6yt\u00e4, 2 tasoa puoliksi avoimilla lokeroilla, 24 x 100 x 80 cm, eteiseen, olohuoneeseen, vintage-ruskea-mustanmusta LNT091K01<br \/>\nV\u00e4ri: vintage-ruskea-mustanmusta<br \/>\nMateriaali: lastulevy, ter\u00e4s<br \/>\nKoko: 24 x 100 x 80 cm (S x L x K)<br \/>\nPaino: 7,3 kg<br \/>\nP\u00f6yt\u00e4levyn maks. staattinen kantavuus: 30 kg<br \/>\nJokaisen avoimen lokeron maks. staattinen kantavuus: 5 kg<\/p>\n","protected":false},"excerpt":{"rendered":"<p>VASAGLE konsolip\u00f6yt\u00e4, sivup\u00f6yt\u00e4, kapea eteisp\u00f6yt\u00e4, 2 tasoa puoliksi avoimilla lokeroilla, 24 x 100 x 80 cm, eteiseen, olohuoneeseen, vintage-ruskea-mustanmusta LNT091K01<\/p>\n","protected":false},"featured_media":43033,"comment_status":"open","ping_status":"closed","template":"","meta":[],"product_brand":[],"product_cat":[32],"product_tag":[],"class_list":{"0":"post-34289","1":"product","2":"type-product","3":"status-publish","4":"has-post-thumbnail","6":"product_cat-uncategorized-fi","8":"first","9":"instock","10":"shipping-taxable","11":"purchasable","12":"product-type-simple"},"_links":{"self":[{"href":"https:\/\/nordicmart.andreevmaster.com\/fi\/wp-json\/wp\/v2\/product\/34289","targetHints":{"allow":["GET"]}}],"collection":[{"href":"https:\/\/nordicmart.andreevmaster.com\/fi\/wp-json\/wp\/v2\/product"}],"about":[{"href":"https:\/\/nordicmart.andreevmaster.com\/fi\/wp-json\/wp\/v2\/types\/product"}],"replies":[{"embeddable":true,"href":"https:\/\/nordicmart.andreevmaster.com\/fi\/wp-json\/wp\/v2\/comments?post=34289"}],"wp:featuredmedia":[{"embeddable":true,"href":"https:\/\/nordicmart.andreevmaster.com\/fi\/wp-json\/wp\/v2\/media\/43033"}],"wp:attachment":[{"href":"https:\/\/nordicmart.andreevmaster.com\/fi\/wp-json\/wp\/v2\/media?parent=34289"}],"wp:term":[{"taxonomy":"product_brand","embeddable":true,"href":"https:\/\/nordicmart.andreevmaster.com\/fi\/wp-json\/wp\/v2\/product_brand?post=34289"},{"taxonomy":"product_cat","embeddable":true,"href":"https:\/\/nordicmart.andreevmaster.com\/fi\/wp-json\/wp\/v2\/product_cat?post=34289"},{"taxonomy":"product_tag","embeddable":true,"href":"https:\/\/nordicmart.andreevmaster.com\/fi\/wp-json\/wp\/v2\/product_tag?post=34289"}],"curies":[{"name":"wp","href":"https:\/\/api.w.org\/{rel}","templated":true}]}}