{"id":34288,"date":"2026-02-27T00:25:05","date_gmt":"2026-02-27T00:25:05","guid":{"rendered":"https:\/\/nordicmart.andreevmaster.com\/product\/vasagle-teollisuustyylinen-konsolipoyta-3-hyllya\/"},"modified":"2026-02-27T09:44:49","modified_gmt":"2026-02-27T09:44:49","slug":"vasagle-teollisuustyylinen-konsolipoyta-3-hyllya","status":"publish","type":"product","link":"https:\/\/nordicmart.andreevmaster.com\/fi\/tuote\/vasagle-teollisuustyylinen-konsolipoyta-3-hyllya\/","title":{"rendered":"VASAGLE Teollisuustyylinen konsolip\u00f6yt\u00e4 3 hylly\u00e4"},"content":{"rendered":"<p>Tuotetiedot: &#8211; V\u00e4ri: vintage-ruskea-musta &#8211; Materiaali: lastulevy, ter\u00e4s &#8211; Koko: 120 x 30 x 80 cm (P x L x K) &#8211; Paino: 13,1 kg &#8211; Pinnan maks. staattinen kantavuus: 20 kg &#8211; Keskimm\u00e4isen hyllyn maks. staattinen kantavuus: 10 kg &#8211; Alimman hyllyn maks. staattinen kantavuus: 10 kg Toimitus sis\u00e4lt\u00e4\u00e4: &#8211; 1 x eteisp\u00f6yt\u00e4 &#8211; 1 x lis\u00e4varustepaketti &#8211; 1 x kaatumissuoja &#8211; 1 x ohjeet VASAGLE Huomautukset:- Turvallisuussyist\u00e4 lapset eiv\u00e4t saa kiivet\u00e4 tuotteelle tai leikki\u00e4 sill\u00e4. &#8211; Tuotteen suurin staattinen kantavuus on 40 kg. \u00c4l\u00e4 ylit\u00e4 t\u00e4t\u00e4 enimm\u00e4ispainoa.<\/p>\n","protected":false},"excerpt":{"rendered":"<p>VASAGLE konsolip\u00f6yt\u00e4, eteisp\u00f6yt\u00e4, kaarevat jalat, pidennetty p\u00f6yt\u00e4levy, olohuoneeseen, eteiseen, makuuhuoneeseen, vintage-ruskea-musta LNT089B01<\/p>\n","protected":false},"featured_media":43032,"comment_status":"open","ping_status":"closed","template":"","meta":[],"product_brand":[],"product_cat":[32],"product_tag":[],"class_list":{"0":"post-34288","1":"product","2":"type-product","3":"status-publish","4":"has-post-thumbnail","6":"product_cat-uncategorized-fi","8":"first","9":"instock","10":"shipping-taxable","11":"purchasable","12":"product-type-simple"},"_links":{"self":[{"href":"https:\/\/nordicmart.andreevmaster.com\/fi\/wp-json\/wp\/v2\/product\/34288","targetHints":{"allow":["GET"]}}],"collection":[{"href":"https:\/\/nordicmart.andreevmaster.com\/fi\/wp-json\/wp\/v2\/product"}],"about":[{"href":"https:\/\/nordicmart.andreevmaster.com\/fi\/wp-json\/wp\/v2\/types\/product"}],"replies":[{"embeddable":true,"href":"https:\/\/nordicmart.andreevmaster.com\/fi\/wp-json\/wp\/v2\/comments?post=34288"}],"wp:featuredmedia":[{"embeddable":true,"href":"https:\/\/nordicmart.andreevmaster.com\/fi\/wp-json\/wp\/v2\/media\/43032"}],"wp:attachment":[{"href":"https:\/\/nordicmart.andreevmaster.com\/fi\/wp-json\/wp\/v2\/media?parent=34288"}],"wp:term":[{"taxonomy":"product_brand","embeddable":true,"href":"https:\/\/nordicmart.andreevmaster.com\/fi\/wp-json\/wp\/v2\/product_brand?post=34288"},{"taxonomy":"product_cat","embeddable":true,"href":"https:\/\/nordicmart.andreevmaster.com\/fi\/wp-json\/wp\/v2\/product_cat?post=34288"},{"taxonomy":"product_tag","embeddable":true,"href":"https:\/\/nordicmart.andreevmaster.com\/fi\/wp-json\/wp\/v2\/product_tag?post=34288"}],"curies":[{"name":"wp","href":"https:\/\/api.w.org\/{rel}","templated":true}]}}