{"id":34286,"date":"2026-02-27T00:25:05","date_gmt":"2026-02-27T00:25:05","guid":{"rendered":"https:\/\/nordicmart.andreevmaster.com\/product\/vasagle-kapea-konsolipoyta-latausasemalla-ja-koukkuilla\/"},"modified":"2026-02-27T09:44:49","modified_gmt":"2026-02-27T09:44:49","slug":"vasagle-kapea-konsolipoyta-latausasemalla-ja-koukkuilla","status":"publish","type":"product","link":"https:\/\/nordicmart.andreevmaster.com\/fi\/tuote\/vasagle-kapea-konsolipoyta-latausasemalla-ja-koukkuilla\/","title":{"rendered":"VASAGLE Kapea konsolip\u00f6yt\u00e4 latausasemalla ja koukkuilla"},"content":{"rendered":"<p>VASAGLE konsolip\u00f6yt\u00e4 latausasemalla, kapea sohvap\u00f6yt\u00e4, eteisp\u00f6yt\u00e4, 15 x 100 x 80 cm, koukkuilla, helppo asentaa, eteiseen, olohuoneeseen, vintage-ruskea-mustanmusta LNT079K02<br \/>\nV\u00e4ri: vintage-ruskea-mustanmusta<br \/>\nMateriaali: lastulevy, ter\u00e4s<br \/>\nKoko: 15 x 100 x 80 cm (S x L x K)<br \/>\nPaino: 4,5 kg<br \/>\nMaks. staattinen kantavuus: 30 kg<\/p>\n","protected":false},"excerpt":{"rendered":"<p>VASAGLE konsolip\u00f6yt\u00e4 latausasemalla, kapea sohvap\u00f6yt\u00e4, eteisp\u00f6yt\u00e4, 15 x 100 x 80 cm, koukkuilla, helppo asentaa, eteiseen, olohuoneeseen, vintage-ruskea-mustanmusta LNT079K02<\/p>\n","protected":false},"featured_media":43030,"comment_status":"open","ping_status":"closed","template":"","meta":[],"product_brand":[],"product_cat":[32],"product_tag":[],"class_list":{"0":"post-34286","1":"product","2":"type-product","3":"status-publish","4":"has-post-thumbnail","6":"product_cat-uncategorized-fi","8":"first","9":"instock","10":"shipping-taxable","11":"purchasable","12":"product-type-simple"},"_links":{"self":[{"href":"https:\/\/nordicmart.andreevmaster.com\/fi\/wp-json\/wp\/v2\/product\/34286","targetHints":{"allow":["GET"]}}],"collection":[{"href":"https:\/\/nordicmart.andreevmaster.com\/fi\/wp-json\/wp\/v2\/product"}],"about":[{"href":"https:\/\/nordicmart.andreevmaster.com\/fi\/wp-json\/wp\/v2\/types\/product"}],"replies":[{"embeddable":true,"href":"https:\/\/nordicmart.andreevmaster.com\/fi\/wp-json\/wp\/v2\/comments?post=34286"}],"wp:featuredmedia":[{"embeddable":true,"href":"https:\/\/nordicmart.andreevmaster.com\/fi\/wp-json\/wp\/v2\/media\/43030"}],"wp:attachment":[{"href":"https:\/\/nordicmart.andreevmaster.com\/fi\/wp-json\/wp\/v2\/media?parent=34286"}],"wp:term":[{"taxonomy":"product_brand","embeddable":true,"href":"https:\/\/nordicmart.andreevmaster.com\/fi\/wp-json\/wp\/v2\/product_brand?post=34286"},{"taxonomy":"product_cat","embeddable":true,"href":"https:\/\/nordicmart.andreevmaster.com\/fi\/wp-json\/wp\/v2\/product_cat?post=34286"},{"taxonomy":"product_tag","embeddable":true,"href":"https:\/\/nordicmart.andreevmaster.com\/fi\/wp-json\/wp\/v2\/product_tag?post=34286"}],"curies":[{"name":"wp","href":"https:\/\/api.w.org\/{rel}","templated":true}]}}