{"id":34280,"date":"2026-02-27T00:25:03","date_gmt":"2026-02-27T00:25:03","guid":{"rendered":"https:\/\/nordicmart.andreevmaster.com\/product\/vasagle-sivupoyta-pyorilla-c-muotoinen-eebenpuunmusta\/"},"modified":"2026-02-27T09:44:48","modified_gmt":"2026-02-27T09:44:48","slug":"vasagle-sivupoyta-pyorilla-c-muotoinen-eebenpuunmusta","status":"publish","type":"product","link":"https:\/\/nordicmart.andreevmaster.com\/fi\/tuote\/vasagle-sivupoyta-pyorilla-c-muotoinen-eebenpuunmusta\/","title":{"rendered":"VASAGLE sivup\u00f6yt\u00e4 py\u00f6rill\u00e4, C-muotoinen, eebenpuunmusta"},"content":{"rendered":"<p>VASAGLE sivup\u00f6yt\u00e4, sohvap\u00f6yt\u00e4 py\u00f6rill\u00e4, C-muotoinen, siirrett\u00e4v\u00e4 kahvip\u00f6yt\u00e4, 50 x 35 x 60 cm, olohuoneen p\u00f6yt\u00e4 metallirungolla, kahville ja kannettavalle tietokoneelle, teollinen muotoilu, greige-musta LNT050B02<br \/>\nV\u00e4ri: eebenpuunmusta<br \/>\nMateriaali: lastulevy, ter\u00e4s<br \/>\nRullap\u00f6yd\u00e4n koko: 35 x 50 x 60 cm (S x L x K)<br \/>\nP\u00f6yd\u00e4n koko s\u00e4\u00e4dett\u00e4vill\u00e4 jaloilla: 35 x 50 x 56 cm (S x L x K)<br \/>\nPaino: 4,7 kg<br \/>\nMaks. staattinen kantavuus: 25 kg<\/p>\n","protected":false},"excerpt":{"rendered":"<p>VASAGLE sivup\u00f6yt\u00e4, sohvap\u00f6yt\u00e4 py\u00f6rill\u00e4, C-muotoinen, siirrett\u00e4v\u00e4 kahvip\u00f6yt\u00e4, 50 x 35 x 60 cm, olohuoneen p\u00f6yt\u00e4 metallirungolla, kahville ja kannettavalle tietokoneelle, teollinen muotoilu, greige-musta LNT050B02<\/p>\n","protected":false},"featured_media":43024,"comment_status":"open","ping_status":"closed","template":"","meta":[],"product_brand":[],"product_cat":[32],"product_tag":[],"class_list":{"0":"post-34280","1":"product","2":"type-product","3":"status-publish","4":"has-post-thumbnail","6":"product_cat-uncategorized-fi","8":"first","9":"instock","10":"shipping-taxable","11":"purchasable","12":"product-type-simple"},"_links":{"self":[{"href":"https:\/\/nordicmart.andreevmaster.com\/fi\/wp-json\/wp\/v2\/product\/34280","targetHints":{"allow":["GET"]}}],"collection":[{"href":"https:\/\/nordicmart.andreevmaster.com\/fi\/wp-json\/wp\/v2\/product"}],"about":[{"href":"https:\/\/nordicmart.andreevmaster.com\/fi\/wp-json\/wp\/v2\/types\/product"}],"replies":[{"embeddable":true,"href":"https:\/\/nordicmart.andreevmaster.com\/fi\/wp-json\/wp\/v2\/comments?post=34280"}],"wp:featuredmedia":[{"embeddable":true,"href":"https:\/\/nordicmart.andreevmaster.com\/fi\/wp-json\/wp\/v2\/media\/43024"}],"wp:attachment":[{"href":"https:\/\/nordicmart.andreevmaster.com\/fi\/wp-json\/wp\/v2\/media?parent=34280"}],"wp:term":[{"taxonomy":"product_brand","embeddable":true,"href":"https:\/\/nordicmart.andreevmaster.com\/fi\/wp-json\/wp\/v2\/product_brand?post=34280"},{"taxonomy":"product_cat","embeddable":true,"href":"https:\/\/nordicmart.andreevmaster.com\/fi\/wp-json\/wp\/v2\/product_cat?post=34280"},{"taxonomy":"product_tag","embeddable":true,"href":"https:\/\/nordicmart.andreevmaster.com\/fi\/wp-json\/wp\/v2\/product_tag?post=34280"}],"curies":[{"name":"wp","href":"https:\/\/api.w.org\/{rel}","templated":true}]}}