{"id":34279,"date":"2026-02-27T00:25:03","date_gmt":"2026-02-27T00:25:03","guid":{"rendered":"https:\/\/nordicmart.andreevmaster.com\/product\/vasagle-rullallinen-sohvapoyta-greige-musta\/"},"modified":"2026-02-27T09:44:48","modified_gmt":"2026-02-27T09:44:48","slug":"vasagle-rullallinen-sohvapoyta-greige-musta","status":"publish","type":"product","link":"https:\/\/nordicmart.andreevmaster.com\/fi\/tuote\/vasagle-rullallinen-sohvapoyta-greige-musta\/","title":{"rendered":"VASAGLE Rullallinen sohvap\u00f6yt\u00e4 Greige-musta"},"content":{"rendered":"<p>Tuotetiedot: &#8211; V\u00e4ri: greige-musta &#8211; Materiaali: lastulevy, ter\u00e4s &#8211; Koko: 50 x 35 x 55 cm (P x L x K) &#8211; Paino: 5,5 kg &#8211; Maks. staattinen kantavuus: 25 kg Toimitus sis\u00e4lt\u00e4\u00e4:- 1 x sivup\u00f6yt\u00e4 &#8211; 1 x lis\u00e4varustepaketti &#8211; 1 x ohjeet (DE, EN, FR, ES, IT) VASAGLE Huomautukset: &#8211; Rungon ja lattian v\u00e4linen et\u00e4isyys on 7 cm. Sohvan alaosan on siis oltava yli 7 cm korkea, jotta sivup\u00f6yt\u00e4 mahtuu sen alle.<\/p>\n","protected":false},"excerpt":{"rendered":"<p>VASAGLE sivup\u00f6yt\u00e4, sohvap\u00f6yt\u00e4 py\u00f6rill\u00e4, C-muotoinen, siirrett\u00e4v\u00e4 kahvip\u00f6yt\u00e4, 50 x 35 x 60 cm, olohuoneen p\u00f6yt\u00e4 metallirungolla, kahville ja kannettavalle tietokoneelle, teollinen muotoilu, greige-musta LNT050B02<\/p>\n","protected":false},"featured_media":43023,"comment_status":"open","ping_status":"closed","template":"","meta":[],"product_brand":[],"product_cat":[32],"product_tag":[],"class_list":{"0":"post-34279","1":"product","2":"type-product","3":"status-publish","4":"has-post-thumbnail","6":"product_cat-uncategorized-fi","8":"first","9":"instock","10":"shipping-taxable","11":"purchasable","12":"product-type-simple"},"_links":{"self":[{"href":"https:\/\/nordicmart.andreevmaster.com\/fi\/wp-json\/wp\/v2\/product\/34279","targetHints":{"allow":["GET"]}}],"collection":[{"href":"https:\/\/nordicmart.andreevmaster.com\/fi\/wp-json\/wp\/v2\/product"}],"about":[{"href":"https:\/\/nordicmart.andreevmaster.com\/fi\/wp-json\/wp\/v2\/types\/product"}],"replies":[{"embeddable":true,"href":"https:\/\/nordicmart.andreevmaster.com\/fi\/wp-json\/wp\/v2\/comments?post=34279"}],"wp:featuredmedia":[{"embeddable":true,"href":"https:\/\/nordicmart.andreevmaster.com\/fi\/wp-json\/wp\/v2\/media\/43023"}],"wp:attachment":[{"href":"https:\/\/nordicmart.andreevmaster.com\/fi\/wp-json\/wp\/v2\/media?parent=34279"}],"wp:term":[{"taxonomy":"product_brand","embeddable":true,"href":"https:\/\/nordicmart.andreevmaster.com\/fi\/wp-json\/wp\/v2\/product_brand?post=34279"},{"taxonomy":"product_cat","embeddable":true,"href":"https:\/\/nordicmart.andreevmaster.com\/fi\/wp-json\/wp\/v2\/product_cat?post=34279"},{"taxonomy":"product_tag","embeddable":true,"href":"https:\/\/nordicmart.andreevmaster.com\/fi\/wp-json\/wp\/v2\/product_tag?post=34279"}],"curies":[{"name":"wp","href":"https:\/\/api.w.org\/{rel}","templated":true}]}}