{"id":34278,"date":"2026-02-27T00:25:03","date_gmt":"2026-02-27T00:25:03","guid":{"rendered":"https:\/\/nordicmart.andreevmaster.com\/product\/olohuone-vakaa-metallirunkoinen-kapea-teollinen-pesapoyta-2\/"},"modified":"2026-02-27T09:44:47","modified_gmt":"2026-02-27T09:44:47","slug":"olohuone-vakaa-metallirunkoinen-kapea-teollinen-pesapoyta-2","status":"publish","type":"product","link":"https:\/\/nordicmart.andreevmaster.com\/fi\/tuote\/olohuone-vakaa-metallirunkoinen-kapea-teollinen-pesapoyta-2\/","title":{"rendered":"Olohuone Vakaa metallirunkoinen kapea teollinen pes\u00e4p\u00f6yt\u00e4"},"content":{"rendered":"<p>Vieh\u00e4tt\u00e4v\u00e4ss\u00e4 teollisessa tyyliss\u00e4 ja k\u00e4yt\u00e4nn\u00f6llisill\u00e4 hyllyill\u00e4 varustettu 2 sivup\u00f6yd\u00e4n sarja on valmis tarjoamaan sinulle kupin kahvia, v\u00e4lipaloja ja kaiken, mit\u00e4 tarvitset elokuvamaratonia varten. Tai aseta valokuvakehys ja s\u00f6p\u00f6t mokkapalat p\u00f6yd\u00e4n p\u00e4\u00e4lle, jotta saat suloista tunnelmaa.<\/p>\n<p>K\u00e4yt\u00e4 2 sivup\u00f6yt\u00e4\u00e4 parina luodaksesi ainutlaatuisen sohvap\u00f6yd\u00e4n sohvan eteen. Ne on helppo sijoittaa yhteen tilan s\u00e4\u00e4st\u00e4miseksi tai kaukos\u00e4\u00e4timille piilopaikaksi. Voit my\u00f6s erottaa ne 2 huoneeseen mukavuuden lis\u00e4\u00e4miseksi.<\/p>\n<p>K\u00e4ytitp\u00e4 sit\u00e4 sitten sivup\u00f6yt\u00e4n\u00e4 sohvan vieress\u00e4 tai y\u00f6p\u00f6yt\u00e4n\u00e4 makuuhuoneessa, t\u00e4m\u00e4 p\u00f6yt\u00e4sarja toimii kuin rasvattu. Tai aseta se lukunurkkaasi kirjoja ja kyni\u00e4 varten. Pienen p\u00e4\u00e4typ\u00f6yd\u00e4n korotetun reunan ansiosta tragediaa, jossa rakas kyn\u00e4si lojuu maassa rikkin\u00e4isen k\u00e4rjen kanssa, ei en\u00e4\u00e4 tapahdu.<\/p>\n<p>Jos haluat luoda yhten\u00e4isen, ainutlaatuisen ilmeen koko kotiisi, tutustu muihin VASAGLE-teollisuuskalustesarjan huonekaluihin. VASAGLE sopii aina eteisest\u00e4 olohuoneeseen ja kylpyhuoneeseen.<\/p>\n<p>Tekniset tiedot:- V\u00e4ri: Rustic Brown (02BX)\/Honey Brown (02N)\/Greige (02B02)- Materiaali: Materiaali: Lastulevy, metalli- Suuri p\u00f6yd\u00e4n koko: 17,7&#8221;L x 15,7&#8221;W x 21,6&#8221;H (45 x 40 x 55 cm)- Pieni p\u00f6yd\u00e4n koko: 15,7&#8221;L x 14,9&#8221;W x 20&#8221; H (40 x 38 x 51 cm) &#8211; Tuotteen paino: 19,4 lb (8,8 kg) &#8211; Suuren p\u00f6yd\u00e4n staattinen kuormituskapasiteetti: 66,1 lb (30 kg) &#8211; Pienen p\u00f6yd\u00e4n staattinen kuormituskapasiteetti: 61,7 lb (28 kg) Pakkauksen sis\u00e4lt\u00f6: &#8211; 2 x sivup\u00f6yt\u00e4 &#8211; 1 x lis\u00e4varustesarja &#8211; 1 x lis\u00e4varustesarja &#8211; 1 x lis\u00e4varustesarja &#8211; 1 x lis\u00e4varustesarja &#8211; 1 x lis\u00e4varustesarja &#8211; 1 x lis\u00e4varustesarja &#8211; 1 x lis\u00e4varustesarja &#8211; 1 x lis\u00e4varustesarja &#8211; 1 x lis\u00e4varustesarja &#8211; 1 x lis\u00e4varustesarja &#8211; 1 x lis\u00e4varustesarja &#8211; 1 x lis\u00e4 Pienen p\u00f6yd\u00e4n staattinen kuormitettavuus: 61,7 lb (28 kg) Pakkauksen sis\u00e4lt\u00f6:- 2 x sivup\u00f6yt\u00e4- 1 x lis\u00e4varustesarja- 1 x k\u00e4ytt\u00f6ohjeet (EN, DE, FR, ES, IT)<\/p>\n","protected":false},"excerpt":{"rendered":"<p>Vieh\u00e4tt\u00e4v\u00e4ss\u00e4 teollisessa tyyliss\u00e4 ja k\u00e4yt\u00e4nn\u00f6llisill\u00e4 hyllyill\u00e4 varustettu 2 sivup\u00f6yd\u00e4n sarja on valmis tarjoamaan sinulle kupin kahvia, v\u00e4lipaloja ja kaiken, mit\u00e4 tarvitset elokuvamaratonia varten. Tai aseta valokuvakehys ja s\u00f6p\u00f6t mokkapalat p\u00f6yd\u00e4n p\u00e4\u00e4lle, jotta saat suloista tunnelmaa. K\u00e4yt\u00e4 2 sivup\u00f6yt\u00e4\u00e4 parina luodaksesi ainutlaatuisen sohvap\u00f6yd\u00e4n sohvan eteen. Ne on helppo sijoittaa yhteen tilan s\u00e4\u00e4st\u00e4miseksi tai kaukos\u00e4\u00e4timille piilopaikaksi. Voit [&hellip;]<\/p>\n","protected":false},"featured_media":0,"comment_status":"open","ping_status":"closed","template":"","meta":[],"product_brand":[],"product_cat":[32],"product_tag":[],"class_list":{"0":"post-34278","1":"product","2":"type-product","3":"status-publish","5":"product_cat-uncategorized-fi","7":"first","8":"instock","9":"shipping-taxable","10":"product-type-simple"},"_links":{"self":[{"href":"https:\/\/nordicmart.andreevmaster.com\/fi\/wp-json\/wp\/v2\/product\/34278","targetHints":{"allow":["GET"]}}],"collection":[{"href":"https:\/\/nordicmart.andreevmaster.com\/fi\/wp-json\/wp\/v2\/product"}],"about":[{"href":"https:\/\/nordicmart.andreevmaster.com\/fi\/wp-json\/wp\/v2\/types\/product"}],"replies":[{"embeddable":true,"href":"https:\/\/nordicmart.andreevmaster.com\/fi\/wp-json\/wp\/v2\/comments?post=34278"}],"wp:attachment":[{"href":"https:\/\/nordicmart.andreevmaster.com\/fi\/wp-json\/wp\/v2\/media?parent=34278"}],"wp:term":[{"taxonomy":"product_brand","embeddable":true,"href":"https:\/\/nordicmart.andreevmaster.com\/fi\/wp-json\/wp\/v2\/product_brand?post=34278"},{"taxonomy":"product_cat","embeddable":true,"href":"https:\/\/nordicmart.andreevmaster.com\/fi\/wp-json\/wp\/v2\/product_cat?post=34278"},{"taxonomy":"product_tag","embeddable":true,"href":"https:\/\/nordicmart.andreevmaster.com\/fi\/wp-json\/wp\/v2\/product_tag?post=34278"}],"curies":[{"name":"wp","href":"https:\/\/api.w.org\/{rel}","templated":true}]}}