{"id":34277,"date":"2026-02-27T00:25:03","date_gmt":"2026-02-27T00:25:03","guid":{"rendered":"https:\/\/nordicmart.andreevmaster.com\/product\/vasagle-konsolipoyta-terasrungolla-kultainen-valkoinen\/"},"modified":"2026-02-27T09:44:47","modified_gmt":"2026-02-27T09:44:47","slug":"vasagle-konsolipoyta-terasrungolla-kultainen-valkoinen","status":"publish","type":"product","link":"https:\/\/nordicmart.andreevmaster.com\/fi\/tuote\/vasagle-konsolipoyta-terasrungolla-kultainen-valkoinen\/","title":{"rendered":"VASAGLE konsolip\u00f6yt\u00e4 ter\u00e4srungolla, kultainen-valkoinen"},"content":{"rendered":"<p>Tuotetiedot: V\u00e4ri: Kulta-valkoinen Materiaali: Ter\u00e4s, lastulevy Koko: 100 x 35 x 80 cm (P x L x K) Paino: 5,6 kg P\u00f6yt\u00e4levyn maks. staattinen kantavuus: 80 kg Toimitus sis\u00e4lt\u00e4\u00e4: 1 x konsolip\u00f6yt\u00e4 1 x lis\u00e4varustepaketti 1 x ohjeet<\/p>\n","protected":false},"excerpt":{"rendered":"<p>VASAGLE konsolip\u00f6yt\u00e4, sivup\u00f6yt\u00e4, olohuoneen p\u00f6yt\u00e4 ter\u00e4srungolla, moderni sohvap\u00f6yt\u00e4, helppo koota, s\u00e4\u00e4dett\u00e4v\u00e4t jalat, olohuone, eteinen, kullanv\u00e4rinen-valkoinen LNT026A10<\/p>\n","protected":false},"featured_media":43022,"comment_status":"open","ping_status":"closed","template":"","meta":[],"product_brand":[],"product_cat":[32],"product_tag":[],"class_list":{"0":"post-34277","1":"product","2":"type-product","3":"status-publish","4":"has-post-thumbnail","6":"product_cat-uncategorized-fi","8":"first","9":"instock","10":"shipping-taxable","11":"purchasable","12":"product-type-simple"},"_links":{"self":[{"href":"https:\/\/nordicmart.andreevmaster.com\/fi\/wp-json\/wp\/v2\/product\/34277","targetHints":{"allow":["GET"]}}],"collection":[{"href":"https:\/\/nordicmart.andreevmaster.com\/fi\/wp-json\/wp\/v2\/product"}],"about":[{"href":"https:\/\/nordicmart.andreevmaster.com\/fi\/wp-json\/wp\/v2\/types\/product"}],"replies":[{"embeddable":true,"href":"https:\/\/nordicmart.andreevmaster.com\/fi\/wp-json\/wp\/v2\/comments?post=34277"}],"wp:featuredmedia":[{"embeddable":true,"href":"https:\/\/nordicmart.andreevmaster.com\/fi\/wp-json\/wp\/v2\/media\/43022"}],"wp:attachment":[{"href":"https:\/\/nordicmart.andreevmaster.com\/fi\/wp-json\/wp\/v2\/media?parent=34277"}],"wp:term":[{"taxonomy":"product_brand","embeddable":true,"href":"https:\/\/nordicmart.andreevmaster.com\/fi\/wp-json\/wp\/v2\/product_brand?post=34277"},{"taxonomy":"product_cat","embeddable":true,"href":"https:\/\/nordicmart.andreevmaster.com\/fi\/wp-json\/wp\/v2\/product_cat?post=34277"},{"taxonomy":"product_tag","embeddable":true,"href":"https:\/\/nordicmart.andreevmaster.com\/fi\/wp-json\/wp\/v2\/product_tag?post=34277"}],"curies":[{"name":"wp","href":"https:\/\/api.w.org\/{rel}","templated":true}]}}