{"id":34274,"date":"2026-02-27T00:25:02","date_gmt":"2026-02-27T00:25:02","guid":{"rendered":"https:\/\/nordicmart.andreevmaster.com\/product\/konsolipoyta-sohvapoyta-kapea-sisaankayntipoyta-sisaankayntipoyta-jossa-2-laatikkoa-avoin-sailytyshylly-pyoristetyt-kulmat-olohuoneeseen-boho-tyyli-kaurankeltainen-beige-u-2\/"},"modified":"2026-02-27T09:44:47","modified_gmt":"2026-02-27T09:44:47","slug":"konsolipoyta-sohvapoyta-kapea-sisaankayntipoyta-sisaankayntipoyta-jossa-2-laatikkoa-avoin-sailytyshylly-pyoristetyt-kulmat-olohuoneeseen-boho-tyyli-kaurankeltainen-beige-u-2","status":"publish","type":"product","link":"https:\/\/nordicmart.andreevmaster.com\/fi\/tuote\/konsolipoyta-sohvapoyta-kapea-sisaankayntipoyta-sisaankayntipoyta-jossa-2-laatikkoa-avoin-sailytyshylly-pyoristetyt-kulmat-olohuoneeseen-boho-tyyli-kaurankeltainen-beige-u-2\/","title":{"rendered":"Konsolip\u00f6yt\u00e4, sohvap\u00f6yt\u00e4, kapea sis\u00e4\u00e4nk\u00e4yntip\u00f6yt\u00e4, sis\u00e4\u00e4nk\u00e4yntip\u00f6yt\u00e4, jossa 2 laatikkoa, avoin s\u00e4ilytyshylly, py\u00f6ristetyt kulmat, olohuoneeseen, Boho-tyyli, kaurankeltainen beige U"},"content":{"rendered":"<p>[Kutsu boho-charmi sis\u00e4\u00e4n] T\u00e4m\u00e4 konsolip\u00f6yt\u00e4 huokuu boheemia tyylikkyytt\u00e4, sill\u00e4 sen beige s\u00e4vy muistuttaa luonnon elementtej\u00e4 ja PVC-rotanista valmistettu laatikon etuosa lis\u00e4\u00e4 tekstuuria. T\u00e4ydellinen modernin tilan parantamiseen tai boho-sisustuksen rikastuttamiseen.[Vankka rakenne] Premium MDF yhdistettyn\u00e4 korkealaatuiseen lastulevyyn ja kest\u00e4v\u00e4\u00e4n muoviseen rottinkiin muodostavat tukevan sohvap\u00f6yd\u00e4n, joka kest\u00e4\u00e4 mukavasti jopa 220 lb. Laita kirjat, lamput, ruukkukasvit tai valokuvakehykset siihen mielenrauhalla![Runsaasti s\u00e4ilytystilaa] S\u00e4ilyt\u00e4 j\u00e4rjestetty tila t\u00e4m\u00e4n kapean eteisp\u00f6yd\u00e4n avulla. Siin\u00e4 on suuri p\u00f6yt\u00e4levy, johon voit istuttaa usein k\u00e4ytetyt esineet tai n\u00e4ytt\u00e4\u00e4 koristeet, 2 suurta laatikkoa, joihin voit piilottaa yksityiset tavarat, ja avoin hylly kenki\u00e4 tai s\u00e4ilytyskoria varten.[Vaivaton huolto ja kokoonpano] Sile\u00e4 viilutettu MDF-pinta, joka on vedenkest\u00e4v\u00e4, tekee puhdistamisesta helppoa, pyyhi vain kostealla liinalla. My\u00f6s kokoaminen on vaivatonta selkeiden ohjeiden ja merkittyjen osien ansiosta. [Monipuolinen monitoimip\u00f6yt\u00e4] Sijoititpa t\u00e4m\u00e4n p\u00f6yd\u00e4n makuuhuoneeseen, olohuoneeseen, eteiseen, ty\u00f6huoneeseen, ruokasaliin tai jopa portaikon viereen, se sulautuu t\u00e4ydellisesti ja tarjoaa samalla tyylikk\u00e4\u00e4n n\u00e4ytt\u00e4m\u00f6n kuvakehysten, maljakoiden tai koristeiden esittelyyn.<\/p>\n<p>Tekniset tiedot:<br \/>\nV\u00e4rit: V\u00e4ri: V\u00e4rej\u00e4: V\u00e4rej\u00e4 ovat mm: Kauranv\u00e4rinen beige<br \/>\nMateriaali: MDF (keskitihe\u00e4 kuitulevy), lastulevy, PVC (polyvinyylikloridi) muovi.Tuotteen koko: 11,8 &#8221;D x 39,4 &#8221;W x 31,5 &#8221;H (30 x 100 x 80 cm).Tuotteen paino: 16,6 kg (36,6 lb)<br \/>\nKokonaismitoitus Max. Staattinen kuormituskapasiteetti: 100 kg (220 lb)<\/p>\n<p>Pakkauksen sis\u00e4lt\u00f6<br \/>\n1 x Konsolip\u00f6yt\u00e4<br \/>\n1 x lis\u00e4varustesarja<br \/>\n1 x Ohjeet<\/p>\n","protected":false},"excerpt":{"rendered":"<p>[Kutsu boho-charmi sis\u00e4\u00e4n] T\u00e4m\u00e4 konsolip\u00f6yt\u00e4 huokuu boheemia tyylikkyytt\u00e4, sill\u00e4 sen beige s\u00e4vy muistuttaa luonnon elementtej\u00e4 ja PVC-rotanista valmistettu laatikon etuosa lis\u00e4\u00e4 tekstuuria. T\u00e4ydellinen modernin tilan parantamiseen tai boho-sisustuksen rikastuttamiseen.[Vankka rakenne] Premium MDF yhdistettyn\u00e4 korkealaatuiseen lastulevyyn ja kest\u00e4v\u00e4\u00e4n muoviseen rottinkiin muodostavat tukevan sohvap\u00f6yd\u00e4n, joka kest\u00e4\u00e4 mukavasti jopa 220 lb. Laita kirjat, lamput, ruukkukasvit tai valokuvakehykset siihen [&hellip;]<\/p>\n","protected":false},"featured_media":0,"comment_status":"open","ping_status":"closed","template":"","meta":[],"product_brand":[],"product_cat":[32],"product_tag":[],"class_list":{"0":"post-34274","1":"product","2":"type-product","3":"status-publish","5":"product_cat-uncategorized-fi","7":"first","8":"instock","9":"shipping-taxable","10":"product-type-simple"},"_links":{"self":[{"href":"https:\/\/nordicmart.andreevmaster.com\/fi\/wp-json\/wp\/v2\/product\/34274","targetHints":{"allow":["GET"]}}],"collection":[{"href":"https:\/\/nordicmart.andreevmaster.com\/fi\/wp-json\/wp\/v2\/product"}],"about":[{"href":"https:\/\/nordicmart.andreevmaster.com\/fi\/wp-json\/wp\/v2\/types\/product"}],"replies":[{"embeddable":true,"href":"https:\/\/nordicmart.andreevmaster.com\/fi\/wp-json\/wp\/v2\/comments?post=34274"}],"wp:attachment":[{"href":"https:\/\/nordicmart.andreevmaster.com\/fi\/wp-json\/wp\/v2\/media?parent=34274"}],"wp:term":[{"taxonomy":"product_brand","embeddable":true,"href":"https:\/\/nordicmart.andreevmaster.com\/fi\/wp-json\/wp\/v2\/product_brand?post=34274"},{"taxonomy":"product_cat","embeddable":true,"href":"https:\/\/nordicmart.andreevmaster.com\/fi\/wp-json\/wp\/v2\/product_cat?post=34274"},{"taxonomy":"product_tag","embeddable":true,"href":"https:\/\/nordicmart.andreevmaster.com\/fi\/wp-json\/wp\/v2\/product_tag?post=34274"}],"curies":[{"name":"wp","href":"https:\/\/api.w.org\/{rel}","templated":true}]}}