{"id":34273,"date":"2026-02-27T00:25:02","date_gmt":"2026-02-27T00:25:02","guid":{"rendered":"https:\/\/nordicmart.andreevmaster.com\/product\/vasagle-konsolipoyta-avoin-hylly-boho-tyyli\/"},"modified":"2026-02-27T09:44:47","modified_gmt":"2026-02-27T09:44:47","slug":"vasagle-konsolipoyta-avoin-hylly-boho-tyyli","status":"publish","type":"product","link":"https:\/\/nordicmart.andreevmaster.com\/fi\/tuote\/vasagle-konsolipoyta-avoin-hylly-boho-tyyli\/","title":{"rendered":"VASAGLE konsolip\u00f6yt\u00e4, avoin hylly, boho-tyyli"},"content":{"rendered":"<p>VASAGLE konsolip\u00f6yt\u00e4, eteisp\u00f6yt\u00e4, eteiskaluste, kapea sohvap\u00f6yt\u00e4 olohuoneeseen, 2 laatikkoa, avoin hylly, py\u00f6ristetyt kulmat, boho-tyyli<br \/>\nV\u00e4ri: tuhkanmusta<br \/>\nMateriaali: MDF (keskitihe\u00e4 kuitulevy), lastulevy, PVC-muovi (polyvinyylikloridi)<br \/>\nKoko: 30 x 100 x 80 cm (S x L x K)<br \/>\nPaino: 16,6 kg<br \/>\nMaks. staattinen kokonaiskuormitus: 100 kg<\/p>\n","protected":false},"excerpt":{"rendered":"<p>VASAGLE konsolip\u00f6yt\u00e4, eteisp\u00f6yt\u00e4, eteiskaluste, kapea sohvap\u00f6yt\u00e4 olohuoneeseen, 2 laatikkoa, avoin hylly, py\u00f6ristetyt kulmat, boho-tyyli<\/p>\n","protected":false},"featured_media":43019,"comment_status":"open","ping_status":"closed","template":"","meta":[],"product_brand":[],"product_cat":[32],"product_tag":[],"class_list":{"0":"post-34273","1":"product","2":"type-product","3":"status-publish","4":"has-post-thumbnail","6":"product_cat-uncategorized-fi","8":"first","9":"instock","10":"shipping-taxable","11":"purchasable","12":"product-type-simple"},"_links":{"self":[{"href":"https:\/\/nordicmart.andreevmaster.com\/fi\/wp-json\/wp\/v2\/product\/34273","targetHints":{"allow":["GET"]}}],"collection":[{"href":"https:\/\/nordicmart.andreevmaster.com\/fi\/wp-json\/wp\/v2\/product"}],"about":[{"href":"https:\/\/nordicmart.andreevmaster.com\/fi\/wp-json\/wp\/v2\/types\/product"}],"replies":[{"embeddable":true,"href":"https:\/\/nordicmart.andreevmaster.com\/fi\/wp-json\/wp\/v2\/comments?post=34273"}],"wp:featuredmedia":[{"embeddable":true,"href":"https:\/\/nordicmart.andreevmaster.com\/fi\/wp-json\/wp\/v2\/media\/43019"}],"wp:attachment":[{"href":"https:\/\/nordicmart.andreevmaster.com\/fi\/wp-json\/wp\/v2\/media?parent=34273"}],"wp:term":[{"taxonomy":"product_brand","embeddable":true,"href":"https:\/\/nordicmart.andreevmaster.com\/fi\/wp-json\/wp\/v2\/product_brand?post=34273"},{"taxonomy":"product_cat","embeddable":true,"href":"https:\/\/nordicmart.andreevmaster.com\/fi\/wp-json\/wp\/v2\/product_cat?post=34273"},{"taxonomy":"product_tag","embeddable":true,"href":"https:\/\/nordicmart.andreevmaster.com\/fi\/wp-json\/wp\/v2\/product_tag?post=34273"}],"curies":[{"name":"wp","href":"https:\/\/api.w.org\/{rel}","templated":true}]}}