{"id":34269,"date":"2026-02-27T00:25:01","date_gmt":"2026-02-27T00:25:01","guid":{"rendered":"https:\/\/nordicmart.andreevmaster.com\/product\/vasagle-sohvapoydat-2-kpl-sivupoydat\/"},"modified":"2026-02-27T09:44:46","modified_gmt":"2026-02-27T09:44:46","slug":"vasagle-sohvapoydat-2-kpl-sivupoydat","status":"publish","type":"product","link":"https:\/\/nordicmart.andreevmaster.com\/fi\/tuote\/vasagle-sohvapoydat-2-kpl-sivupoydat\/","title":{"rendered":"VASAGLE Sohvap\u00f6yd\u00e4t 2 kpl sivup\u00f6yd\u00e4t"},"content":{"rendered":"<p>Tuotetiedot: &#8211; V\u00e4ri: vintage-ruskea-musta &#8211; Materiaali: lastulevy, ter\u00e4s &#8211; Suuren sohvap\u00f6yd\u00e4n koko: 60 x 38 x 47,5 cm (P x L x K) &#8211; Pienen sohvap\u00f6yd\u00e4n koko: 52 x 31,5 x 42,5 cm (P x L x K) &#8211; Kokonaispaino: 5,6 kg &#8211; Maks. staattinen kantavuus per p\u00f6yt\u00e4: 5 kg Toimitus sis\u00e4lt\u00e4\u00e4:- 2 x sohvap\u00f6yt\u00e4 &#8211; 1 x lis\u00e4varustepaketti &#8211; 1 x ohjeet (DE, EN, ES, FR, IT) VASAGLE Huomautukset: &#8211; Lapset eiv\u00e4t saa kiivet\u00e4 tuotteen p\u00e4\u00e4lle tai seist\u00e4 sen p\u00e4\u00e4ll\u00e4. &#8211; P\u00f6yd\u00e4n suurin staattinen kantavuus on 5 kg. \u00c4l\u00e4 ylit\u00e4 t\u00e4t\u00e4 enimm\u00e4ispainoa.<\/p>\n","protected":false},"excerpt":{"rendered":"<p>VASAGLE Sohvap\u00f6yd\u00e4t, 2 kpl sivup\u00f6yti\u00e4, olohuoneeseen, ruokailuhuoneeseen, makuuhuoneeseen, teollinen muotoilu, vintage-ruskea-musta LNT012B01<\/p>\n","protected":false},"featured_media":43015,"comment_status":"open","ping_status":"closed","template":"","meta":[],"product_brand":[],"product_cat":[32],"product_tag":[],"class_list":{"0":"post-34269","1":"product","2":"type-product","3":"status-publish","4":"has-post-thumbnail","6":"product_cat-uncategorized-fi","8":"first","9":"instock","10":"shipping-taxable","11":"purchasable","12":"product-type-simple"},"_links":{"self":[{"href":"https:\/\/nordicmart.andreevmaster.com\/fi\/wp-json\/wp\/v2\/product\/34269","targetHints":{"allow":["GET"]}}],"collection":[{"href":"https:\/\/nordicmart.andreevmaster.com\/fi\/wp-json\/wp\/v2\/product"}],"about":[{"href":"https:\/\/nordicmart.andreevmaster.com\/fi\/wp-json\/wp\/v2\/types\/product"}],"replies":[{"embeddable":true,"href":"https:\/\/nordicmart.andreevmaster.com\/fi\/wp-json\/wp\/v2\/comments?post=34269"}],"wp:featuredmedia":[{"embeddable":true,"href":"https:\/\/nordicmart.andreevmaster.com\/fi\/wp-json\/wp\/v2\/media\/43015"}],"wp:attachment":[{"href":"https:\/\/nordicmart.andreevmaster.com\/fi\/wp-json\/wp\/v2\/media?parent=34269"}],"wp:term":[{"taxonomy":"product_brand","embeddable":true,"href":"https:\/\/nordicmart.andreevmaster.com\/fi\/wp-json\/wp\/v2\/product_brand?post=34269"},{"taxonomy":"product_cat","embeddable":true,"href":"https:\/\/nordicmart.andreevmaster.com\/fi\/wp-json\/wp\/v2\/product_cat?post=34269"},{"taxonomy":"product_tag","embeddable":true,"href":"https:\/\/nordicmart.andreevmaster.com\/fi\/wp-json\/wp\/v2\/product_tag?post=34269"}],"curies":[{"name":"wp","href":"https:\/\/api.w.org\/{rel}","templated":true}]}}