{"id":34264,"date":"2026-02-27T00:24:59","date_gmt":"2026-02-27T00:24:59","guid":{"rendered":"https:\/\/nordicmart.andreevmaster.com\/product\/songmics-kenkahylly-5-ritilahyllya-savuharmaa\/"},"modified":"2026-02-27T09:44:45","modified_gmt":"2026-02-27T09:44:45","slug":"songmics-kenkahylly-5-ritilahyllya-savuharmaa","status":"publish","type":"product","link":"https:\/\/nordicmart.andreevmaster.com\/fi\/tuote\/songmics-kenkahylly-5-ritilahyllya-savuharmaa\/","title":{"rendered":"SONGMICS kenk\u00e4hylly 5 ritil\u00e4hylly\u00e4 savuharmaa"},"content":{"rendered":"<p>Ominaisuudet: V\u00e4ri: Antrasiitinharmaa Materiaali: Rauta Tuotteen mitat: 63 x 30 x 92 cm (P x L x K) Paino: 3,7 kg Maksimikantavuus tasoa kohti: 10 kg Toimitus: 1 x Kenk\u00e4hylly 1 x Asennussarja 1 x Asennusohjeet (FR, EN, DE, ES, IT) SONGMICS:n varotoimet: Turvallisuussyist\u00e4 asenna kaatumisenestokit, jos pinot useita hyllyj\u00e4 p\u00e4\u00e4llekk\u00e4in. Kaikki mainitut kantavuudet viittaavat suurimpaan staattiseen kantavuuteen.<\/p>\n","protected":false},"excerpt":{"rendered":"<p>SONGMICS kenk\u00e4hylly, 5 hylly\u00e4, pinottava kenk\u00e4organisaattori, 15\u201320 parille kenki\u00e4, kenkien s\u00e4ilytys, metallia, 63 x 30 x 92 cm (P x L x K), savuharmaa LMR85GC<\/p>\n","protected":false},"featured_media":43010,"comment_status":"open","ping_status":"closed","template":"","meta":[],"product_brand":[],"product_cat":[32],"product_tag":[],"class_list":{"0":"post-34264","1":"product","2":"type-product","3":"status-publish","4":"has-post-thumbnail","6":"product_cat-uncategorized-fi","8":"first","9":"instock","10":"shipping-taxable","11":"purchasable","12":"product-type-simple"},"_links":{"self":[{"href":"https:\/\/nordicmart.andreevmaster.com\/fi\/wp-json\/wp\/v2\/product\/34264","targetHints":{"allow":["GET"]}}],"collection":[{"href":"https:\/\/nordicmart.andreevmaster.com\/fi\/wp-json\/wp\/v2\/product"}],"about":[{"href":"https:\/\/nordicmart.andreevmaster.com\/fi\/wp-json\/wp\/v2\/types\/product"}],"replies":[{"embeddable":true,"href":"https:\/\/nordicmart.andreevmaster.com\/fi\/wp-json\/wp\/v2\/comments?post=34264"}],"wp:featuredmedia":[{"embeddable":true,"href":"https:\/\/nordicmart.andreevmaster.com\/fi\/wp-json\/wp\/v2\/media\/43010"}],"wp:attachment":[{"href":"https:\/\/nordicmart.andreevmaster.com\/fi\/wp-json\/wp\/v2\/media?parent=34264"}],"wp:term":[{"taxonomy":"product_brand","embeddable":true,"href":"https:\/\/nordicmart.andreevmaster.com\/fi\/wp-json\/wp\/v2\/product_brand?post=34264"},{"taxonomy":"product_cat","embeddable":true,"href":"https:\/\/nordicmart.andreevmaster.com\/fi\/wp-json\/wp\/v2\/product_cat?post=34264"},{"taxonomy":"product_tag","embeddable":true,"href":"https:\/\/nordicmart.andreevmaster.com\/fi\/wp-json\/wp\/v2\/product_tag?post=34264"}],"curies":[{"name":"wp","href":"https:\/\/api.w.org\/{rel}","templated":true}]}}