{"id":34263,"date":"2026-02-27T00:24:59","date_gmt":"2026-02-27T00:24:59","guid":{"rendered":"https:\/\/nordicmart.andreevmaster.com\/product\/songmics-kenkahylly-4-ritilahyllya-savuharmaa\/"},"modified":"2026-02-27T09:44:45","modified_gmt":"2026-02-27T09:44:45","slug":"songmics-kenkahylly-4-ritilahyllya-savuharmaa","status":"publish","type":"product","link":"https:\/\/nordicmart.andreevmaster.com\/fi\/tuote\/songmics-kenkahylly-4-ritilahyllya-savuharmaa\/","title":{"rendered":"SONGMICS kenk\u00e4hylly 4 ritil\u00e4hylly\u00e4 savuharmaa"},"content":{"rendered":"<p>Kuinka s\u00e4ilyt\u00e4t kenk\u00e4si? J\u00e4t\u00e4tk\u00f6 ne lojumaan eteiseen tai piilotatko ne s\u00e4ngyn alle? Jos n\u00e4in on, on aika tutustua kenk\u00e4hyllyymme.Seuraa sinua monien vuosien ajan: Verrattuna ep\u00e4vakaisiin kenk\u00e4hyllyihin, jotka menett\u00e4v\u00e4t vakauden ajan my\u00f6t\u00e4, kenk\u00e4hyllymme antaa kengillesi vahvemman tuen \u2013 voit huoletta s\u00e4ilytt\u00e4\u00e4 siin\u00e4 saappaasi, lenkkarisi ja korkokenk\u00e4si! Enemm\u00e4n mahdollisuuksia joustavuuden ansiosta: Tilaa s\u00e4\u00e4st\u00e4v\u00e4 ja pinottava \u2013 miksi et tilaisi heti kahta t\u00e4llaista kenk\u00e4hylly\u00e4? N\u00e4in saat suuren hyllyj\u00e4rjestelm\u00e4n ja voit luoda lis\u00e4\u00e4 s\u00e4ilytystilaa kotiisi. Hyllylle mahtuu paitsi kenk\u00e4si my\u00f6s kasvit ja koriste-esineet. T\u00e4m\u00e4n k\u00e4yt\u00e4nn\u00f6llisen huonekalun avulla saat kotisi kuntoon ja annat sille samalla koristeellisen ilmeen! Tuotetiedot:V\u00e4ri: savuharmaa Materiaali: rauta Koko: 63 x 30 x 72 cm (P x L x K) Paino: 3,1 kg Maks. staattinen kantavuus per taso: 10 kg Toimitus sis\u00e4lt\u00e4\u00e4: 1 x lis\u00e4varustepussi 1 x ohjeet (DE, EN, FR, ES, IT) SONGMICS-ohjeet:Kiinnit\u00e4 tuote sein\u00e4\u00e4n mukana toimitetulla kaatumissuojalla, jos pinot useita hyllyj\u00e4 p\u00e4\u00e4llekk\u00e4in. Tekstiss\u00e4 mainittu maks. kantavuus viittaa staattiseen maksimipainoon.<\/p>\n","protected":false},"excerpt":{"rendered":"<p>SONGMICS kenk\u00e4hylly, 4 hylly\u00e4, pinottava kenk\u00e4organisaattori, 12\u201316 parille kenki\u00e4, kenkien s\u00e4ilytys, metallia, 63 x 30 x 72 cm (P x L x K), savuharmaa LMR84GC<\/p>\n","protected":false},"featured_media":43009,"comment_status":"open","ping_status":"closed","template":"","meta":[],"product_brand":[],"product_cat":[32],"product_tag":[],"class_list":{"0":"post-34263","1":"product","2":"type-product","3":"status-publish","4":"has-post-thumbnail","6":"product_cat-uncategorized-fi","8":"first","9":"instock","10":"shipping-taxable","11":"purchasable","12":"product-type-simple"},"_links":{"self":[{"href":"https:\/\/nordicmart.andreevmaster.com\/fi\/wp-json\/wp\/v2\/product\/34263","targetHints":{"allow":["GET"]}}],"collection":[{"href":"https:\/\/nordicmart.andreevmaster.com\/fi\/wp-json\/wp\/v2\/product"}],"about":[{"href":"https:\/\/nordicmart.andreevmaster.com\/fi\/wp-json\/wp\/v2\/types\/product"}],"replies":[{"embeddable":true,"href":"https:\/\/nordicmart.andreevmaster.com\/fi\/wp-json\/wp\/v2\/comments?post=34263"}],"wp:featuredmedia":[{"embeddable":true,"href":"https:\/\/nordicmart.andreevmaster.com\/fi\/wp-json\/wp\/v2\/media\/43009"}],"wp:attachment":[{"href":"https:\/\/nordicmart.andreevmaster.com\/fi\/wp-json\/wp\/v2\/media?parent=34263"}],"wp:term":[{"taxonomy":"product_brand","embeddable":true,"href":"https:\/\/nordicmart.andreevmaster.com\/fi\/wp-json\/wp\/v2\/product_brand?post=34263"},{"taxonomy":"product_cat","embeddable":true,"href":"https:\/\/nordicmart.andreevmaster.com\/fi\/wp-json\/wp\/v2\/product_cat?post=34263"},{"taxonomy":"product_tag","embeddable":true,"href":"https:\/\/nordicmart.andreevmaster.com\/fi\/wp-json\/wp\/v2\/product_tag?post=34263"}],"curies":[{"name":"wp","href":"https:\/\/api.w.org\/{rel}","templated":true}]}}