{"id":34262,"date":"2026-02-27T00:24:59","date_gmt":"2026-02-27T00:24:59","guid":{"rendered":"https:\/\/nordicmart.andreevmaster.com\/product\/songmics-kenkateline-3-tiheasti-punottua-ritilatasoa\/"},"modified":"2026-02-27T09:44:44","modified_gmt":"2026-02-27T09:44:44","slug":"songmics-kenkateline-3-tiheasti-punottua-ritilatasoa","status":"publish","type":"product","link":"https:\/\/nordicmart.andreevmaster.com\/fi\/tuote\/songmics-kenkateline-3-tiheasti-punottua-ritilatasoa\/","title":{"rendered":"SONGMICS kenk\u00e4teline 3 tihe\u00e4sti punottua ritil\u00e4tasoa"},"content":{"rendered":"<p>Teollinen muotoilu vesiputkilla Karhea, mattamusta pinta tuo hyllyyn hieman tehdashenkist\u00e4 tyylikkyytt\u00e4. Tihe\u00e4 metalliverkko Tihe\u00e4 metalliverkko est\u00e4\u00e4 pieni\u00e4 esineit\u00e4 putoamasta hyllylt\u00e4. Jopa korkokeng\u00e4t ovat turvassa. Helppo asennus K\u00e4yt\u00e4 mukana toimitettua kuusiokoloavainta ja ruuvaa 3 hyllytasoa kiinni molemmille sivukehyksille \u2013 ja huonekalu on k\u00e4ytt\u00f6valmis! Tuotetiedot:V\u00e4ri: mattamusta Materiaali: rauta Koko: 71,5 x 30,5 x 54,5 cm (P x L x K) Nettopaino: 3,2 kg Maks. kantavuus tasoa kohti: 10 kg Toimitus sis\u00e4lt\u00e4\u00e4: 1 x kenk\u00e4hylly 1 x lis\u00e4varustepussi 1 x ohjeet (DE, IT, FR, EN, ES)<\/p>\n","protected":false},"excerpt":{"rendered":"<p>SONGMICS 3-tasoinen kenk\u00e4hylly, 9\u201312 parille kenki\u00e4, s\u00e4\u00e4dett\u00e4v\u00e4 hylly, teollinen muotoilu, kenkien s\u00e4ilytys, kasvit, koristeet, metalli, mattamusta LMR53BK<\/p>\n","protected":false},"featured_media":43008,"comment_status":"open","ping_status":"closed","template":"","meta":[],"product_brand":[],"product_cat":[32],"product_tag":[],"class_list":{"0":"post-34262","1":"product","2":"type-product","3":"status-publish","4":"has-post-thumbnail","6":"product_cat-uncategorized-fi","8":"first","9":"instock","10":"shipping-taxable","11":"purchasable","12":"product-type-simple"},"_links":{"self":[{"href":"https:\/\/nordicmart.andreevmaster.com\/fi\/wp-json\/wp\/v2\/product\/34262","targetHints":{"allow":["GET"]}}],"collection":[{"href":"https:\/\/nordicmart.andreevmaster.com\/fi\/wp-json\/wp\/v2\/product"}],"about":[{"href":"https:\/\/nordicmart.andreevmaster.com\/fi\/wp-json\/wp\/v2\/types\/product"}],"replies":[{"embeddable":true,"href":"https:\/\/nordicmart.andreevmaster.com\/fi\/wp-json\/wp\/v2\/comments?post=34262"}],"wp:featuredmedia":[{"embeddable":true,"href":"https:\/\/nordicmart.andreevmaster.com\/fi\/wp-json\/wp\/v2\/media\/43008"}],"wp:attachment":[{"href":"https:\/\/nordicmart.andreevmaster.com\/fi\/wp-json\/wp\/v2\/media?parent=34262"}],"wp:term":[{"taxonomy":"product_brand","embeddable":true,"href":"https:\/\/nordicmart.andreevmaster.com\/fi\/wp-json\/wp\/v2\/product_brand?post=34262"},{"taxonomy":"product_cat","embeddable":true,"href":"https:\/\/nordicmart.andreevmaster.com\/fi\/wp-json\/wp\/v2\/product_cat?post=34262"},{"taxonomy":"product_tag","embeddable":true,"href":"https:\/\/nordicmart.andreevmaster.com\/fi\/wp-json\/wp\/v2\/product_tag?post=34262"}],"curies":[{"name":"wp","href":"https:\/\/api.w.org\/{rel}","templated":true}]}}