{"id":34261,"date":"2026-02-27T00:24:58","date_gmt":"2026-02-27T00:24:58","guid":{"rendered":"https:\/\/nordicmart.andreevmaster.com\/product\/vasagle-teollinen-muotoilu-kenkapenkki\/"},"modified":"2026-02-27T09:44:44","modified_gmt":"2026-02-27T09:44:44","slug":"vasagle-teollinen-muotoilu-kenkapenkki","status":"publish","type":"product","link":"https:\/\/nordicmart.andreevmaster.com\/fi\/tuote\/vasagle-teollinen-muotoilu-kenkapenkki\/","title":{"rendered":"VASAGLE Teollinen muotoilu Kenk\u00e4penkki"},"content":{"rendered":"<p>Monissa asunnoissa eteinen ei ole erityisen suuri. Jotta voit silti luoda siistin ja tyylikk\u00e4\u00e4n alueen kengille ja laukkuille, tarvitset hyv\u00e4n silm\u00e4n sisustuskysymyksiss\u00e4.  Koska sinulla on ep\u00e4ilem\u00e4tt\u00e4 t\u00e4m\u00e4 silm\u00e4, tarvitset vain tilaa s\u00e4\u00e4st\u00e4vi\u00e4 ja tyylikk\u00e4it\u00e4 huonekaluja, kuten t\u00e4m\u00e4n teollisen muotoilun kenk\u00e4penkin. Ideapankkimme T\u00e4m\u00e4 huonekalu on tietysti tarkoitettu kenk\u00e4penkiksi eteiseen j\u00e4rjestyksen luomiseksi. Mutta my\u00f6s muut huoneet voidaan sisustaa t\u00e4ll\u00e4 joustavalla hyllyll\u00e4: &#8211; Aseta se olohuoneeseen sohvan viereen ja laita sen p\u00e4\u00e4lle ruukkukasvit, televisio-ohjelma tai kahvikuppi &#8211; K\u00e4yt\u00e4 sit\u00e4 k\u00e4yt\u00e4nn\u00f6llisen\u00e4 penkkin\u00e4 harrastushuoneessa ja s\u00e4ilyt\u00e4 ty\u00f6kalusi t\u00e4ll\u00e4 tukevalla huonekalulla (kantavuus 90 kg) &#8211; Kompaktien mittojensa ansiosta kenk\u00e4hylly mahtuu my\u00f6s vaatehuoneeseen, jossa se auttaa pit\u00e4m\u00e4\u00e4n kenk\u00e4kaoksen hallinnassa. Sinulla on varmasti viel\u00e4 monia muita ideoita. Inspiroi meit\u00e4 ja muita ihmisi\u00e4 kekseli\u00e4isyydell\u00e4si ja julkaise muutama valokuva kommenteissa. Tuotetiedot: &#8211; V\u00e4ri: vintage &#8211; Materiaali: lastulevy, rautakehys &#8211; Koko: 66 x 47,5 x 30 cm (L x K x S) &#8211; Paino: 5 kg &#8211; Maks. kantavuus: 90 kg Toimitus sis\u00e4lt\u00e4\u00e4: &#8211; 1 x kenk\u00e4penkki &#8211; 1 x tarvikepussi &#8211; 1 x ohjeet (DE, EN, FR, ES., IT) VASAGLE Huomautukset: &#8211; Lapset eiv\u00e4t saa kiivet\u00e4 tuotteen p\u00e4\u00e4lle tai seist\u00e4 sen p\u00e4\u00e4ll\u00e4. Alle 6-vuotiaat lapset saavat k\u00e4ytt\u00e4\u00e4 penkki\u00e4 vain aikuisen valvonnassa. &#8211; Pyyhi tuote p\u00e4ivitt\u00e4in kostealla liinalla. &#8211; Tuote on tarkoitettu vain sis\u00e4k\u00e4ytt\u00f6\u00f6n.<\/p>\n","protected":false},"excerpt":{"rendered":"<p>VASAGLE kenk\u00e4penkki, kenk\u00e4kaappi teollisessa designissa, kenk\u00e4hylly 2 ritil\u00e4hyllyll\u00e4, py\u00f6ristetty runko, helppo asentaa, vakaa, tilaa s\u00e4\u00e4st\u00e4v\u00e4, kapea, puun n\u00e4k\u00f6inen, vintage LMR32BX<\/p>\n","protected":false},"featured_media":43007,"comment_status":"open","ping_status":"closed","template":"","meta":[],"product_brand":[],"product_cat":[32],"product_tag":[],"class_list":{"0":"post-34261","1":"product","2":"type-product","3":"status-publish","4":"has-post-thumbnail","6":"product_cat-uncategorized-fi","8":"first","9":"instock","10":"shipping-taxable","11":"purchasable","12":"product-type-simple"},"_links":{"self":[{"href":"https:\/\/nordicmart.andreevmaster.com\/fi\/wp-json\/wp\/v2\/product\/34261","targetHints":{"allow":["GET"]}}],"collection":[{"href":"https:\/\/nordicmart.andreevmaster.com\/fi\/wp-json\/wp\/v2\/product"}],"about":[{"href":"https:\/\/nordicmart.andreevmaster.com\/fi\/wp-json\/wp\/v2\/types\/product"}],"replies":[{"embeddable":true,"href":"https:\/\/nordicmart.andreevmaster.com\/fi\/wp-json\/wp\/v2\/comments?post=34261"}],"wp:featuredmedia":[{"embeddable":true,"href":"https:\/\/nordicmart.andreevmaster.com\/fi\/wp-json\/wp\/v2\/media\/43007"}],"wp:attachment":[{"href":"https:\/\/nordicmart.andreevmaster.com\/fi\/wp-json\/wp\/v2\/media?parent=34261"}],"wp:term":[{"taxonomy":"product_brand","embeddable":true,"href":"https:\/\/nordicmart.andreevmaster.com\/fi\/wp-json\/wp\/v2\/product_brand?post=34261"},{"taxonomy":"product_cat","embeddable":true,"href":"https:\/\/nordicmart.andreevmaster.com\/fi\/wp-json\/wp\/v2\/product_cat?post=34261"},{"taxonomy":"product_tag","embeddable":true,"href":"https:\/\/nordicmart.andreevmaster.com\/fi\/wp-json\/wp\/v2\/product_tag?post=34261"}],"curies":[{"name":"wp","href":"https:\/\/api.w.org\/{rel}","templated":true}]}}