{"id":34260,"date":"2026-02-27T00:24:58","date_gmt":"2026-02-27T00:24:58","guid":{"rendered":"https:\/\/nordicmart.andreevmaster.com\/product\/songmics-teollisuussuunnittelun-kenkahylly-5-hyllya\/"},"modified":"2026-02-27T09:44:44","modified_gmt":"2026-02-27T09:44:44","slug":"songmics-teollisuussuunnittelun-kenkahylly-5-hyllya","status":"publish","type":"product","link":"https:\/\/nordicmart.andreevmaster.com\/fi\/tuote\/songmics-teollisuussuunnittelun-kenkahylly-5-hyllya\/","title":{"rendered":"SONGMICS teollisuussuunnittelun kenk\u00e4hylly, 5 hylly\u00e4"},"content":{"rendered":"<p>Harmoninen tyyli T\u00e4m\u00e4 SONGMICS:n 5-tasoinen hylly, joka on valmistettu jauhemaalatusta metallirungosta ja MDF-hyllyist\u00e4, yhdist\u00e4\u00e4 t\u00e4ydellisesti rustiikkisen charmin ja urbaanin designin, mik\u00e4 huipentuu klassiseen teolliseen tyyliin. T\u00e4m\u00e4 keskikokoinen hylly (71 x 30,5 x 91 cm) sopii erinomaisesti mihin tahansa moderniin huoneeseen \u2013 olohuoneeseen, eteiseen tai vaatehuoneeseen \u2013 mutta my\u00f6s ulos terassille. Lis\u00e4\u00e4 vaihtoehtoja onnellisempaan kotiin Kahden korkeuss\u00e4\u00e4dett\u00e4v\u00e4n hyllyn (2. ja 4. taso) ja mahdollisuuden yhdist\u00e4\u00e4 kaksi tai useampia hyllyj\u00e4 toisiinsa ansiosta sinulla on monia mahdollisuuksia j\u00e4rjest\u00e4\u00e4 huoneesi toiveidesi mukaan ja silti sisustaa se tyylikk\u00e4\u00e4sti \u2013 lopulta saat tyylikk\u00e4\u00e4n ja siistin kodin, jossa on hieman enemm\u00e4n charmia! Tuotetiedot: &#8211; V\u00e4ri: mattamusta &#8211; Materiaali: jauhemaalatut rautaputket, MDF &#8211; Tuotteen koko: 71 x 30,5 x 91 cm (L x S x K) &#8211; Hyllyjen v\u00e4linen et\u00e4isyys: 17 cm (korkeus ei s\u00e4\u00e4dett\u00e4viss\u00e4); 12\/22 cm (s\u00e4\u00e4dett\u00e4v\u00e4 korkeus) &#8211; Paino: 7,1 kg &#8211; Kunkin tason enimm\u00e4iskuormitus: 20 kg  Toimitus sis\u00e4lt\u00e4\u00e4: &#8211; 1 x kenk\u00e4hylly &#8211; 1 x ohjeet (DE, EN, FR, ES, IT)<\/p>\n","protected":false},"excerpt":{"rendered":"<p>SONGMICS 5-tasoinen kenk\u00e4hylly, avoin varastohylly, korkeuss\u00e4\u00e4dett\u00e4v\u00e4t hyllyt, teollinen muotoilu, kengille, kasveille, kirjoille, koriste-esineille, mattamusta LMR25BX<\/p>\n","protected":false},"featured_media":43006,"comment_status":"open","ping_status":"closed","template":"","meta":[],"product_brand":[],"product_cat":[32],"product_tag":[],"class_list":{"0":"post-34260","1":"product","2":"type-product","3":"status-publish","4":"has-post-thumbnail","6":"product_cat-uncategorized-fi","8":"first","9":"instock","10":"shipping-taxable","11":"purchasable","12":"product-type-simple"},"_links":{"self":[{"href":"https:\/\/nordicmart.andreevmaster.com\/fi\/wp-json\/wp\/v2\/product\/34260","targetHints":{"allow":["GET"]}}],"collection":[{"href":"https:\/\/nordicmart.andreevmaster.com\/fi\/wp-json\/wp\/v2\/product"}],"about":[{"href":"https:\/\/nordicmart.andreevmaster.com\/fi\/wp-json\/wp\/v2\/types\/product"}],"replies":[{"embeddable":true,"href":"https:\/\/nordicmart.andreevmaster.com\/fi\/wp-json\/wp\/v2\/comments?post=34260"}],"wp:featuredmedia":[{"embeddable":true,"href":"https:\/\/nordicmart.andreevmaster.com\/fi\/wp-json\/wp\/v2\/media\/43006"}],"wp:attachment":[{"href":"https:\/\/nordicmart.andreevmaster.com\/fi\/wp-json\/wp\/v2\/media?parent=34260"}],"wp:term":[{"taxonomy":"product_brand","embeddable":true,"href":"https:\/\/nordicmart.andreevmaster.com\/fi\/wp-json\/wp\/v2\/product_brand?post=34260"},{"taxonomy":"product_cat","embeddable":true,"href":"https:\/\/nordicmart.andreevmaster.com\/fi\/wp-json\/wp\/v2\/product_cat?post=34260"},{"taxonomy":"product_tag","embeddable":true,"href":"https:\/\/nordicmart.andreevmaster.com\/fi\/wp-json\/wp\/v2\/product_tag?post=34260"}],"curies":[{"name":"wp","href":"https:\/\/api.w.org\/{rel}","templated":true}]}}