{"id":34259,"date":"2026-02-27T00:24:58","date_gmt":"2026-02-27T00:24:58","guid":{"rendered":"https:\/\/nordicmart.andreevmaster.com\/product\/songmics-kenkahylly-3-hyllya\/"},"modified":"2026-02-27T09:44:44","modified_gmt":"2026-02-27T09:44:44","slug":"songmics-kenkahylly-3-hyllya","status":"publish","type":"product","link":"https:\/\/nordicmart.andreevmaster.com\/fi\/tuote\/songmics-kenkahylly-3-hyllya\/","title":{"rendered":"SONGMICS kenk\u00e4hylly, 3 hylly\u00e4"},"content":{"rendered":"<p>Ep\u00e4siisteisten kenk\u00e4kasojen p\u00e4iv\u00e4t eteisess\u00e4 ovat ohi. Sijoita saappaat, lenkkarit ja muut keng\u00e4t t\u00e4h\u00e4n yksinkertaiseen ja helppok\u00e4ytt\u00f6iseen 3-tasoiseen kenk\u00e4hyllyyn sen sijaan, ett\u00e4 kasaisit ne nurkkaan. Kest\u00e4\u00e4 vuosia: Jokainen kolmesta hyllyst\u00e4 on valmistettu tukevasta metalliverkosta ja vahvistettu lis\u00e4palkilla, mik\u00e4 antaa hyllylle suuren kantavuuden (jopa 10 kg per hylly). S\u00e4ilyt\u00e4 tavarasi t\u00e4ll\u00e4 hyllyll\u00e4 ja luo lis\u00e4\u00e4 j\u00e4rjestyst\u00e4 kotiisi. Vieh\u00e4tt\u00e4v\u00e4 kaikkialla: viile\u00e4 metalli, mattamusta pinta, ainutlaatuinen ritil\u00e4 \u2013 n\u00e4m\u00e4 elementit antavat hyllylle modernin teollisen tyylin. Se sopii t\u00e4ydellisesti olohuoneeseen, pukeutumishuoneeseen, kylpyhuoneeseen tai eteiseen ja antaa huoneillesi uuden ilmeen.Tuotetiedot: V\u00e4ri: musta Materiaali: ter\u00e4s Koko: 68,5 x 30 x 53 cm (P x L x K) Nettopaino: 2,4 kg Maks. staattinen kantavuus hylly\u00e4 kohti: 10 kg Toimitus sis\u00e4lt\u00e4\u00e4: 1 x kenk\u00e4hylly 1 x lis\u00e4varustepussi 1 x ohjeet (DE, EN, FR, ES, IT) SONGMICS-ohjeet:Kiinnit\u00e4 tuote sein\u00e4\u00e4n kaatumissuojalla, jos pinot useita hyllyj\u00e4 p\u00e4\u00e4llekk\u00e4in. Tekstiss\u00e4 mainittu maks. kantavuus viittaa staattiseen maksimipainoon.<\/p>\n","protected":false},"excerpt":{"rendered":"<p>SONGMICS kenk\u00e4hylly 3 hyllyll\u00e4, kenk\u00e4hylly, pinottava, kenkien s\u00e4ilytys, 9\u201312 parille kenki\u00e4, metallinen kenk\u00e4teline, eteinen, olohuone tai kylpyhuone, musta LMR17BK<\/p>\n","protected":false},"featured_media":43005,"comment_status":"open","ping_status":"closed","template":"","meta":[],"product_brand":[],"product_cat":[32],"product_tag":[],"class_list":{"0":"post-34259","1":"product","2":"type-product","3":"status-publish","4":"has-post-thumbnail","6":"product_cat-uncategorized-fi","8":"first","9":"instock","10":"shipping-taxable","11":"purchasable","12":"product-type-simple"},"_links":{"self":[{"href":"https:\/\/nordicmart.andreevmaster.com\/fi\/wp-json\/wp\/v2\/product\/34259","targetHints":{"allow":["GET"]}}],"collection":[{"href":"https:\/\/nordicmart.andreevmaster.com\/fi\/wp-json\/wp\/v2\/product"}],"about":[{"href":"https:\/\/nordicmart.andreevmaster.com\/fi\/wp-json\/wp\/v2\/types\/product"}],"replies":[{"embeddable":true,"href":"https:\/\/nordicmart.andreevmaster.com\/fi\/wp-json\/wp\/v2\/comments?post=34259"}],"wp:featuredmedia":[{"embeddable":true,"href":"https:\/\/nordicmart.andreevmaster.com\/fi\/wp-json\/wp\/v2\/media\/43005"}],"wp:attachment":[{"href":"https:\/\/nordicmart.andreevmaster.com\/fi\/wp-json\/wp\/v2\/media?parent=34259"}],"wp:term":[{"taxonomy":"product_brand","embeddable":true,"href":"https:\/\/nordicmart.andreevmaster.com\/fi\/wp-json\/wp\/v2\/product_brand?post=34259"},{"taxonomy":"product_cat","embeddable":true,"href":"https:\/\/nordicmart.andreevmaster.com\/fi\/wp-json\/wp\/v2\/product_cat?post=34259"},{"taxonomy":"product_tag","embeddable":true,"href":"https:\/\/nordicmart.andreevmaster.com\/fi\/wp-json\/wp\/v2\/product_tag?post=34259"}],"curies":[{"name":"wp","href":"https:\/\/api.w.org\/{rel}","templated":true}]}}