{"id":34257,"date":"2026-02-27T00:24:57","date_gmt":"2026-02-27T00:24:57","guid":{"rendered":"https:\/\/nordicmart.andreevmaster.com\/product\/songmics-pinottava-kenkateline-3-tasoa\/"},"modified":"2026-02-27T09:44:44","modified_gmt":"2026-02-27T09:44:44","slug":"songmics-pinottava-kenkateline-3-tasoa","status":"publish","type":"product","link":"https:\/\/nordicmart.andreevmaster.com\/fi\/tuote\/songmics-pinottava-kenkateline-3-tasoa\/","title":{"rendered":"SONGMICS Pinottava kenk\u00e4teline 3 tasoa"},"content":{"rendered":"<p>Mit\u00e4 t\u00e4m\u00e4 SONGMICS:n s\u00e4\u00e4dett\u00e4v\u00e4 DIY-keng\u00e4hylly tarjoaa? Kenkien s\u00e4ilytysj\u00e4rjestelm\u00e4, jolla on hyv\u00e4 kantavuus Keng\u00e4hylly on vakaa ja kest\u00e4v\u00e4, sill\u00e4 se koostuu integroiduista metallisista sivurungoista ja synteettisest\u00e4 hartsista valmistetuista hyllyist\u00e4. Lamellipohjat takaavat tarvittavan ilmanvaihdon. S\u00e4\u00e4dett\u00e4v\u00e4, pinottava ja laajennettava T\u00e4ss\u00e4 3-tasoisessa kenk\u00e4hyllyss\u00e4 on s\u00e4\u00e4dett\u00e4v\u00e4t hyllyt tasaisille kengille, saappaille, korkokengille ja lasten kengille. Kaksi sarjaa voidaan pinota tai sijoittaa vierekk\u00e4in, jolloin saadaan tilava kenk\u00e4hylly, joka sopii tilaanne. Monipuolinen s\u00e4ilytyshylly Voit sijoittaa t\u00e4m\u00e4n hyllyn mihin tahansa, esimerkiksi eteiseen, kaappiin, autotalliin, olohuoneeseen tai makuuhuoneeseen, mutta my\u00f6s kuivamuonien, kirjojen, pelien, lelujen, askartelutarvikkeiden jne. s\u00e4ilytyspaikaksi. L\u00f6yd\u00e4tk\u00f6 muita k\u00e4ytt\u00f6tarkoituksia? Varmista itse t\u00e4m\u00e4n monipuolisen SONGMICS-keng\u00e4hyllyn edut. Tuotetiedot: &#8211; V\u00e4ri: musta, vintage &#8211; Materiaali: jauhemaalatut rautaputket, hyllyt synteettisest\u00e4 hartsista &#8211; Koko: 68,5 x 31 x 56 cm (P x L x K) &#8211; Paino: 4,3 kg &#8211; Maks. staattinen kantavuus per taso: 10 kg Toimitus sis\u00e4lt\u00e4\u00e4: &#8211; 1 x kenk\u00e4hylly &#8211; 1 x ohjeet (DE, EN, FR, ES, IT) SONGMICS-huomautukset: &#8211; \u00c4l\u00e4 istu tuotteen p\u00e4\u00e4lle \u00e4l\u00e4k\u00e4 aseta sen p\u00e4\u00e4lle painavia esineit\u00e4.<\/p>\n","protected":false},"excerpt":{"rendered":"<p>SONGMICS 3-tasoinen kenk\u00e4hylly, pinottava ja laajennettava, s\u00e4\u00e4dett\u00e4v\u00e4t hyllytasot, kenk\u00e4hylly metallikehyksell\u00e4 LMR13BX<\/p>\n","protected":false},"featured_media":43003,"comment_status":"open","ping_status":"closed","template":"","meta":[],"product_brand":[],"product_cat":[32],"product_tag":[],"class_list":{"0":"post-34257","1":"product","2":"type-product","3":"status-publish","4":"has-post-thumbnail","6":"product_cat-uncategorized-fi","8":"first","9":"instock","10":"shipping-taxable","11":"purchasable","12":"product-type-simple"},"_links":{"self":[{"href":"https:\/\/nordicmart.andreevmaster.com\/fi\/wp-json\/wp\/v2\/product\/34257","targetHints":{"allow":["GET"]}}],"collection":[{"href":"https:\/\/nordicmart.andreevmaster.com\/fi\/wp-json\/wp\/v2\/product"}],"about":[{"href":"https:\/\/nordicmart.andreevmaster.com\/fi\/wp-json\/wp\/v2\/types\/product"}],"replies":[{"embeddable":true,"href":"https:\/\/nordicmart.andreevmaster.com\/fi\/wp-json\/wp\/v2\/comments?post=34257"}],"wp:featuredmedia":[{"embeddable":true,"href":"https:\/\/nordicmart.andreevmaster.com\/fi\/wp-json\/wp\/v2\/media\/43003"}],"wp:attachment":[{"href":"https:\/\/nordicmart.andreevmaster.com\/fi\/wp-json\/wp\/v2\/media?parent=34257"}],"wp:term":[{"taxonomy":"product_brand","embeddable":true,"href":"https:\/\/nordicmart.andreevmaster.com\/fi\/wp-json\/wp\/v2\/product_brand?post=34257"},{"taxonomy":"product_cat","embeddable":true,"href":"https:\/\/nordicmart.andreevmaster.com\/fi\/wp-json\/wp\/v2\/product_cat?post=34257"},{"taxonomy":"product_tag","embeddable":true,"href":"https:\/\/nordicmart.andreevmaster.com\/fi\/wp-json\/wp\/v2\/product_tag?post=34257"}],"curies":[{"name":"wp","href":"https:\/\/api.w.org\/{rel}","templated":true}]}}