{"id":34253,"date":"2026-02-27T00:24:56","date_gmt":"2026-02-27T00:24:56","guid":{"rendered":"https:\/\/nordicmart.andreevmaster.com\/product\/songmics-kenkahylly-12-hyllya\/"},"modified":"2026-02-27T09:44:43","modified_gmt":"2026-02-27T09:44:43","slug":"songmics-kenkahylly-12-hyllya","status":"publish","type":"product","link":"https:\/\/nordicmart.andreevmaster.com\/fi\/tuote\/songmics-kenkahylly-12-hyllya\/","title":{"rendered":"SONGMICS kenk\u00e4hylly, 12 hylly\u00e4"},"content":{"rendered":"<p>Kenk\u00e4hylly, sinun p\u00e4\u00e4t\u00f6s: Haluatko pinota n\u00e4m\u00e4 kaksi pient\u00e4 hylly\u00e4 p\u00e4\u00e4llekk\u00e4in tilan s\u00e4\u00e4st\u00e4miseksi? Vai haluatko k\u00e4ytt\u00e4\u00e4 niit\u00e4 erikseen eri huoneissa? P\u00e4\u00e4t\u00f6s on sinun! Haluatko sijoittaa kenk\u00e4si hyllylle tasaisesti vai kulmaan? Sekin on sinun p\u00e4\u00e4t\u00f6s! Jokaisella on oma makunsa. Miksi valita t\u00e4m\u00e4 tilava kenk\u00e4hylly? Voit s\u00e4ilytt\u00e4\u00e4 kaikki kenk\u00e4si t\u00e4ss\u00e4 12-tasoisessa kenk\u00e4hyllyss\u00e4 ilman, ett\u00e4 se vie paljon tilaa lattialla. Hyllyjen v\u00e4linen et\u00e4isyys on 18,5 cm, joten kenk\u00e4hyllyss\u00e4 on tarpeeksi tilaa lenkkareillesi, korkokengillesi ja jopa saappaille.Jokainen hylly kest\u00e4\u00e4 jopa 10 kg:n painon ja mahtuu 5 paria naisten kenki\u00e4 tai 4 paria miesten kenki\u00e4. S\u00e4\u00e4dett\u00e4v\u00e4t jalat antavat hyllylle lis\u00e4\u00e4 vakautta ja suojaavat samalla lattiaasi naarmuilta. Tuotetiedot: V\u00e4ri: musta Materiaali: ter\u00e4s Koko: 92,5 x 30,7 x 223 cm (P x L x K) Paino: 16 kg Maks. staattinen kantavuus hylly\u00e4 kohti: 10 kg Toimitus sis\u00e4lt\u00e4\u00e4: 2 x 6-kerroksinen kenk\u00e4teline 4 x muovinen liitoskappale 1 x lis\u00e4varustepussi 1 x ohjeet (DE, EN, FR, ES, IT) SONGMICS-huomautukset:Kiinnit\u00e4 tuote sein\u00e4\u00e4n mukana toimitetulla kaatumissuojalla, jos pinot useita hyllyj\u00e4 p\u00e4\u00e4llekk\u00e4in. Tekstiss\u00e4 mainittu maks. kantavuus viittaa staattiseen maksimipainoon.<\/p>\n","protected":false},"excerpt":{"rendered":"<p>SONGMICS kenk\u00e4hylly 12 hyllyll\u00e4, 2 pinottavan 6-tasoisen kenk\u00e4telineen sarja, 48\u201360 parille kenki\u00e4, metalli, s\u00e4\u00e4dett\u00e4v\u00e4t ritil\u00e4hyllyt, asennettavissa tasaisesti tai kulmassa, musta LMR12B<\/p>\n","protected":false},"featured_media":42999,"comment_status":"open","ping_status":"closed","template":"","meta":[],"product_brand":[],"product_cat":[32],"product_tag":[],"class_list":{"0":"post-34253","1":"product","2":"type-product","3":"status-publish","4":"has-post-thumbnail","6":"product_cat-uncategorized-fi","8":"first","9":"instock","10":"shipping-taxable","11":"purchasable","12":"product-type-simple"},"_links":{"self":[{"href":"https:\/\/nordicmart.andreevmaster.com\/fi\/wp-json\/wp\/v2\/product\/34253","targetHints":{"allow":["GET"]}}],"collection":[{"href":"https:\/\/nordicmart.andreevmaster.com\/fi\/wp-json\/wp\/v2\/product"}],"about":[{"href":"https:\/\/nordicmart.andreevmaster.com\/fi\/wp-json\/wp\/v2\/types\/product"}],"replies":[{"embeddable":true,"href":"https:\/\/nordicmart.andreevmaster.com\/fi\/wp-json\/wp\/v2\/comments?post=34253"}],"wp:featuredmedia":[{"embeddable":true,"href":"https:\/\/nordicmart.andreevmaster.com\/fi\/wp-json\/wp\/v2\/media\/42999"}],"wp:attachment":[{"href":"https:\/\/nordicmart.andreevmaster.com\/fi\/wp-json\/wp\/v2\/media?parent=34253"}],"wp:term":[{"taxonomy":"product_brand","embeddable":true,"href":"https:\/\/nordicmart.andreevmaster.com\/fi\/wp-json\/wp\/v2\/product_brand?post=34253"},{"taxonomy":"product_cat","embeddable":true,"href":"https:\/\/nordicmart.andreevmaster.com\/fi\/wp-json\/wp\/v2\/product_cat?post=34253"},{"taxonomy":"product_tag","embeddable":true,"href":"https:\/\/nordicmart.andreevmaster.com\/fi\/wp-json\/wp\/v2\/product_tag?post=34253"}],"curies":[{"name":"wp","href":"https:\/\/api.w.org\/{rel}","templated":true}]}}