{"id":34250,"date":"2026-02-27T00:24:56","date_gmt":"2026-02-27T00:24:56","guid":{"rendered":"https:\/\/nordicmart.andreevmaster.com\/product\/songmics-kenkahylly-2-kpl-harmaa\/"},"modified":"2026-02-27T09:44:42","modified_gmt":"2026-02-27T09:44:42","slug":"songmics-kenkahylly-2-kpl-harmaa","status":"publish","type":"product","link":"https:\/\/nordicmart.andreevmaster.com\/fi\/tuote\/songmics-kenkahylly-2-kpl-harmaa\/","title":{"rendered":"SONGMICS kenk\u00e4hylly, 2 kpl, harmaa"},"content":{"rendered":"<p>Tuotetiedot: V\u00e4ri: Harmaa Materiaali: Rauta Mitat: 92,5 x 30,7 x 163,5 cm (P x L x K) Paino: 10,7 kg Maks. staattinen kantavuus hylly\u00e4 kohti: 10 kg Toimitus sis\u00e4lt\u00e4\u00e4: 2 x 4-kerroksinen kenk\u00e4hylly 4 x muoviliitin 1 x lis\u00e4varustepussi 1 x kaatumissuoja 1 x ohjeet (DE, EN, FR, ES, IT)SONGMICS Huomautukset:Kiinnit\u00e4 tuote sein\u00e4\u00e4n mukana toimitetulla kaatumissuojalla turvallisuuden takaamiseksi k\u00e4yt\u00f6n aikana.Jos et halua pinota hyllyj\u00e4 p\u00e4\u00e4llekk\u00e4in, s\u00e4ilyt\u00e4 muoviset liitoskappaleet huolellisesti, jotta ne ovat helposti l\u00f6ydett\u00e4viss\u00e4 ja uudelleen k\u00e4ytett\u00e4viss\u00e4 my\u00f6hemmin.Tekstiss\u00e4 mainittu maks. kantavuus viittaa staattiseen maksimipainoon.<\/p>\n","protected":false},"excerpt":{"rendered":"<p>SONGMICS kenk\u00e4hylly, 8 tasoa, 2 kappaleen sarja pinottavia 4-tasoisia kenk\u00e4organisaattoreita, 32\u201340 parille kenki\u00e4, s\u00e4\u00e4dett\u00e4vill\u00e4 ritil\u00e4hyllyill\u00e4, asennettavissa tasaisesti tai kulmassa, harmaa LMR08GB<\/p>\n","protected":false},"featured_media":42996,"comment_status":"open","ping_status":"closed","template":"","meta":[],"product_brand":[],"product_cat":[32],"product_tag":[],"class_list":{"0":"post-34250","1":"product","2":"type-product","3":"status-publish","4":"has-post-thumbnail","6":"product_cat-uncategorized-fi","8":"first","9":"instock","10":"shipping-taxable","11":"purchasable","12":"product-type-simple"},"_links":{"self":[{"href":"https:\/\/nordicmart.andreevmaster.com\/fi\/wp-json\/wp\/v2\/product\/34250","targetHints":{"allow":["GET"]}}],"collection":[{"href":"https:\/\/nordicmart.andreevmaster.com\/fi\/wp-json\/wp\/v2\/product"}],"about":[{"href":"https:\/\/nordicmart.andreevmaster.com\/fi\/wp-json\/wp\/v2\/types\/product"}],"replies":[{"embeddable":true,"href":"https:\/\/nordicmart.andreevmaster.com\/fi\/wp-json\/wp\/v2\/comments?post=34250"}],"wp:featuredmedia":[{"embeddable":true,"href":"https:\/\/nordicmart.andreevmaster.com\/fi\/wp-json\/wp\/v2\/media\/42996"}],"wp:attachment":[{"href":"https:\/\/nordicmart.andreevmaster.com\/fi\/wp-json\/wp\/v2\/media?parent=34250"}],"wp:term":[{"taxonomy":"product_brand","embeddable":true,"href":"https:\/\/nordicmart.andreevmaster.com\/fi\/wp-json\/wp\/v2\/product_brand?post=34250"},{"taxonomy":"product_cat","embeddable":true,"href":"https:\/\/nordicmart.andreevmaster.com\/fi\/wp-json\/wp\/v2\/product_cat?post=34250"},{"taxonomy":"product_tag","embeddable":true,"href":"https:\/\/nordicmart.andreevmaster.com\/fi\/wp-json\/wp\/v2\/product_tag?post=34250"}],"curies":[{"name":"wp","href":"https:\/\/api.w.org\/{rel}","templated":true}]}}