{"id":34248,"date":"2026-02-27T00:24:55","date_gmt":"2026-02-27T00:24:55","guid":{"rendered":"https:\/\/nordicmart.andreevmaster.com\/product\/songmics-3-tasoinen-kenkateline-savuharmaa\/"},"modified":"2026-02-27T09:44:42","modified_gmt":"2026-02-27T09:44:42","slug":"songmics-3-tasoinen-kenkateline-savuharmaa","status":"publish","type":"product","link":"https:\/\/nordicmart.andreevmaster.com\/fi\/tuote\/songmics-3-tasoinen-kenkateline-savuharmaa\/","title":{"rendered":"SONGMICS 3-tasoinen kenk\u00e4teline, savuharmaa"},"content":{"rendered":"<p>My\u00f6s kenk\u00e4hyllyll\u00e4 voit osoittaa tyylitajua. Etk\u00f6 halua s\u00e4ilytt\u00e4\u00e4 suosikkikenki\u00e4si tyls\u00e4ll\u00e4 kenk\u00e4hyllyll\u00e4? Tutustu kenk\u00e4hyllyymme! Elegantin polyrottingin ja tyylikk\u00e4\u00e4n metallin yhdistelm\u00e4 tekee t\u00e4st\u00e4 hyllyst\u00e4 katseenvangitsijan eteiseen, pukuhuoneeseen tai kellariin. Esittele kenk\u00e4si ja muut tavarasi tyylikk\u00e4\u00e4sti! Tervetuloa kaikki keng\u00e4t Olivatpa keng\u00e4t ballerinoja tai talvikenki\u00e4, kaikenlaiset keng\u00e4t l\u00f6yt\u00e4v\u00e4t oman paikkansa t\u00e4ss\u00e4 korkeuss\u00e4\u00e4dett\u00e4v\u00e4ss\u00e4 hyllyss\u00e4. Jokainen hyllytaso kest\u00e4\u00e4 jopa 5 kg:n painon. Lis\u00e4ksi s\u00e4\u00e4dett\u00e4v\u00e4t jalat antavat hyllylle lis\u00e4\u00e4 vakautta. Mit\u00e4 muuta? T\u00e4m\u00e4 hylly on pinottava. T\u00e4m\u00e4n \u00e4lykk\u00e4\u00e4n muotoilun ansiosta voit hy\u00f6dynt\u00e4\u00e4 pystysuuntaisen tilan optimaalisesti ja s\u00e4ilytt\u00e4\u00e4 kaikkien nelj\u00e4n vuodenajan keng\u00e4t yhdess\u00e4 paikassa. Tuotetiedot:- V\u00e4ri: savuharmaa &#8211; Materiaali: PP-polyrottinki, metalli &#8211; Koko: 70,5 x 30 x 53,5 cm (P x L x K) &#8211; Paino: 3,2 kg &#8211; Maks. staattinen kantavuus per taso: 5 kg Toimitus sis\u00e4lt\u00e4\u00e4:- 1 x kenk\u00e4hylly &#8211; 1 x lis\u00e4varustepaketti &#8211; 1 x ohjeet (DE, EN, FR, ES, IT) SONGMICS-ohjeet: &#8211; Kiinnit\u00e4 tuote sein\u00e4\u00e4n kaatumissuojalla (ei sis\u00e4lly toimitukseen), jos pinot useita hyllyj\u00e4 p\u00e4\u00e4llekk\u00e4in.<\/p>\n","protected":false},"excerpt":{"rendered":"<p>SONGMICS 3-tasoinen kenk\u00e4teline, kenk\u00e4hylly, polyrottingia, pinottava, s\u00e4\u00e4dett\u00e4v\u00e4t hyllytasot, 9\u201312 parille kenki\u00e4, metallirunko, eteinen, olohuone ja pukuhuone, savuharmaa LMR073G01<\/p>\n","protected":false},"featured_media":42994,"comment_status":"open","ping_status":"closed","template":"","meta":[],"product_brand":[],"product_cat":[32],"product_tag":[],"class_list":{"0":"post-34248","1":"product","2":"type-product","3":"status-publish","4":"has-post-thumbnail","6":"product_cat-uncategorized-fi","8":"first","9":"instock","10":"shipping-taxable","11":"purchasable","12":"product-type-simple"},"_links":{"self":[{"href":"https:\/\/nordicmart.andreevmaster.com\/fi\/wp-json\/wp\/v2\/product\/34248","targetHints":{"allow":["GET"]}}],"collection":[{"href":"https:\/\/nordicmart.andreevmaster.com\/fi\/wp-json\/wp\/v2\/product"}],"about":[{"href":"https:\/\/nordicmart.andreevmaster.com\/fi\/wp-json\/wp\/v2\/types\/product"}],"replies":[{"embeddable":true,"href":"https:\/\/nordicmart.andreevmaster.com\/fi\/wp-json\/wp\/v2\/comments?post=34248"}],"wp:featuredmedia":[{"embeddable":true,"href":"https:\/\/nordicmart.andreevmaster.com\/fi\/wp-json\/wp\/v2\/media\/42994"}],"wp:attachment":[{"href":"https:\/\/nordicmart.andreevmaster.com\/fi\/wp-json\/wp\/v2\/media?parent=34248"}],"wp:term":[{"taxonomy":"product_brand","embeddable":true,"href":"https:\/\/nordicmart.andreevmaster.com\/fi\/wp-json\/wp\/v2\/product_brand?post=34248"},{"taxonomy":"product_cat","embeddable":true,"href":"https:\/\/nordicmart.andreevmaster.com\/fi\/wp-json\/wp\/v2\/product_cat?post=34248"},{"taxonomy":"product_tag","embeddable":true,"href":"https:\/\/nordicmart.andreevmaster.com\/fi\/wp-json\/wp\/v2\/product_tag?post=34248"}],"curies":[{"name":"wp","href":"https:\/\/api.w.org\/{rel}","templated":true}]}}