{"id":34247,"date":"2026-02-27T00:24:55","date_gmt":"2026-02-27T00:24:55","guid":{"rendered":"https:\/\/nordicmart.andreevmaster.com\/product\/songmics-kenkahylly-4-hyllya-16-parille-kenkia\/"},"modified":"2026-02-27T09:44:42","modified_gmt":"2026-02-27T09:44:42","slug":"songmics-kenkahylly-4-hyllya-16-parille-kenkia","status":"publish","type":"product","link":"https:\/\/nordicmart.andreevmaster.com\/fi\/tuote\/songmics-kenkahylly-4-hyllya-16-parille-kenkia\/","title":{"rendered":"SONGMICS kenk\u00e4hylly, 4 hylly\u00e4, 16 parille kenki\u00e4"},"content":{"rendered":"<p>SONGMICS kenk\u00e4hylly, 3-tasoinen kenk\u00e4teline, metallihylly 4 sivukoukulla, 12 parille kenki\u00e4, korkeuss\u00e4\u00e4dett\u00e4v\u00e4 hylly, eteiseen, vaatehuoneeseen, helppo asentaa<br \/>\nV\u00e4ri: musta<br \/>\nMateriaali: ter\u00e4s<br \/>\nKoko: 28 x 68 x 70 cm (S x L x K)<br \/>\nPaino: 3,5 kg<br \/>\nMaks. staattinen kantavuus tasoa kohti: 10 kg<br \/>\nMaks. staattinen kantavuus koukkua kohti: 1 kg<br \/>\nMaks. staattinen kantavuus yhteens\u00e4: 44 kg<\/p>\n","protected":false},"excerpt":{"rendered":"<p>SONGMICS kenk\u00e4hylly, 3-tasoinen kenk\u00e4teline, metallihylly 4 sivukoukulla, 12 parille kenki\u00e4, korkeuss\u00e4\u00e4dett\u00e4v\u00e4 hylly, eteiseen, vaatehuoneeseen, helppo asentaa<\/p>\n","protected":false},"featured_media":42993,"comment_status":"open","ping_status":"closed","template":"","meta":[],"product_brand":[],"product_cat":[32],"product_tag":[],"class_list":{"0":"post-34247","1":"product","2":"type-product","3":"status-publish","4":"has-post-thumbnail","6":"product_cat-uncategorized-fi","8":"first","9":"instock","10":"shipping-taxable","11":"purchasable","12":"product-type-simple"},"_links":{"self":[{"href":"https:\/\/nordicmart.andreevmaster.com\/fi\/wp-json\/wp\/v2\/product\/34247","targetHints":{"allow":["GET"]}}],"collection":[{"href":"https:\/\/nordicmart.andreevmaster.com\/fi\/wp-json\/wp\/v2\/product"}],"about":[{"href":"https:\/\/nordicmart.andreevmaster.com\/fi\/wp-json\/wp\/v2\/types\/product"}],"replies":[{"embeddable":true,"href":"https:\/\/nordicmart.andreevmaster.com\/fi\/wp-json\/wp\/v2\/comments?post=34247"}],"wp:featuredmedia":[{"embeddable":true,"href":"https:\/\/nordicmart.andreevmaster.com\/fi\/wp-json\/wp\/v2\/media\/42993"}],"wp:attachment":[{"href":"https:\/\/nordicmart.andreevmaster.com\/fi\/wp-json\/wp\/v2\/media?parent=34247"}],"wp:term":[{"taxonomy":"product_brand","embeddable":true,"href":"https:\/\/nordicmart.andreevmaster.com\/fi\/wp-json\/wp\/v2\/product_brand?post=34247"},{"taxonomy":"product_cat","embeddable":true,"href":"https:\/\/nordicmart.andreevmaster.com\/fi\/wp-json\/wp\/v2\/product_cat?post=34247"},{"taxonomy":"product_tag","embeddable":true,"href":"https:\/\/nordicmart.andreevmaster.com\/fi\/wp-json\/wp\/v2\/product_tag?post=34247"}],"curies":[{"name":"wp","href":"https:\/\/api.w.org\/{rel}","templated":true}]}}