{"id":34245,"date":"2026-02-27T00:24:55","date_gmt":"2026-02-27T00:24:55","guid":{"rendered":"https:\/\/nordicmart.andreevmaster.com\/product\/songmics-metallinen-kenkateline\/"},"modified":"2026-02-27T09:44:41","modified_gmt":"2026-02-27T09:44:41","slug":"songmics-metallinen-kenkateline","status":"publish","type":"product","link":"https:\/\/nordicmart.andreevmaster.com\/fi\/tuote\/songmics-metallinen-kenkateline\/","title":{"rendered":"SONGMICS metallinen kenk\u00e4teline"},"content":{"rendered":"<p>Kuinka s\u00e4ilyt\u00e4t kenk\u00e4si? J\u00e4t\u00e4tk\u00f6 ne lojumaan eteiseen tai piilotatko ne s\u00e4ngyn alle? Jos n\u00e4in on, on aika tutustua kenk\u00e4hyllyymme. Katso t\u00e4m\u00e4n kenk\u00e4hyllyn kohokohdat: &#8211; 4 tasoa tarjoavat tilaa jopa 16 parille kenki\u00e4.- Ter\u00e4ksinen kenk\u00e4teline on eritt\u00e4in tukeva (kunkin tason kantavuus 10 kg). &#8211; Lis\u00e4tanko edess\u00e4 est\u00e4\u00e4 kenki\u00e4 putoamasta. &#8211; Sile\u00e4t, py\u00f6ristetyt kulmat est\u00e4v\u00e4t mahdolliset kolhut. &#8211; Varustettu s\u00e4\u00e4dett\u00e4vill\u00e4 jaloilla, jotka est\u00e4v\u00e4t heilumisen hieman ep\u00e4tasaisella lattialla.- Pinottava rakenne lis\u00e4\u00e4 s\u00e4ilytystilaa ja vie vain v\u00e4h\u00e4n tilaa. Tuotetiedot: &#8211; V\u00e4ri: musta &#8211; Materiaali: ter\u00e4s &#8211; Koko: 68,5 x 27,5 x 65 cm (P x L x K) &#8211; Paino: 3,3 kg &#8211; Maks. staattinen kantavuus tasoa kohti: 10 kg Toimitus sis\u00e4lt\u00e4\u00e4:- 1 x kenk\u00e4hylly &#8211; 1 x lis\u00e4varustepaketti &#8211; 1 x ohjeet SONGMICS-huomautukset: &#8211; Kiinnit\u00e4 tuote sein\u00e4\u00e4n mukana toimitetulla kaatumissuojalla, jos pinot useita hyllyj\u00e4 p\u00e4\u00e4llekk\u00e4in.<\/p>\n","protected":false},"excerpt":{"rendered":"<p>SONGMICS kenk\u00e4hylly 4 hyllyll\u00e4, pinottava kenk\u00e4organisaattori, jopa 16 parille kenki\u00e4, ter\u00e4st\u00e4, 68,5 x 27,5 x 65 cm, korkokengille, lenkkareille, tossuille, musta LMR067B01<\/p>\n","protected":false},"featured_media":42991,"comment_status":"open","ping_status":"closed","template":"","meta":[],"product_brand":[],"product_cat":[32],"product_tag":[],"class_list":{"0":"post-34245","1":"product","2":"type-product","3":"status-publish","4":"has-post-thumbnail","6":"product_cat-uncategorized-fi","8":"first","9":"instock","10":"shipping-taxable","11":"purchasable","12":"product-type-simple"},"_links":{"self":[{"href":"https:\/\/nordicmart.andreevmaster.com\/fi\/wp-json\/wp\/v2\/product\/34245","targetHints":{"allow":["GET"]}}],"collection":[{"href":"https:\/\/nordicmart.andreevmaster.com\/fi\/wp-json\/wp\/v2\/product"}],"about":[{"href":"https:\/\/nordicmart.andreevmaster.com\/fi\/wp-json\/wp\/v2\/types\/product"}],"replies":[{"embeddable":true,"href":"https:\/\/nordicmart.andreevmaster.com\/fi\/wp-json\/wp\/v2\/comments?post=34245"}],"wp:featuredmedia":[{"embeddable":true,"href":"https:\/\/nordicmart.andreevmaster.com\/fi\/wp-json\/wp\/v2\/media\/42991"}],"wp:attachment":[{"href":"https:\/\/nordicmart.andreevmaster.com\/fi\/wp-json\/wp\/v2\/media?parent=34245"}],"wp:term":[{"taxonomy":"product_brand","embeddable":true,"href":"https:\/\/nordicmart.andreevmaster.com\/fi\/wp-json\/wp\/v2\/product_brand?post=34245"},{"taxonomy":"product_cat","embeddable":true,"href":"https:\/\/nordicmart.andreevmaster.com\/fi\/wp-json\/wp\/v2\/product_cat?post=34245"},{"taxonomy":"product_tag","embeddable":true,"href":"https:\/\/nordicmart.andreevmaster.com\/fi\/wp-json\/wp\/v2\/product_tag?post=34245"}],"curies":[{"name":"wp","href":"https:\/\/api.w.org\/{rel}","templated":true}]}}