{"id":34244,"date":"2026-02-27T00:24:54","date_gmt":"2026-02-27T00:24:54","guid":{"rendered":"https:\/\/nordicmart.andreevmaster.com\/product\/songmics-kenkahylly-3-hyllya-musta\/"},"modified":"2026-02-27T09:44:41","modified_gmt":"2026-02-27T09:44:41","slug":"songmics-kenkahylly-3-hyllya-musta","status":"publish","type":"product","link":"https:\/\/nordicmart.andreevmaster.com\/fi\/tuote\/songmics-kenkahylly-3-hyllya-musta\/","title":{"rendered":"SONGMICS kenk\u00e4hylly, 3 hylly\u00e4, musta"},"content":{"rendered":"<p>Kuinka s\u00e4ilyt\u00e4t kenk\u00e4si? J\u00e4t\u00e4tk\u00f6 ne lojumaan eteiseen tai piilotatko ne s\u00e4ngyn alle? Jos n\u00e4in on, on aika tutustua kenk\u00e4hyllyymme. Katso t\u00e4m\u00e4n kenk\u00e4hyllyn kohokohdat: 3 tasoa tarjoavat tilaa jopa 12 parille kenki\u00e4. Ter\u00e4ksinen kenk\u00e4hylly on eritt\u00e4in tukeva (kunkin tason kantavuus 5 kg).Lis\u00e4tanko edess\u00e4 est\u00e4\u00e4 kenki\u00e4 putoamasta. Sile\u00e4t, py\u00f6ristetyt kulmat est\u00e4v\u00e4t mahdolliset kolhut. Varustettu s\u00e4\u00e4dett\u00e4vill\u00e4 jaloilla, jotka est\u00e4v\u00e4t heilumisen hieman ep\u00e4tasaisella lattialla. Pinottavan rakenteensa ansiosta t\u00e4m\u00e4 kenk\u00e4teline tarjoaa enemm\u00e4n s\u00e4ilytystilaa ja vie vain v\u00e4h\u00e4n tilaa.Tuotetiedot: V\u00e4ri: musta Materiaali: ter\u00e4s Koko: 68,5 x 27,5 x 49,5 cm (P x L x K) Paino: 2,8 kg Maks. staattinen kantavuus tasoa kohti: 5 kg Toimitus sis\u00e4lt\u00e4\u00e4: 1 x kenk\u00e4hylly 1 x lis\u00e4varustepaketti 1 x ohjeet SONGMICS Huomautukset:Kiinnit\u00e4 tuote sein\u00e4\u00e4n mukana toimitetulla kaatumissuojalla, jos pinot useita hyllyj\u00e4 p\u00e4\u00e4llekk\u00e4in.<\/p>\n","protected":false},"excerpt":{"rendered":"<p>SONGMICS kenk\u00e4hylly, 3 hylly\u00e4, pinottava kenk\u00e4organisaattori, jopa 12 parille kenki\u00e4, ter\u00e4st\u00e4, 68,5 x 27,5 x 49,5 cm, korkokengille, lenkkareille, tossuille, musta LMR066B01<\/p>\n","protected":false},"featured_media":42990,"comment_status":"open","ping_status":"closed","template":"","meta":[],"product_brand":[],"product_cat":[32],"product_tag":[],"class_list":{"0":"post-34244","1":"product","2":"type-product","3":"status-publish","4":"has-post-thumbnail","6":"product_cat-uncategorized-fi","8":"first","9":"instock","10":"shipping-taxable","11":"purchasable","12":"product-type-simple"},"_links":{"self":[{"href":"https:\/\/nordicmart.andreevmaster.com\/fi\/wp-json\/wp\/v2\/product\/34244","targetHints":{"allow":["GET"]}}],"collection":[{"href":"https:\/\/nordicmart.andreevmaster.com\/fi\/wp-json\/wp\/v2\/product"}],"about":[{"href":"https:\/\/nordicmart.andreevmaster.com\/fi\/wp-json\/wp\/v2\/types\/product"}],"replies":[{"embeddable":true,"href":"https:\/\/nordicmart.andreevmaster.com\/fi\/wp-json\/wp\/v2\/comments?post=34244"}],"wp:featuredmedia":[{"embeddable":true,"href":"https:\/\/nordicmart.andreevmaster.com\/fi\/wp-json\/wp\/v2\/media\/42990"}],"wp:attachment":[{"href":"https:\/\/nordicmart.andreevmaster.com\/fi\/wp-json\/wp\/v2\/media?parent=34244"}],"wp:term":[{"taxonomy":"product_brand","embeddable":true,"href":"https:\/\/nordicmart.andreevmaster.com\/fi\/wp-json\/wp\/v2\/product_brand?post=34244"},{"taxonomy":"product_cat","embeddable":true,"href":"https:\/\/nordicmart.andreevmaster.com\/fi\/wp-json\/wp\/v2\/product_cat?post=34244"},{"taxonomy":"product_tag","embeddable":true,"href":"https:\/\/nordicmart.andreevmaster.com\/fi\/wp-json\/wp\/v2\/product_tag?post=34244"}],"curies":[{"name":"wp","href":"https:\/\/api.w.org\/{rel}","templated":true}]}}