{"id":34243,"date":"2026-02-27T00:24:54","date_gmt":"2026-02-27T00:24:54","guid":{"rendered":"https:\/\/nordicmart.andreevmaster.com\/product\/songmics-metallinen-kenkateline-2-tasoa\/"},"modified":"2026-02-27T09:44:41","modified_gmt":"2026-02-27T09:44:41","slug":"songmics-metallinen-kenkateline-2-tasoa","status":"publish","type":"product","link":"https:\/\/nordicmart.andreevmaster.com\/fi\/tuote\/songmics-metallinen-kenkateline-2-tasoa\/","title":{"rendered":"SONGMICS metallinen kenk\u00e4teline, 2 tasoa"},"content":{"rendered":"<p>Tuotetiedot: V\u00e4ri: musta Materiaali: ter\u00e4s Koko: 68,5 x 27,5 x 37 cm (P x L x K) Paino: 1,8 kg Maks. staattinen kantavuus tasoa kohti: 10 kg Toimitus sis\u00e4lt\u00e4\u00e4: 1 x kenk\u00e4teline 1 x lis\u00e4varustepaketti 1 x ohjeet SONGMICS Huomautukset:Kiinnit\u00e4 tuote sein\u00e4\u00e4n mukana toimitetulla kaatumissuojalla, jos pinot useita hyllyj\u00e4 p\u00e4\u00e4llekk\u00e4in.<\/p>\n","protected":false},"excerpt":{"rendered":"<p>SONGMICS kenk\u00e4hylly 2 hyllyll\u00e4, pinottava kenk\u00e4organisaattori, jopa 8 parille kenki\u00e4, ter\u00e4st\u00e4, 68,5 x 27,5 x 37 cm, korkokengille, lenkkareille, tossuille, musta LMR065B01<\/p>\n","protected":false},"featured_media":42989,"comment_status":"open","ping_status":"closed","template":"","meta":[],"product_brand":[],"product_cat":[32],"product_tag":[],"class_list":{"0":"post-34243","1":"product","2":"type-product","3":"status-publish","4":"has-post-thumbnail","6":"product_cat-uncategorized-fi","8":"first","9":"instock","10":"shipping-taxable","11":"purchasable","12":"product-type-simple"},"_links":{"self":[{"href":"https:\/\/nordicmart.andreevmaster.com\/fi\/wp-json\/wp\/v2\/product\/34243","targetHints":{"allow":["GET"]}}],"collection":[{"href":"https:\/\/nordicmart.andreevmaster.com\/fi\/wp-json\/wp\/v2\/product"}],"about":[{"href":"https:\/\/nordicmart.andreevmaster.com\/fi\/wp-json\/wp\/v2\/types\/product"}],"replies":[{"embeddable":true,"href":"https:\/\/nordicmart.andreevmaster.com\/fi\/wp-json\/wp\/v2\/comments?post=34243"}],"wp:featuredmedia":[{"embeddable":true,"href":"https:\/\/nordicmart.andreevmaster.com\/fi\/wp-json\/wp\/v2\/media\/42989"}],"wp:attachment":[{"href":"https:\/\/nordicmart.andreevmaster.com\/fi\/wp-json\/wp\/v2\/media?parent=34243"}],"wp:term":[{"taxonomy":"product_brand","embeddable":true,"href":"https:\/\/nordicmart.andreevmaster.com\/fi\/wp-json\/wp\/v2\/product_brand?post=34243"},{"taxonomy":"product_cat","embeddable":true,"href":"https:\/\/nordicmart.andreevmaster.com\/fi\/wp-json\/wp\/v2\/product_cat?post=34243"},{"taxonomy":"product_tag","embeddable":true,"href":"https:\/\/nordicmart.andreevmaster.com\/fi\/wp-json\/wp\/v2\/product_tag?post=34243"}],"curies":[{"name":"wp","href":"https:\/\/api.w.org\/{rel}","templated":true}]}}