{"id":34240,"date":"2026-02-27T00:24:53","date_gmt":"2026-02-27T00:24:53","guid":{"rendered":"https:\/\/nordicmart.andreevmaster.com\/product\/songmics-kenkahylly-3-hyllytasoa-tummanharmaa\/"},"modified":"2026-02-27T09:44:40","modified_gmt":"2026-02-27T09:44:40","slug":"songmics-kenkahylly-3-hyllytasoa-tummanharmaa","status":"publish","type":"product","link":"https:\/\/nordicmart.andreevmaster.com\/fi\/tuote\/songmics-kenkahylly-3-hyllytasoa-tummanharmaa\/","title":{"rendered":"SONGMICS kenk\u00e4hylly 3 hyllytasoa tummanharmaa"},"content":{"rendered":"<p>2 asennusmahdollisuutta, 2 vaihtoehtoa Jokainen hylly on s\u00e4\u00e4dett\u00e4viss\u00e4. Metalliverkkohyllyt voidaan asettaa vaakasuoraan tai hieman kallistettuna tarpeen mukaan. Liitoskappaleet mukana 3-tasoiset hyllyt voidaan pinota p\u00e4\u00e4llekk\u00e4in, jolloin saat 6-tason hyllyn tilan. Jokainen hylly toimitetaan 2 kiinnikkeell\u00e4 pinoamista varten. Metalliverkkohyllyt Leve\u00e4 hylly on 30,7 cm leve\u00e4, ja hienojakoisen ja vahvan metalliverkon hyllyt est\u00e4v\u00e4t korkokenkien odottamattoman uppoamisen. T\u00e4ydellinen stilettokengille, lasten kengille tai suuremmille miesten kengille. Tuotetiedot: V\u00e4ri: tummanharmaa Materiaali: jauhemaalatut rautaputket, rautaverkko-hyllyt Koko: 74 x 30,7 x 62,8 cm (P x L x K) Paino: 3,7 kg Maks. staattinen kantavuus hylly\u00e4 kohti: 5 kg Toimitus sis\u00e4lt\u00e4\u00e4: 1 x kenk\u00e4hylly 2 x muoviliitin 1 x ohjeet (DE, EN, FR, ES, IT) SONGMICS-huomautukset:Toimitukseen sis\u00e4ltyy 2 muovista liitoskappaletta hyllyn laajentamista varten. Jos ostat 2 hylly\u00e4, voit pinota ne p\u00e4\u00e4llekk\u00e4in asennusohjeiden mukaisesti. Jos ostat yhden hyllyn, s\u00e4ilyt\u00e4 2 muovista liitoskappaletta huolellisesti, jotta voit k\u00e4ytt\u00e4\u00e4 niit\u00e4 laajentamiseen my\u00f6hemmin, jos haluat ostaa toisen hyllyn.<\/p>\n","protected":false},"excerpt":{"rendered":"<p>SONGMICS 3-tasoinen metallinen kenk\u00e4hylly, verkkohylly, s\u00e4\u00e4dett\u00e4v\u00e4t tasot, tasaiset tai kulmikkaat hyllylevyt, pinottava varastohylly eteiseen, 74 x 62,8 x 30,7 cm (L x K x S) tummanharmaa LMR03GB<\/p>\n","protected":false},"featured_media":42986,"comment_status":"open","ping_status":"closed","template":"","meta":[],"product_brand":[],"product_cat":[32],"product_tag":[],"class_list":{"0":"post-34240","1":"product","2":"type-product","3":"status-publish","4":"has-post-thumbnail","6":"product_cat-uncategorized-fi","8":"first","9":"instock","10":"shipping-taxable","11":"purchasable","12":"product-type-simple"},"_links":{"self":[{"href":"https:\/\/nordicmart.andreevmaster.com\/fi\/wp-json\/wp\/v2\/product\/34240","targetHints":{"allow":["GET"]}}],"collection":[{"href":"https:\/\/nordicmart.andreevmaster.com\/fi\/wp-json\/wp\/v2\/product"}],"about":[{"href":"https:\/\/nordicmart.andreevmaster.com\/fi\/wp-json\/wp\/v2\/types\/product"}],"replies":[{"embeddable":true,"href":"https:\/\/nordicmart.andreevmaster.com\/fi\/wp-json\/wp\/v2\/comments?post=34240"}],"wp:featuredmedia":[{"embeddable":true,"href":"https:\/\/nordicmart.andreevmaster.com\/fi\/wp-json\/wp\/v2\/media\/42986"}],"wp:attachment":[{"href":"https:\/\/nordicmart.andreevmaster.com\/fi\/wp-json\/wp\/v2\/media?parent=34240"}],"wp:term":[{"taxonomy":"product_brand","embeddable":true,"href":"https:\/\/nordicmart.andreevmaster.com\/fi\/wp-json\/wp\/v2\/product_brand?post=34240"},{"taxonomy":"product_cat","embeddable":true,"href":"https:\/\/nordicmart.andreevmaster.com\/fi\/wp-json\/wp\/v2\/product_cat?post=34240"},{"taxonomy":"product_tag","embeddable":true,"href":"https:\/\/nordicmart.andreevmaster.com\/fi\/wp-json\/wp\/v2\/product_tag?post=34240"}],"curies":[{"name":"wp","href":"https:\/\/api.w.org\/{rel}","templated":true}]}}