{"id":34237,"date":"2026-02-27T00:24:52","date_gmt":"2026-02-27T00:24:52","guid":{"rendered":"https:\/\/nordicmart.andreevmaster.com\/product\/songmics-3-tasoinen-kenkahylly-musta\/"},"modified":"2026-02-27T09:44:39","modified_gmt":"2026-02-27T09:44:39","slug":"songmics-3-tasoinen-kenkahylly-musta","status":"publish","type":"product","link":"https:\/\/nordicmart.andreevmaster.com\/fi\/tuote\/songmics-3-tasoinen-kenkahylly-musta\/","title":{"rendered":"SONGMICS 3-tasoinen kenk\u00e4hylly, musta"},"content":{"rendered":"<p>SONGMICS kenk\u00e4hylly, kenk\u00e4teline, 2 tasoa, metallihylly, s\u00e4\u00e4dett\u00e4v\u00e4, keng\u00e4t, seisontateline, eteiseen, vaatehuoneeseen, sis\u00e4\u00e4nk\u00e4yntialueelle<br \/>\nV\u00e4ri: musta<br \/>\nMateriaali: ter\u00e4s<br \/>\nKoko: 23 x 58 x 58 cm (S x L x K)<br \/>\nSuurin ulottuva koko: 23 x 83 x 58 cm (S x L x K)<br \/>\nPaino: 1,6 kg<br \/>\nMaks. staattinen kokonaiskuormitus: 22,5 kg<\/p>\n","protected":false},"excerpt":{"rendered":"<p>SONGMICS kenk\u00e4hylly, kenk\u00e4teline, 2 tasoa, metallihylly, s\u00e4\u00e4dett\u00e4v\u00e4, keng\u00e4t, seisontateline, eteiseen, vaatehuoneeseen, sis\u00e4\u00e4nk\u00e4yntialueelle<\/p>\n","protected":false},"featured_media":42983,"comment_status":"open","ping_status":"closed","template":"","meta":[],"product_brand":[],"product_cat":[32],"product_tag":[],"class_list":{"0":"post-34237","1":"product","2":"type-product","3":"status-publish","4":"has-post-thumbnail","6":"product_cat-uncategorized-fi","8":"first","9":"instock","10":"shipping-taxable","11":"purchasable","12":"product-type-simple"},"_links":{"self":[{"href":"https:\/\/nordicmart.andreevmaster.com\/fi\/wp-json\/wp\/v2\/product\/34237","targetHints":{"allow":["GET"]}}],"collection":[{"href":"https:\/\/nordicmart.andreevmaster.com\/fi\/wp-json\/wp\/v2\/product"}],"about":[{"href":"https:\/\/nordicmart.andreevmaster.com\/fi\/wp-json\/wp\/v2\/types\/product"}],"replies":[{"embeddable":true,"href":"https:\/\/nordicmart.andreevmaster.com\/fi\/wp-json\/wp\/v2\/comments?post=34237"}],"wp:featuredmedia":[{"embeddable":true,"href":"https:\/\/nordicmart.andreevmaster.com\/fi\/wp-json\/wp\/v2\/media\/42983"}],"wp:attachment":[{"href":"https:\/\/nordicmart.andreevmaster.com\/fi\/wp-json\/wp\/v2\/media?parent=34237"}],"wp:term":[{"taxonomy":"product_brand","embeddable":true,"href":"https:\/\/nordicmart.andreevmaster.com\/fi\/wp-json\/wp\/v2\/product_brand?post=34237"},{"taxonomy":"product_cat","embeddable":true,"href":"https:\/\/nordicmart.andreevmaster.com\/fi\/wp-json\/wp\/v2\/product_cat?post=34237"},{"taxonomy":"product_tag","embeddable":true,"href":"https:\/\/nordicmart.andreevmaster.com\/fi\/wp-json\/wp\/v2\/product_tag?post=34237"}],"curies":[{"name":"wp","href":"https:\/\/api.w.org\/{rel}","templated":true}]}}