{"id":34234,"date":"2026-02-27T00:24:52","date_gmt":"2026-02-27T00:24:52","guid":{"rendered":"https:\/\/nordicmart.andreevmaster.com\/product\/songmics-kenkahylly-5-tasoa\/"},"modified":"2026-02-27T09:44:39","modified_gmt":"2026-02-27T09:44:39","slug":"songmics-kenkahylly-5-tasoa","status":"publish","type":"product","link":"https:\/\/nordicmart.andreevmaster.com\/fi\/tuote\/songmics-kenkahylly-5-tasoa\/","title":{"rendered":"SONGMICS kenk\u00e4hylly, 5 tasoa"},"content":{"rendered":"<p>T\u00e4m\u00e4n kenk\u00e4hyllyn t\u00e4rkeimm\u00e4t ominaisuudet: Tilava: Kenk\u00e4hyllyyn mahtuu 20\u201325 paria kenki\u00e4 5 leve\u00e4n hyllylevyn ansiosta. Tilaa s\u00e4\u00e4st\u00e4v\u00e4: Kapean muodonsa ansiosta hylly vie vain v\u00e4h\u00e4n lattiatilaa. Kest\u00e4v\u00e4: Vankka metallirunko ja kest\u00e4v\u00e4 Oxford-kangas takaavat pitk\u00e4n k\u00e4ytt\u00f6i\u00e4n. Helppohoitoinen: Vett\u00e4 hylkiv\u00e4st\u00e4 Oxford-kankaasta valmistetut hyllyt on helppo puhdistaa. Helppo koota: Kenk\u00e4hylly on helppo koota kankaisten hyllyjen pistokemallin, yksityiskohtaisten ohjeiden ja selke\u00e4sti merkittyjen osien ansiosta. Vakaa: S\u00e4\u00e4dett\u00e4v\u00e4t jalat ja kaatumisenestokappaleet antavat hyllylle hyv\u00e4n vakauden.Koristeellinen: Vintage-ruskea kangashylly tuo ripauksen eleganssia kotiisi. Varustettu 4 koukulla: Niiden avulla voit ripustaa avaimet tai taskusateenvarjot k\u00e4den ulottuville. Joustava: Voit poistaa yhden kenk\u00e4hyllyn, jotta saappaita varten j\u00e4\u00e4 tarpeeksi tilaa. Monipuolinen: Hylly sopii eteiseen, makuuhuoneeseen tai pukeutumishuoneeseen. Tuotetiedot: V\u00e4ri: Vintage-ruskea-musta Materiaali: Ter\u00e4s, Oxford-kangas Koko: 29 x 89 x 92,5 cm (S x L x K) Paino: 3,3 kg Maks. staattinen kantavuus per taso: 10 kg Maks. staattinen kantavuus per koukku: 3 kg Toimitus sis\u00e4lt\u00e4\u00e4: 1 x kenk\u00e4hylly 4 x koukku 2 x kaatumissuoja 1 x ohjeet SONGMICSin huomautukset:Turvallisuussyist\u00e4 lapset eiv\u00e4t saa kiivet\u00e4 tuotteelle tai leikki\u00e4 sill\u00e4. Kiinnit\u00e4 t\u00e4m\u00e4 tuote sein\u00e4\u00e4n mukana toimitetulla kaatumissuojalla turvallisen k\u00e4yt\u00f6n varmistamiseksi.<\/p>\n","protected":false},"excerpt":{"rendered":"<p>SONGMICS kenk\u00e4hylly 5 tasoa, metalliset kenk\u00e4hyllyt, Oxford-hyllyt, 20\u201325 parille kenki\u00e4, 29 x 89 x 92,5 cm, 4 koukkua, avoin kenk\u00e4kaappi eteiseen, makuuhuoneeseen, vintage-ruskea-musta LMR035B01<\/p>\n","protected":false},"featured_media":42980,"comment_status":"open","ping_status":"closed","template":"","meta":[],"product_brand":[],"product_cat":[32],"product_tag":[],"class_list":{"0":"post-34234","1":"product","2":"type-product","3":"status-publish","4":"has-post-thumbnail","6":"product_cat-uncategorized-fi","8":"first","9":"instock","10":"shipping-taxable","11":"purchasable","12":"product-type-simple"},"_links":{"self":[{"href":"https:\/\/nordicmart.andreevmaster.com\/fi\/wp-json\/wp\/v2\/product\/34234","targetHints":{"allow":["GET"]}}],"collection":[{"href":"https:\/\/nordicmart.andreevmaster.com\/fi\/wp-json\/wp\/v2\/product"}],"about":[{"href":"https:\/\/nordicmart.andreevmaster.com\/fi\/wp-json\/wp\/v2\/types\/product"}],"replies":[{"embeddable":true,"href":"https:\/\/nordicmart.andreevmaster.com\/fi\/wp-json\/wp\/v2\/comments?post=34234"}],"wp:featuredmedia":[{"embeddable":true,"href":"https:\/\/nordicmart.andreevmaster.com\/fi\/wp-json\/wp\/v2\/media\/42980"}],"wp:attachment":[{"href":"https:\/\/nordicmart.andreevmaster.com\/fi\/wp-json\/wp\/v2\/media?parent=34234"}],"wp:term":[{"taxonomy":"product_brand","embeddable":true,"href":"https:\/\/nordicmart.andreevmaster.com\/fi\/wp-json\/wp\/v2\/product_brand?post=34234"},{"taxonomy":"product_cat","embeddable":true,"href":"https:\/\/nordicmart.andreevmaster.com\/fi\/wp-json\/wp\/v2\/product_cat?post=34234"},{"taxonomy":"product_tag","embeddable":true,"href":"https:\/\/nordicmart.andreevmaster.com\/fi\/wp-json\/wp\/v2\/product_tag?post=34234"}],"curies":[{"name":"wp","href":"https:\/\/api.w.org\/{rel}","templated":true}]}}