{"id":34233,"date":"2026-02-27T00:24:52","date_gmt":"2026-02-27T00:24:52","guid":{"rendered":"https:\/\/nordicmart.andreevmaster.com\/product\/songmics-3-tasoinen-kenkahylly-18-parille-kenkia-musta\/"},"modified":"2026-02-27T09:44:39","modified_gmt":"2026-02-27T09:44:39","slug":"songmics-3-tasoinen-kenkahylly-18-parille-kenkia-musta","status":"publish","type":"product","link":"https:\/\/nordicmart.andreevmaster.com\/fi\/tuote\/songmics-3-tasoinen-kenkahylly-18-parille-kenkia-musta\/","title":{"rendered":"SONGMICS 3-tasoinen kenk\u00e4hylly 18 parille kenki\u00e4 musta"},"content":{"rendered":"<p>SONGMICS kenk\u00e4hylly, kenk\u00e4teline, tasot, kangashylly, sivukoukut, korkeuss\u00e4\u00e4dett\u00e4v\u00e4 hylly, eteisen vaatekaappi, helppo asentaa<br \/>\nV\u00e4ri: musta<br \/>\nMateriaali: polyesterikangas, ter\u00e4s<br \/>\nKoko: 28 x 114 x 53 cm (S x L x K)<br \/>\nPaino: 2 kg<br \/>\nMaks. staattinen kantavuus tasoa kohti: 10 kg<br \/>\nMaks. staattinen kantavuus koukkua kohti: 1,3 kg<br \/>\nMaks. staattinen kantavuus yhteens\u00e4: 35 kg<\/p>\n","protected":false},"excerpt":{"rendered":"<p>SONGMICS kenk\u00e4hylly, kenk\u00e4teline, tasot, kangashylly, sivukoukut, korkeuss\u00e4\u00e4dett\u00e4v\u00e4 hylly, eteisen vaatekaappi, helppo asentaa<\/p>\n","protected":false},"featured_media":42979,"comment_status":"open","ping_status":"closed","template":"","meta":[],"product_brand":[],"product_cat":[32],"product_tag":[],"class_list":{"0":"post-34233","1":"product","2":"type-product","3":"status-publish","4":"has-post-thumbnail","6":"product_cat-uncategorized-fi","8":"first","9":"instock","10":"shipping-taxable","11":"purchasable","12":"product-type-simple"},"_links":{"self":[{"href":"https:\/\/nordicmart.andreevmaster.com\/fi\/wp-json\/wp\/v2\/product\/34233","targetHints":{"allow":["GET"]}}],"collection":[{"href":"https:\/\/nordicmart.andreevmaster.com\/fi\/wp-json\/wp\/v2\/product"}],"about":[{"href":"https:\/\/nordicmart.andreevmaster.com\/fi\/wp-json\/wp\/v2\/types\/product"}],"replies":[{"embeddable":true,"href":"https:\/\/nordicmart.andreevmaster.com\/fi\/wp-json\/wp\/v2\/comments?post=34233"}],"wp:featuredmedia":[{"embeddable":true,"href":"https:\/\/nordicmart.andreevmaster.com\/fi\/wp-json\/wp\/v2\/media\/42979"}],"wp:attachment":[{"href":"https:\/\/nordicmart.andreevmaster.com\/fi\/wp-json\/wp\/v2\/media?parent=34233"}],"wp:term":[{"taxonomy":"product_brand","embeddable":true,"href":"https:\/\/nordicmart.andreevmaster.com\/fi\/wp-json\/wp\/v2\/product_brand?post=34233"},{"taxonomy":"product_cat","embeddable":true,"href":"https:\/\/nordicmart.andreevmaster.com\/fi\/wp-json\/wp\/v2\/product_cat?post=34233"},{"taxonomy":"product_tag","embeddable":true,"href":"https:\/\/nordicmart.andreevmaster.com\/fi\/wp-json\/wp\/v2\/product_tag?post=34233"}],"curies":[{"name":"wp","href":"https:\/\/api.w.org\/{rel}","templated":true}]}}