{"id":34232,"date":"2026-02-27T00:24:51","date_gmt":"2026-02-27T00:24:51","guid":{"rendered":"https:\/\/nordicmart.andreevmaster.com\/product\/songmics-2-tasoinen-kenkahylly-musta\/"},"modified":"2026-02-27T09:44:38","modified_gmt":"2026-02-27T09:44:38","slug":"songmics-2-tasoinen-kenkahylly-musta","status":"publish","type":"product","link":"https:\/\/nordicmart.andreevmaster.com\/fi\/tuote\/songmics-2-tasoinen-kenkahylly-musta\/","title":{"rendered":"SONGMICS 2-tasoinen kenk\u00e4hylly musta"},"content":{"rendered":"<p>SONGMICS kenk\u00e4hylly, kenk\u00e4teline, 2 tasoa, metallihylly, s\u00e4\u00e4dett\u00e4v\u00e4, keng\u00e4t, seisontateline, eteiseen, vaatehuoneeseen, sis\u00e4\u00e4nk\u00e4yntialueelle<br \/>\n&#8211; V\u00e4ri: musta<br \/>\n&#8211; Materiaali: ter\u00e4s<br \/>\n&#8211; Koko: 23 x 58 x 42 cm (S x L x K)<br \/>\n&#8211; Suurin ulottuva koko: 23 x 83 x 42 cm (S x L x K)<br \/>\n&#8211; Paino: 1,3 kg<br \/>\n&#8211; Maks. staattinen kokonaiskuormitus: 15 kg<\/p>\n","protected":false},"excerpt":{"rendered":"<p>SONGMICS kenk\u00e4hylly, kenk\u00e4teline, 2 tasoa, metallihylly, s\u00e4\u00e4dett\u00e4v\u00e4, keng\u00e4t, seisontateline, eteiseen, vaatehuoneeseen, sis\u00e4\u00e4nk\u00e4yntialueelle<\/p>\n","protected":false},"featured_media":42978,"comment_status":"open","ping_status":"closed","template":"","meta":[],"product_brand":[],"product_cat":[32],"product_tag":[],"class_list":{"0":"post-34232","1":"product","2":"type-product","3":"status-publish","4":"has-post-thumbnail","6":"product_cat-uncategorized-fi","8":"first","9":"instock","10":"shipping-taxable","11":"purchasable","12":"product-type-simple"},"_links":{"self":[{"href":"https:\/\/nordicmart.andreevmaster.com\/fi\/wp-json\/wp\/v2\/product\/34232","targetHints":{"allow":["GET"]}}],"collection":[{"href":"https:\/\/nordicmart.andreevmaster.com\/fi\/wp-json\/wp\/v2\/product"}],"about":[{"href":"https:\/\/nordicmart.andreevmaster.com\/fi\/wp-json\/wp\/v2\/types\/product"}],"replies":[{"embeddable":true,"href":"https:\/\/nordicmart.andreevmaster.com\/fi\/wp-json\/wp\/v2\/comments?post=34232"}],"wp:featuredmedia":[{"embeddable":true,"href":"https:\/\/nordicmart.andreevmaster.com\/fi\/wp-json\/wp\/v2\/media\/42978"}],"wp:attachment":[{"href":"https:\/\/nordicmart.andreevmaster.com\/fi\/wp-json\/wp\/v2\/media?parent=34232"}],"wp:term":[{"taxonomy":"product_brand","embeddable":true,"href":"https:\/\/nordicmart.andreevmaster.com\/fi\/wp-json\/wp\/v2\/product_brand?post=34232"},{"taxonomy":"product_cat","embeddable":true,"href":"https:\/\/nordicmart.andreevmaster.com\/fi\/wp-json\/wp\/v2\/product_cat?post=34232"},{"taxonomy":"product_tag","embeddable":true,"href":"https:\/\/nordicmart.andreevmaster.com\/fi\/wp-json\/wp\/v2\/product_tag?post=34232"}],"curies":[{"name":"wp","href":"https:\/\/api.w.org\/{rel}","templated":true}]}}