{"id":34230,"date":"2026-02-27T00:24:51","date_gmt":"2026-02-27T00:24:51","guid":{"rendered":"https:\/\/nordicmart.andreevmaster.com\/product\/songmics-8-tasoinen-kenkateline-musta\/"},"modified":"2026-02-27T09:44:38","modified_gmt":"2026-02-27T09:44:38","slug":"songmics-8-tasoinen-kenkateline-musta","status":"publish","type":"product","link":"https:\/\/nordicmart.andreevmaster.com\/fi\/tuote\/songmics-8-tasoinen-kenkateline-musta\/","title":{"rendered":"SONGMICS 8-tasoinen kenk\u00e4teline Musta"},"content":{"rendered":"<p>Tyylik\u00e4s ja k\u00e4yt\u00e4nn\u00f6llinen: Kun tulet kotiin, onko ensimm\u00e4inen asia, jonka n\u00e4et, ymp\u00e4riins\u00e4 levitetyt keng\u00e4t? Vai s\u00e4ilyt\u00e4tk\u00f6 kaikki kenk\u00e4si liian pieness\u00e4 kaapissa? T\u00e4m\u00e4 hylly tuo j\u00e4rjestyst\u00e4 kenkiesi joukkoon ja on samalla eritt\u00e4in vakaa. Miksi sinun pit\u00e4isi valita t\u00e4m\u00e4 kapea kenk\u00e4hylly? Kompaktin kokonsa (44,6 x 30,5 x 128,5 cm) ansiosta t\u00e4m\u00e4 8-kerroksinen kenk\u00e4hylly tarjoaa paljon s\u00e4ilytystilaa, mutta vie vain v\u00e4h\u00e4n tilaa. Metallirunko antaa hyllylle lis\u00e4\u00e4 tukevuutta. Aseta se ruokakomeroon s\u00e4ilytyshyllyksi, eteiseen kenkien j\u00e4rjest\u00e4miseen tai yksinkertaisesti tyhj\u00e4\u00e4n nurkkaan. S\u00e4\u00e4dett\u00e4v\u00e4t jalat tarjoavat korkean vakauden ja suojaavat lattiaasi naarmuilta. Mukana toimitettu kaatumissuoja tarjoaa lis\u00e4 turvallisuutta perheellesi. Tuotetiedot:V\u00e4ri: musta Materiaali: ter\u00e4s Koko: 44,6 x 30,5 x 128,5 cm (P x L x K) Paino: 3,6 kg Maks. staattinen kantavuus tasoa kohti: 10 kg Toimitus sis\u00e4lt\u00e4\u00e4: 1 x kenk\u00e4hylly 1 x lis\u00e4varustepaketti 1 x ohjeet (DE, EN, FR, ES, IT) SONGMICS-huomautukset:Kiinnit\u00e4 t\u00e4m\u00e4 tuote sein\u00e4\u00e4n mukana toimitetulla kaatumissuojalla turvallisen k\u00e4yt\u00f6n varmistamiseksi. Tekstiss\u00e4 mainittu maks. kantavuus viittaa staattiseen maksimipainoon. \u00c4l\u00e4 ylit\u00e4 t\u00e4t\u00e4 10 kg:n maksimipainoa tasoa kohti.<\/p>\n","protected":false},"excerpt":{"rendered":"<p>SONGMICS kenk\u00e4hylly, 8-tasoinen kenk\u00e4teline, kapea, 16\u201324 parille kenki\u00e4, tilaa s\u00e4\u00e4st\u00e4v\u00e4, paljon s\u00e4ilytystilaa, metallihylly, 44,6 x 30,5 x 128,5 cm, musta LMR028B01<\/p>\n","protected":false},"featured_media":42976,"comment_status":"open","ping_status":"closed","template":"","meta":[],"product_brand":[],"product_cat":[32],"product_tag":[],"class_list":{"0":"post-34230","1":"product","2":"type-product","3":"status-publish","4":"has-post-thumbnail","6":"product_cat-uncategorized-fi","8":"first","9":"instock","10":"shipping-taxable","11":"purchasable","12":"product-type-simple"},"_links":{"self":[{"href":"https:\/\/nordicmart.andreevmaster.com\/fi\/wp-json\/wp\/v2\/product\/34230","targetHints":{"allow":["GET"]}}],"collection":[{"href":"https:\/\/nordicmart.andreevmaster.com\/fi\/wp-json\/wp\/v2\/product"}],"about":[{"href":"https:\/\/nordicmart.andreevmaster.com\/fi\/wp-json\/wp\/v2\/types\/product"}],"replies":[{"embeddable":true,"href":"https:\/\/nordicmart.andreevmaster.com\/fi\/wp-json\/wp\/v2\/comments?post=34230"}],"wp:featuredmedia":[{"embeddable":true,"href":"https:\/\/nordicmart.andreevmaster.com\/fi\/wp-json\/wp\/v2\/media\/42976"}],"wp:attachment":[{"href":"https:\/\/nordicmart.andreevmaster.com\/fi\/wp-json\/wp\/v2\/media?parent=34230"}],"wp:term":[{"taxonomy":"product_brand","embeddable":true,"href":"https:\/\/nordicmart.andreevmaster.com\/fi\/wp-json\/wp\/v2\/product_brand?post=34230"},{"taxonomy":"product_cat","embeddable":true,"href":"https:\/\/nordicmart.andreevmaster.com\/fi\/wp-json\/wp\/v2\/product_cat?post=34230"},{"taxonomy":"product_tag","embeddable":true,"href":"https:\/\/nordicmart.andreevmaster.com\/fi\/wp-json\/wp\/v2\/product_tag?post=34230"}],"curies":[{"name":"wp","href":"https:\/\/api.w.org\/{rel}","templated":true}]}}