{"id":34228,"date":"2026-02-27T00:24:50","date_gmt":"2026-02-27T00:24:50","guid":{"rendered":"https:\/\/nordicmart.andreevmaster.com\/product\/songmics-metallinen-kenkahylly-savuharmaa\/"},"modified":"2026-02-27T09:44:38","modified_gmt":"2026-02-27T09:44:38","slug":"songmics-metallinen-kenkahylly-savuharmaa","status":"publish","type":"product","link":"https:\/\/nordicmart.andreevmaster.com\/fi\/tuote\/songmics-metallinen-kenkahylly-savuharmaa\/","title":{"rendered":"SONGMICS metallinen kenk\u00e4hylly, savuharmaa"},"content":{"rendered":"<p>Rautalankahyllyt Hyllyt on valmistettu tukevasta rautaverkosta, jonka v\u00e4li on 16 cm, ja ne on suunniteltu siten, ett\u00e4 kaikki kenk\u00e4tyypit pysyv\u00e4t tukevasti paikoillaan eiv\u00e4tk\u00e4 putoa. Liitoskappaleet mukana 3-tasoiset hyllyt voidaan pinota p\u00e4\u00e4llekk\u00e4in, jolloin saat 6-tason hyllyn tilan. Jokainen sarja toimitetaan 2 liitoskappaleella pinoamista varten. S\u00e4\u00e4dett\u00e4v\u00e4t jalat Kierr\u00e4 jalat pohjaan, jotta teline pysyy vakaana hieman ep\u00e4tasaisilla lattioilla. Tuotetiedot: &#8211; V\u00e4ri: savuharmaa &#8211; Materiaali: jauhemaalatut rautaputket, metalliritil\u00e4hyllyt &#8211; Tuotteen koko: 71 x 52,5 x 30 cm (L x K x S) &#8211; Pinottu koko (2 sarjaa): 71 x 105 x 30 cm (L x K x S) &#8211; Paino: 3,2 kg &#8211; Kunkin hyllyn kantavuus: 5 kg Toimitus sis\u00e4lt\u00e4\u00e4: &#8211; 1 x kenk\u00e4hylly &#8211; 2 x muoviliitin &#8211; 1 x ohjeet (DE, EN, FR, ES, IT) SONGMICS Huomautukset: &#8211; Toimitus sis\u00e4lt\u00e4\u00e4 2 muoviliitint\u00e4 toisen hyllyn kokoamista varten. Jos ostat 2 sarjaa, yhdist\u00e4 ne ohjeiden mukaisesti 4 liittimell\u00e4. Jos olet ostanut yhden hyllyn, s\u00e4ilyt\u00e4 liittimet hyvin, jotta voit k\u00e4ytt\u00e4\u00e4 niit\u00e4 my\u00f6hemmin tarvittaessa. &#8211; Suosittelemme, ett\u00e4 et pinoa enemp\u00e4\u00e4 kuin 2 hylly\u00e4 p\u00e4\u00e4llekk\u00e4in, jotta hylly pysyy vakaana. Poista ylemm\u00e4n hyllyn s\u00e4\u00e4dett\u00e4v\u00e4t jalat ennen pinoamista.<\/p>\n","protected":false},"excerpt":{"rendered":"<p>SONGMICS 3-tasoinen metallinen kenk\u00e4hylly, pinottava varastohylly metallisilla hyllyill\u00e4 eteiseen, sis\u00e4\u00e4nk\u00e4yntialueelle, hylly korkokengille ja saappaille, 71 x 30 x 52,5 cm (L x S x K) savuharmaa LMR01GS<\/p>\n","protected":false},"featured_media":42974,"comment_status":"open","ping_status":"closed","template":"","meta":[],"product_brand":[],"product_cat":[32],"product_tag":[],"class_list":{"0":"post-34228","1":"product","2":"type-product","3":"status-publish","4":"has-post-thumbnail","6":"product_cat-uncategorized-fi","8":"first","9":"instock","10":"shipping-taxable","11":"purchasable","12":"product-type-simple"},"_links":{"self":[{"href":"https:\/\/nordicmart.andreevmaster.com\/fi\/wp-json\/wp\/v2\/product\/34228","targetHints":{"allow":["GET"]}}],"collection":[{"href":"https:\/\/nordicmart.andreevmaster.com\/fi\/wp-json\/wp\/v2\/product"}],"about":[{"href":"https:\/\/nordicmart.andreevmaster.com\/fi\/wp-json\/wp\/v2\/types\/product"}],"replies":[{"embeddable":true,"href":"https:\/\/nordicmart.andreevmaster.com\/fi\/wp-json\/wp\/v2\/comments?post=34228"}],"wp:featuredmedia":[{"embeddable":true,"href":"https:\/\/nordicmart.andreevmaster.com\/fi\/wp-json\/wp\/v2\/media\/42974"}],"wp:attachment":[{"href":"https:\/\/nordicmart.andreevmaster.com\/fi\/wp-json\/wp\/v2\/media?parent=34228"}],"wp:term":[{"taxonomy":"product_brand","embeddable":true,"href":"https:\/\/nordicmart.andreevmaster.com\/fi\/wp-json\/wp\/v2\/product_brand?post=34228"},{"taxonomy":"product_cat","embeddable":true,"href":"https:\/\/nordicmart.andreevmaster.com\/fi\/wp-json\/wp\/v2\/product_cat?post=34228"},{"taxonomy":"product_tag","embeddable":true,"href":"https:\/\/nordicmart.andreevmaster.com\/fi\/wp-json\/wp\/v2\/product_tag?post=34228"}],"curies":[{"name":"wp","href":"https:\/\/api.w.org\/{rel}","templated":true}]}}