{"id":34227,"date":"2026-02-27T00:24:50","date_gmt":"2026-02-27T00:24:50","guid":{"rendered":"https:\/\/nordicmart.andreevmaster.com\/product\/songmics-kenkahylly-5-hyllytasoa-tummanharmaa\/"},"modified":"2026-02-27T09:44:37","modified_gmt":"2026-02-27T09:44:37","slug":"songmics-kenkahylly-5-hyllytasoa-tummanharmaa","status":"publish","type":"product","link":"https:\/\/nordicmart.andreevmaster.com\/fi\/tuote\/songmics-kenkahylly-5-hyllytasoa-tummanharmaa\/","title":{"rendered":"SONGMICS kenk\u00e4hylly 5 hyllytasoa tummanharmaa"},"content":{"rendered":"<p>S\u00e4\u00e4dett\u00e4v\u00e4t hyllyt Hyllyt voidaan asentaa joustavasti ja tarpeen mukaan tasaisesti tai vinoon. Metalliritil\u00e4hylly Metalliritil\u00e4ss\u00e4 on erityisen tihe\u00e4 silm\u00e4koko, joka est\u00e4\u00e4 kenkien tai muiden pienten esineiden putoamisen. 4 s\u00e4\u00e4dett\u00e4v\u00e4\u00e4 jalkaa N\u00e4iden ansiosta hyllyn voi asettaa ongelmitta my\u00f6s ep\u00e4tasaiselle alustalle. Tuotetiedot:V\u00e4ri: tummanharmaa Materiaali: rauta Tuotteen koko: 74 x 30,7 x 104 cm (L x S x K) Paino: 5,7 kg Kunkin tason kantavuus: 10 kg Toimitus sis\u00e4lt\u00e4\u00e4: 1 x kenk\u00e4hylly 2 x muoviliitin 1 x lis\u00e4varustepussi 1 x ohjeet (DE, EN, FR, ES, IT) SONGMICS-huomautukset:Emme suosittele kahden 5-kerroksisen kenk\u00e4hyllyn pinoamista p\u00e4\u00e4llekk\u00e4in, koska se voi vaikuttaa tuotteiden turvallisuuteen ja vakauteen.<\/p>\n","protected":false},"excerpt":{"rendered":"<p>SONGMICS 5-tasoinen kenk\u00e4hylly, laajennettava metallinen kenk\u00e4teline, s\u00e4\u00e4dett\u00e4v\u00e4 kenk\u00e4hylly, 15\u201320 parille kenki\u00e4, lyhyille saappaille, avokkaille, tummanharmaa LMR005GB<\/p>\n","protected":false},"featured_media":42973,"comment_status":"open","ping_status":"closed","template":"","meta":[],"product_brand":[],"product_cat":[32],"product_tag":[],"class_list":{"0":"post-34227","1":"product","2":"type-product","3":"status-publish","4":"has-post-thumbnail","6":"product_cat-uncategorized-fi","8":"first","9":"instock","10":"shipping-taxable","11":"purchasable","12":"product-type-simple"},"_links":{"self":[{"href":"https:\/\/nordicmart.andreevmaster.com\/fi\/wp-json\/wp\/v2\/product\/34227","targetHints":{"allow":["GET"]}}],"collection":[{"href":"https:\/\/nordicmart.andreevmaster.com\/fi\/wp-json\/wp\/v2\/product"}],"about":[{"href":"https:\/\/nordicmart.andreevmaster.com\/fi\/wp-json\/wp\/v2\/types\/product"}],"replies":[{"embeddable":true,"href":"https:\/\/nordicmart.andreevmaster.com\/fi\/wp-json\/wp\/v2\/comments?post=34227"}],"wp:featuredmedia":[{"embeddable":true,"href":"https:\/\/nordicmart.andreevmaster.com\/fi\/wp-json\/wp\/v2\/media\/42973"}],"wp:attachment":[{"href":"https:\/\/nordicmart.andreevmaster.com\/fi\/wp-json\/wp\/v2\/media?parent=34227"}],"wp:term":[{"taxonomy":"product_brand","embeddable":true,"href":"https:\/\/nordicmart.andreevmaster.com\/fi\/wp-json\/wp\/v2\/product_brand?post=34227"},{"taxonomy":"product_cat","embeddable":true,"href":"https:\/\/nordicmart.andreevmaster.com\/fi\/wp-json\/wp\/v2\/product_cat?post=34227"},{"taxonomy":"product_tag","embeddable":true,"href":"https:\/\/nordicmart.andreevmaster.com\/fi\/wp-json\/wp\/v2\/product_tag?post=34227"}],"curies":[{"name":"wp","href":"https:\/\/api.w.org\/{rel}","templated":true}]}}