{"id":34226,"date":"2026-02-27T00:24:50","date_gmt":"2026-02-27T00:24:50","guid":{"rendered":"https:\/\/nordicmart.andreevmaster.com\/product\/songmics-kenkahylly-5-hyllytasoa-musta\/"},"modified":"2026-02-27T09:44:37","modified_gmt":"2026-02-27T09:44:37","slug":"songmics-kenkahylly-5-hyllytasoa-musta","status":"publish","type":"product","link":"https:\/\/nordicmart.andreevmaster.com\/fi\/tuote\/songmics-kenkahylly-5-hyllytasoa-musta\/","title":{"rendered":"SONGMICS kenk\u00e4hylly 5 hyllytasoa musta"},"content":{"rendered":"<p>LiitoskappaleetViisikerroksinen hylly ja kolmikerroksinen hylly voidaan yhdist\u00e4\u00e4 liitoskappaleiden avulla kahdeksankerroksiseksi hyllyksi.Metalliritil\u00e4Hylly on riitt\u00e4v\u00e4n leve\u00e4 (30,7 cm). Hienot silm\u00e4t ovat ihanteellisia stilettokengille, koska kantap\u00e4\u00e4t eiv\u00e4t j\u00e4\u00e4 kiinni ja vahingoitu. S\u00e4\u00e4dett\u00e4v\u00e4t tasausjalat Nelj\u00e4 korkeuss\u00e4\u00e4dett\u00e4v\u00e4\u00e4 jalkaa takaavat vakauden my\u00f6s hieman ep\u00e4tasaisella alustalla tai matolla.Tuotetiedot: V\u00e4ri: musta Materiaali: rauta Tuotteen koko: 74 x 30,7 x 104 cm (P x L x K) Paino: 5,7 kg Kunkin tason kantavuus: 10 kg Toimitus sis\u00e4lt\u00e4\u00e4: 1 x kenk\u00e4hylly 2 x muoviliitin 1 x lis\u00e4varustepussi 1 x ohjeet (DE, EN, FR, ES, IT) SONGMICS-huomautukset:Emme suosittele kahden 5-kerroksisen kenk\u00e4hyllyn pinoamista p\u00e4\u00e4llekk\u00e4in, koska se voi vaikuttaa tuotteiden turvallisuuteen ja vakauteen.<\/p>\n","protected":false},"excerpt":{"rendered":"<p>SONGMICS 5-tasoinen kenk\u00e4hylly, laajennettava metallinen kenk\u00e4teline, s\u00e4\u00e4dett\u00e4v\u00e4 kenk\u00e4hylly, 15\u201320 parille kenki\u00e4, lyhyille saappaille, avokkaille, tummanharmaa LMR005GB<\/p>\n","protected":false},"featured_media":42972,"comment_status":"open","ping_status":"closed","template":"","meta":[],"product_brand":[],"product_cat":[32],"product_tag":[],"class_list":{"0":"post-34226","1":"product","2":"type-product","3":"status-publish","4":"has-post-thumbnail","6":"product_cat-uncategorized-fi","8":"first","9":"instock","10":"shipping-taxable","11":"purchasable","12":"product-type-simple"},"_links":{"self":[{"href":"https:\/\/nordicmart.andreevmaster.com\/fi\/wp-json\/wp\/v2\/product\/34226","targetHints":{"allow":["GET"]}}],"collection":[{"href":"https:\/\/nordicmart.andreevmaster.com\/fi\/wp-json\/wp\/v2\/product"}],"about":[{"href":"https:\/\/nordicmart.andreevmaster.com\/fi\/wp-json\/wp\/v2\/types\/product"}],"replies":[{"embeddable":true,"href":"https:\/\/nordicmart.andreevmaster.com\/fi\/wp-json\/wp\/v2\/comments?post=34226"}],"wp:featuredmedia":[{"embeddable":true,"href":"https:\/\/nordicmart.andreevmaster.com\/fi\/wp-json\/wp\/v2\/media\/42972"}],"wp:attachment":[{"href":"https:\/\/nordicmart.andreevmaster.com\/fi\/wp-json\/wp\/v2\/media?parent=34226"}],"wp:term":[{"taxonomy":"product_brand","embeddable":true,"href":"https:\/\/nordicmart.andreevmaster.com\/fi\/wp-json\/wp\/v2\/product_brand?post=34226"},{"taxonomy":"product_cat","embeddable":true,"href":"https:\/\/nordicmart.andreevmaster.com\/fi\/wp-json\/wp\/v2\/product_cat?post=34226"},{"taxonomy":"product_tag","embeddable":true,"href":"https:\/\/nordicmart.andreevmaster.com\/fi\/wp-json\/wp\/v2\/product_tag?post=34226"}],"curies":[{"name":"wp","href":"https:\/\/api.w.org\/{rel}","templated":true}]}}