{"id":34225,"date":"2026-02-27T00:24:50","date_gmt":"2026-02-27T00:24:50","guid":{"rendered":"https:\/\/nordicmart.andreevmaster.com\/product\/vasagle-kulmahylly-kirjahylly-siksak-muotoinen-5-tasoa\/"},"modified":"2026-02-27T09:44:37","modified_gmt":"2026-02-27T09:44:37","slug":"vasagle-kulmahylly-kirjahylly-siksak-muotoinen-5-tasoa","status":"publish","type":"product","link":"https:\/\/nordicmart.andreevmaster.com\/fi\/tuote\/vasagle-kulmahylly-kirjahylly-siksak-muotoinen-5-tasoa\/","title":{"rendered":"VASAGLE kulmahylly, kirjahylly siksak-muotoinen, 5 tasoa"},"content":{"rendered":"<p>Tuotetiedot: &#8211; V\u00e4ri: vintage-ruskea-musta &#8211; Materiaali: lastulevy, ter\u00e4s &#8211; Koko: 20 x 20 x 127,5 cm (P x L x K) &#8211; Paino: 2,9 kg &#8211; Maks. staattinen kantavuus hylly\u00e4 kohti: 6 kg  Toimitus sis\u00e4lt\u00e4\u00e4: &#8211; 1 x kulmahylly &#8211; 1 x lis\u00e4varustepaketti &#8211; 1 x ohjeet VASAGLE Huomautukset: &#8211; Turvallisuussyist\u00e4 lapset eiv\u00e4t saa kiivet\u00e4 tuotteelle tai leikki\u00e4 sill\u00e4.<\/p>\n","protected":false},"excerpt":{"rendered":"<p>Kulmahylly, kirjahylly, siksak-muotoilu, 5 tasoa, 20 x 20 x 127,5 cm, makuuhuone, ty\u00f6huone, olohuone, vintage-ruskea-musta<\/p>\n","protected":false},"featured_media":46642,"comment_status":"open","ping_status":"closed","template":"","meta":[],"product_brand":[],"product_cat":[32],"product_tag":[],"class_list":{"0":"post-34225","1":"product","2":"type-product","3":"status-publish","4":"has-post-thumbnail","6":"product_cat-uncategorized-fi","8":"first","9":"instock","10":"shipping-taxable","11":"purchasable","12":"product-type-simple"},"_links":{"self":[{"href":"https:\/\/nordicmart.andreevmaster.com\/fi\/wp-json\/wp\/v2\/product\/34225","targetHints":{"allow":["GET"]}}],"collection":[{"href":"https:\/\/nordicmart.andreevmaster.com\/fi\/wp-json\/wp\/v2\/product"}],"about":[{"href":"https:\/\/nordicmart.andreevmaster.com\/fi\/wp-json\/wp\/v2\/types\/product"}],"replies":[{"embeddable":true,"href":"https:\/\/nordicmart.andreevmaster.com\/fi\/wp-json\/wp\/v2\/comments?post=34225"}],"wp:featuredmedia":[{"embeddable":true,"href":"https:\/\/nordicmart.andreevmaster.com\/fi\/wp-json\/wp\/v2\/media\/46642"}],"wp:attachment":[{"href":"https:\/\/nordicmart.andreevmaster.com\/fi\/wp-json\/wp\/v2\/media?parent=34225"}],"wp:term":[{"taxonomy":"product_brand","embeddable":true,"href":"https:\/\/nordicmart.andreevmaster.com\/fi\/wp-json\/wp\/v2\/product_brand?post=34225"},{"taxonomy":"product_cat","embeddable":true,"href":"https:\/\/nordicmart.andreevmaster.com\/fi\/wp-json\/wp\/v2\/product_cat?post=34225"},{"taxonomy":"product_tag","embeddable":true,"href":"https:\/\/nordicmart.andreevmaster.com\/fi\/wp-json\/wp\/v2\/product_tag?post=34225"}],"curies":[{"name":"wp","href":"https:\/\/api.w.org\/{rel}","templated":true}]}}