{"id":34220,"date":"2026-02-27T00:24:48","date_gmt":"2026-02-27T00:24:48","guid":{"rendered":"https:\/\/nordicmart.andreevmaster.com\/product\/vasagle-5-tasoinen-kulmahylly-korkeus-160-cm-kirjahylly\/"},"modified":"2026-02-27T09:44:36","modified_gmt":"2026-02-27T09:44:36","slug":"vasagle-5-tasoinen-kulmahylly-korkeus-160-cm-kirjahylly","status":"publish","type":"product","link":"https:\/\/nordicmart.andreevmaster.com\/fi\/tuote\/vasagle-5-tasoinen-kulmahylly-korkeus-160-cm-kirjahylly\/","title":{"rendered":"VASAGLE 5-tasoinen kulmahylly, korkeus 160 cm, kirjahylly"},"content":{"rendered":"<p>Kulm\u00e4hylly, 5 tasoa, korkeus 160 cm, kirjahylly, seisomahylly, s\u00e4ilytyshylly, olohuoneeseen, kylpyhuoneeseen, keitti\u00f6\u00f6n, eteiseen, vintage-ruskea-musta<br \/>\nTuotetiedot:<\/p>\n<p>&#8211; V\u00e4ri: vintage-ruskea-musta<br \/>\n&#8211; Materiaali: lastulevy, ter\u00e4s<br \/>\n&#8211; Koko: 30 x 30 x 160 cm (P x L x K)<br \/>\n&#8211; Paino: 6,6 kg<br \/>\n&#8211; Hyllytasojen maks. staattinen kantavuus: 11,3 kg<\/p>\n<p>Toimitus sis\u00e4lt\u00e4\u00e4:<\/p>\n<p>&#8211; 1 x kulmahylly<br \/>\n&#8211; 1 x lis\u00e4varustepaketti<br \/>\n&#8211; 1 x kaatumissuoja<br \/>\n&#8211; 1 x ohjeet<\/p>\n<p>VASAGLE Huomautukset:<\/p>\n<p>&#8211; Kiinnit\u00e4 t\u00e4m\u00e4 tuote sein\u00e4\u00e4n mukana toimitetulla kaatumissuojalla.<\/p>\n","protected":false},"excerpt":{"rendered":"<p>Kulm\u00e4hylly, 5 tasoa, korkeus 160 cm, kirjahylly, seisomahylly, s\u00e4ilytyshylly, olohuoneeseen, kylpyhuoneeseen, keitti\u00f6\u00f6n, eteiseen, vintage-ruskea-musta<\/p>\n","protected":false},"featured_media":42967,"comment_status":"open","ping_status":"closed","template":"","meta":[],"product_brand":[],"product_cat":[32],"product_tag":[],"class_list":{"0":"post-34220","1":"product","2":"type-product","3":"status-publish","4":"has-post-thumbnail","6":"product_cat-uncategorized-fi","8":"first","9":"instock","10":"shipping-taxable","11":"purchasable","12":"product-type-simple"},"_links":{"self":[{"href":"https:\/\/nordicmart.andreevmaster.com\/fi\/wp-json\/wp\/v2\/product\/34220","targetHints":{"allow":["GET"]}}],"collection":[{"href":"https:\/\/nordicmart.andreevmaster.com\/fi\/wp-json\/wp\/v2\/product"}],"about":[{"href":"https:\/\/nordicmart.andreevmaster.com\/fi\/wp-json\/wp\/v2\/types\/product"}],"replies":[{"embeddable":true,"href":"https:\/\/nordicmart.andreevmaster.com\/fi\/wp-json\/wp\/v2\/comments?post=34220"}],"wp:featuredmedia":[{"embeddable":true,"href":"https:\/\/nordicmart.andreevmaster.com\/fi\/wp-json\/wp\/v2\/media\/42967"}],"wp:attachment":[{"href":"https:\/\/nordicmart.andreevmaster.com\/fi\/wp-json\/wp\/v2\/media?parent=34220"}],"wp:term":[{"taxonomy":"product_brand","embeddable":true,"href":"https:\/\/nordicmart.andreevmaster.com\/fi\/wp-json\/wp\/v2\/product_brand?post=34220"},{"taxonomy":"product_cat","embeddable":true,"href":"https:\/\/nordicmart.andreevmaster.com\/fi\/wp-json\/wp\/v2\/product_cat?post=34220"},{"taxonomy":"product_tag","embeddable":true,"href":"https:\/\/nordicmart.andreevmaster.com\/fi\/wp-json\/wp\/v2\/product_tag?post=34220"}],"curies":[{"name":"wp","href":"https:\/\/api.w.org\/{rel}","templated":true}]}}