{"id":34209,"date":"2026-02-27T00:24:46","date_gmt":"2026-02-27T00:24:46","guid":{"rendered":"https:\/\/nordicmart.andreevmaster.com\/product\/vasagle-teollinen-design-kulmahylly-4-hyllya\/"},"modified":"2026-02-27T09:44:34","modified_gmt":"2026-02-27T09:44:34","slug":"vasagle-teollinen-design-kulmahylly-4-hyllya","status":"publish","type":"product","link":"https:\/\/nordicmart.andreevmaster.com\/fi\/tuote\/vasagle-teollinen-design-kulmahylly-4-hyllya\/","title":{"rendered":"VASAGLE Teollinen design Kulm\u00e4hylly 4 hylly\u00e4"},"content":{"rendered":"<p>Jos tarvitset lis\u00e4\u00e4 tilaa ja haluat hy\u00f6dynt\u00e4\u00e4 kodin kulmat j\u00e4rkev\u00e4sti, kannattaa valita t\u00e4m\u00e4 tikkaat-hylly. Se yhdist\u00e4\u00e4 klassisen ja modernin huonekalutyylin vieh\u00e4tyksen.  K\u00e4yt\u00e4 sit\u00e4 olohuoneessa T\u00e4yt\u00e4 hylly silmiinpist\u00e4vill\u00e4 koriste-esineill\u00e4, ja siit\u00e4 tulee varmasti kodin keskipiste.  Aseta se ty\u00f6huoneeseesi, toimistoosi tai kotitoimistoosi Aseta kirjat hyllylle ja s\u00e4ilyt\u00e4 asiakirjat k\u00e4den ulottuvilla. K\u00e4yt\u00e4 sit\u00e4 kylpyhuoneessa J\u00e4rjest\u00e4 pyyhkeet, hygieniatuotteet, wc-paperirullat ja paljon muuta. Aseta se parvekkeelle Esittele ylpe\u00e4n\u00e4 kasvisi, akvaariosi ja muut koristeet samalla kun sisustat rentouttavan nurkkauksen.  Valitse t\u00e4m\u00e4 VASAGLE-kulmahylly ja lis\u00e4\u00e4 s\u00e4ilytystilaa sek\u00e4 kaunis ja toimiva huonekalu kotiisi! Tuotetiedot: &#8211; V\u00e4ri: vintage-ruskea-musta &#8211; Materiaali: puulevy, ter\u00e4s &#8211; Mitat: 34 x 125 x 34 cm (L x K x S) &#8211; Paino: 6,87 kg &#8211; Maks. staattinen kantavuus hylly\u00e4 kohti: 5 kg Toimitus sis\u00e4lt\u00e4\u00e4: &#8211; 1 x kulmahylly &#8211; 1 x lis\u00e4varustesarja &#8211; 1 x ohjeet (DE, EN, FR, ES, IT) VASAGLE-ohjeet: &#8211; V\u00e4lt\u00e4 suoraa auringonvaloa. &#8211; V\u00e4lt\u00e4 kosketusta ter\u00e4vien ja ter\u00e4vien esineiden, kuten veitsien, kanssa, jotta pinta ei vahingoitu.<\/p>\n","protected":false},"excerpt":{"rendered":"<p>Kulmahylly, 4-tasoinen kirjahylly, tikkaathylly, s\u00e4ilytyshylly, kasvien hylly olohuoneeseen, ter\u00e4srunko, vintage-ruskea-musta<\/p>\n","protected":false},"featured_media":42956,"comment_status":"open","ping_status":"closed","template":"","meta":[],"product_brand":[],"product_cat":[32],"product_tag":[],"class_list":{"0":"post-34209","1":"product","2":"type-product","3":"status-publish","4":"has-post-thumbnail","6":"product_cat-uncategorized-fi","8":"first","9":"instock","10":"shipping-taxable","11":"purchasable","12":"product-type-simple"},"_links":{"self":[{"href":"https:\/\/nordicmart.andreevmaster.com\/fi\/wp-json\/wp\/v2\/product\/34209","targetHints":{"allow":["GET"]}}],"collection":[{"href":"https:\/\/nordicmart.andreevmaster.com\/fi\/wp-json\/wp\/v2\/product"}],"about":[{"href":"https:\/\/nordicmart.andreevmaster.com\/fi\/wp-json\/wp\/v2\/types\/product"}],"replies":[{"embeddable":true,"href":"https:\/\/nordicmart.andreevmaster.com\/fi\/wp-json\/wp\/v2\/comments?post=34209"}],"wp:featuredmedia":[{"embeddable":true,"href":"https:\/\/nordicmart.andreevmaster.com\/fi\/wp-json\/wp\/v2\/media\/42956"}],"wp:attachment":[{"href":"https:\/\/nordicmart.andreevmaster.com\/fi\/wp-json\/wp\/v2\/media?parent=34209"}],"wp:term":[{"taxonomy":"product_brand","embeddable":true,"href":"https:\/\/nordicmart.andreevmaster.com\/fi\/wp-json\/wp\/v2\/product_brand?post=34209"},{"taxonomy":"product_cat","embeddable":true,"href":"https:\/\/nordicmart.andreevmaster.com\/fi\/wp-json\/wp\/v2\/product_cat?post=34209"},{"taxonomy":"product_tag","embeddable":true,"href":"https:\/\/nordicmart.andreevmaster.com\/fi\/wp-json\/wp\/v2\/product_tag?post=34209"}],"curies":[{"name":"wp","href":"https:\/\/api.w.org\/{rel}","templated":true}]}}