{"id":34204,"date":"2026-02-27T00:24:44","date_gmt":"2026-02-27T00:24:44","guid":{"rendered":"https:\/\/nordicmart.andreevmaster.com\/product\/vasagle-kirjahylly-tikkaat-5-tasoa-kapea-hylly\/"},"modified":"2026-02-27T09:44:33","modified_gmt":"2026-02-27T09:44:33","slug":"vasagle-kirjahylly-tikkaat-5-tasoa-kapea-hylly","status":"publish","type":"product","link":"https:\/\/nordicmart.andreevmaster.com\/fi\/tuote\/vasagle-kirjahylly-tikkaat-5-tasoa-kapea-hylly\/","title":{"rendered":"VASAGLE Kirjahylly, tikkaat 5 tasoa, kapea hylly"},"content":{"rendered":"<p>VASAGLE Kirjahylly, tikkaahylly, avoin, 4 tasoa, metallirunko, olohuoneeseen, makuuhuoneeseen, keitti\u00f6\u00f6n, ty\u00f6huoneeseen, toimistoon, teollinen muotoilu, vintage-ruskea-musta LLS108B01<br \/>\nTekniset tiedot:<br \/>\n&#8211; Mitat: 30 x 80 x 170 cm (S x L x K)<br \/>\n&#8211; Paino: 16,9 kg<br \/>\n&#8211; Maks. staattinen kokonaiskantavuus: 75 kg<br \/>\n&#8211; Materiaali: lastulevy, ter\u00e4s<br \/>\n&#8211; V\u00e4ri: vintage-ruskea-musta<\/p>\n","protected":false},"excerpt":{"rendered":"<p>VASAGLE Kirjahylly, tikkaahylly, avoin, 4 tasoa, metallirunko, olohuoneeseen, makuuhuoneeseen, keitti\u00f6\u00f6n, ty\u00f6huoneeseen, toimistoon, teollinen muotoilu, vintage-ruskea-musta LLS108B01<\/p>\n","protected":false},"featured_media":42951,"comment_status":"open","ping_status":"closed","template":"","meta":[],"product_brand":[],"product_cat":[32],"product_tag":[],"class_list":{"0":"post-34204","1":"product","2":"type-product","3":"status-publish","4":"has-post-thumbnail","6":"product_cat-uncategorized-fi","8":"first","9":"instock","10":"shipping-taxable","11":"purchasable","12":"product-type-simple"},"_links":{"self":[{"href":"https:\/\/nordicmart.andreevmaster.com\/fi\/wp-json\/wp\/v2\/product\/34204","targetHints":{"allow":["GET"]}}],"collection":[{"href":"https:\/\/nordicmart.andreevmaster.com\/fi\/wp-json\/wp\/v2\/product"}],"about":[{"href":"https:\/\/nordicmart.andreevmaster.com\/fi\/wp-json\/wp\/v2\/types\/product"}],"replies":[{"embeddable":true,"href":"https:\/\/nordicmart.andreevmaster.com\/fi\/wp-json\/wp\/v2\/comments?post=34204"}],"wp:featuredmedia":[{"embeddable":true,"href":"https:\/\/nordicmart.andreevmaster.com\/fi\/wp-json\/wp\/v2\/media\/42951"}],"wp:attachment":[{"href":"https:\/\/nordicmart.andreevmaster.com\/fi\/wp-json\/wp\/v2\/media?parent=34204"}],"wp:term":[{"taxonomy":"product_brand","embeddable":true,"href":"https:\/\/nordicmart.andreevmaster.com\/fi\/wp-json\/wp\/v2\/product_brand?post=34204"},{"taxonomy":"product_cat","embeddable":true,"href":"https:\/\/nordicmart.andreevmaster.com\/fi\/wp-json\/wp\/v2\/product_cat?post=34204"},{"taxonomy":"product_tag","embeddable":true,"href":"https:\/\/nordicmart.andreevmaster.com\/fi\/wp-json\/wp\/v2\/product_tag?post=34204"}],"curies":[{"name":"wp","href":"https:\/\/api.w.org\/{rel}","templated":true}]}}