{"id":34184,"date":"2026-02-27T00:24:38","date_gmt":"2026-02-27T00:24:38","guid":{"rendered":"https:\/\/nordicmart.andreevmaster.com\/product\/vasagle-5-tasoinen-kirjahylly-tikkaat-kapea-hylly\/"},"modified":"2026-02-27T09:44:29","modified_gmt":"2026-02-27T09:44:29","slug":"vasagle-5-tasoinen-kirjahylly-tikkaat-kapea-hylly","status":"publish","type":"product","link":"https:\/\/nordicmart.andreevmaster.com\/fi\/tuote\/vasagle-5-tasoinen-kirjahylly-tikkaat-kapea-hylly\/","title":{"rendered":"VASAGLE 5-tasoinen kirjahylly, tikkaat, kapea hylly"},"content":{"rendered":"<p>Tuotetiedot: &#8211; V\u00e4ri: vintage-ruskea-musta &#8211; Materiaali: lastulevy, ter\u00e4s &#8211; Koko: 30 x 60 x 170 cm (S x L x K) &#8211; Paino: 11 kg &#8211; Maks. staattinen kantavuus hyllytasoa kohti: 10 kg Toimitus sis\u00e4lt\u00e4\u00e4: &#8211; 1 x tikkaat &#8211; 1 x lis\u00e4varustepaketti &#8211; 2 x kaatumissuoja &#8211; 1 x ohjeet VASAGLE Huomautukset: &#8211; Kiinnit\u00e4 t\u00e4m\u00e4 tuote sein\u00e4\u00e4n mukana toimitetulla kaatumissuojalla. &#8211; Turvallisuussyist\u00e4 lapset eiv\u00e4t saa kiivet\u00e4 tuotteelle tai leikki\u00e4 sill\u00e4.<\/p>\n","protected":false},"excerpt":{"rendered":"<p>VASAGLE Kirjahylly, tikkaahylly 5 hyllyll\u00e4, avoin, seisomahylly, kapea, olohuoneeseen, makuuhuoneeseen, keitti\u00f6\u00f6n, toimistoon, metallirunko, teollinen muotoilu, vintage-ruskea-musta LLS067B01<\/p>\n","protected":false},"featured_media":42932,"comment_status":"open","ping_status":"closed","template":"","meta":[],"product_brand":[],"product_cat":[32],"product_tag":[],"class_list":{"0":"post-34184","1":"product","2":"type-product","3":"status-publish","4":"has-post-thumbnail","6":"product_cat-uncategorized-fi","8":"first","9":"instock","10":"shipping-taxable","11":"purchasable","12":"product-type-simple"},"_links":{"self":[{"href":"https:\/\/nordicmart.andreevmaster.com\/fi\/wp-json\/wp\/v2\/product\/34184","targetHints":{"allow":["GET"]}}],"collection":[{"href":"https:\/\/nordicmart.andreevmaster.com\/fi\/wp-json\/wp\/v2\/product"}],"about":[{"href":"https:\/\/nordicmart.andreevmaster.com\/fi\/wp-json\/wp\/v2\/types\/product"}],"replies":[{"embeddable":true,"href":"https:\/\/nordicmart.andreevmaster.com\/fi\/wp-json\/wp\/v2\/comments?post=34184"}],"wp:featuredmedia":[{"embeddable":true,"href":"https:\/\/nordicmart.andreevmaster.com\/fi\/wp-json\/wp\/v2\/media\/42932"}],"wp:attachment":[{"href":"https:\/\/nordicmart.andreevmaster.com\/fi\/wp-json\/wp\/v2\/media?parent=34184"}],"wp:term":[{"taxonomy":"product_brand","embeddable":true,"href":"https:\/\/nordicmart.andreevmaster.com\/fi\/wp-json\/wp\/v2\/product_brand?post=34184"},{"taxonomy":"product_cat","embeddable":true,"href":"https:\/\/nordicmart.andreevmaster.com\/fi\/wp-json\/wp\/v2\/product_cat?post=34184"},{"taxonomy":"product_tag","embeddable":true,"href":"https:\/\/nordicmart.andreevmaster.com\/fi\/wp-json\/wp\/v2\/product_tag?post=34184"}],"curies":[{"name":"wp","href":"https:\/\/api.w.org\/{rel}","templated":true}]}}