{"id":34183,"date":"2026-02-27T00:24:38","date_gmt":"2026-02-27T00:24:38","guid":{"rendered":"https:\/\/nordicmart.andreevmaster.com\/product\/vasagle-kirjahylly-5-tasoinen-hyllykko-hylly\/"},"modified":"2026-02-27T09:44:29","modified_gmt":"2026-02-27T09:44:29","slug":"vasagle-kirjahylly-5-tasoinen-hyllykko-hylly","status":"publish","type":"product","link":"https:\/\/nordicmart.andreevmaster.com\/fi\/tuote\/vasagle-kirjahylly-5-tasoinen-hyllykko-hylly\/","title":{"rendered":"VASAGLE Kirjahylly, 5-tasoinen hyllykk\u00f6, hylly"},"content":{"rendered":"<p>Yksinkertainen ja toimiva Kaikille, jotka etsiv\u00e4t yksinkertaista hylly\u00e4, joka ei varasta huomiota kirjoiltasi. Sopii kaikkiin huoneisiin Haluatko sijoittaa t\u00e4m\u00e4n vintage-tyylisen hyllyn olohuoneeseen, ty\u00f6huoneeseen tai makuuhuoneeseen? P\u00e4\u00e4t\u00f6s on sinun!Vakaus on A ja O:S\u00e4\u00e4dett\u00e4v\u00e4t jalat takaavat hyllyn hyv\u00e4n vakauden ja est\u00e4v\u00e4t pienet ep\u00e4tasaisuudet.S\u00e4ilytystilaa?Mit\u00e4 enemm\u00e4n, sen parempi! T\u00e4ss\u00e4 hyllyss\u00e4 on 5 hyllytasoa, jotka tarjoavat runsaasti s\u00e4ilytystilaa kirjoillesi ja koriste-esineillesi. Tuotetiedot: V\u00e4ri: greige-musta Materiaali: lastulevy, ter\u00e4s Koko: 105 x 33,5 x 177,5 cm (P x L x K) Hyllytasojen v\u00e4linen et\u00e4isyys: 36 cm Paino: 23 kg Hyllytasojen enimm\u00e4iskuormitus: 30 kgToimitus sis\u00e4lt\u00e4\u00e4:1 x kirjahylly1 x lis\u00e4varustepaketti1 x kuusiokoloavain1 x ohjeet (DE, EN, FR, ES, IT)VASAGLE-ohjeet:Sijoita tuote kuivaan paikkaan sis\u00e4tiloissa.Hyllykerroksen enimm\u00e4iskuormitus on 30 kg. \u00c4l\u00e4 aseta tuotteen p\u00e4\u00e4lle painavampia esineit\u00e4. K\u00e4yt\u00e4 mukana toimitettua kaatumissuojaa.<\/p>\n","protected":false},"excerpt":{"rendered":"<p>VASAGLE kirjahylly, tukeva hyllykk\u00f6, 5 hyllytasoa, olohuoneen hylly teollisella muotoilulla, helppo koota, olohuone, makuuhuone, toimisto, greige-musta LLS055B02<\/p>\n","protected":false},"featured_media":42931,"comment_status":"open","ping_status":"closed","template":"","meta":[],"product_brand":[],"product_cat":[32],"product_tag":[],"class_list":{"0":"post-34183","1":"product","2":"type-product","3":"status-publish","4":"has-post-thumbnail","6":"product_cat-uncategorized-fi","8":"first","9":"instock","10":"shipping-taxable","11":"purchasable","12":"product-type-simple"},"_links":{"self":[{"href":"https:\/\/nordicmart.andreevmaster.com\/fi\/wp-json\/wp\/v2\/product\/34183","targetHints":{"allow":["GET"]}}],"collection":[{"href":"https:\/\/nordicmart.andreevmaster.com\/fi\/wp-json\/wp\/v2\/product"}],"about":[{"href":"https:\/\/nordicmart.andreevmaster.com\/fi\/wp-json\/wp\/v2\/types\/product"}],"replies":[{"embeddable":true,"href":"https:\/\/nordicmart.andreevmaster.com\/fi\/wp-json\/wp\/v2\/comments?post=34183"}],"wp:featuredmedia":[{"embeddable":true,"href":"https:\/\/nordicmart.andreevmaster.com\/fi\/wp-json\/wp\/v2\/media\/42931"}],"wp:attachment":[{"href":"https:\/\/nordicmart.andreevmaster.com\/fi\/wp-json\/wp\/v2\/media?parent=34183"}],"wp:term":[{"taxonomy":"product_brand","embeddable":true,"href":"https:\/\/nordicmart.andreevmaster.com\/fi\/wp-json\/wp\/v2\/product_brand?post=34183"},{"taxonomy":"product_cat","embeddable":true,"href":"https:\/\/nordicmart.andreevmaster.com\/fi\/wp-json\/wp\/v2\/product_cat?post=34183"},{"taxonomy":"product_tag","embeddable":true,"href":"https:\/\/nordicmart.andreevmaster.com\/fi\/wp-json\/wp\/v2\/product_tag?post=34183"}],"curies":[{"name":"wp","href":"https:\/\/api.w.org\/{rel}","templated":true}]}}