{"id":34177,"date":"2026-02-27T00:24:36","date_gmt":"2026-02-27T00:24:36","guid":{"rendered":"https:\/\/nordicmart.andreevmaster.com\/product\/vasagle-kulmahylly-4-tasoinen-kirjahylly-tikkaat\/"},"modified":"2026-02-27T09:44:28","modified_gmt":"2026-02-27T09:44:28","slug":"vasagle-kulmahylly-4-tasoinen-kirjahylly-tikkaat","status":"publish","type":"product","link":"https:\/\/nordicmart.andreevmaster.com\/fi\/tuote\/vasagle-kulmahylly-4-tasoinen-kirjahylly-tikkaat\/","title":{"rendered":"VASAGLE kulmahylly, 4-tasoinen kirjahylly, tikkaat"},"content":{"rendered":"<p>Kulmahylly, 4-tasoinen kirjahylly, tikkaathylly, s\u00e4ilytyshylly, kasvien hylly olohuoneeseen, ter\u00e4srunko, luonnonv\u00e4rinen tammi-mattavalkoinen<br \/>\nTuotetiedot:<br \/>\n&#8211; V\u00e4ri: antrasiitinharmaa-musta<br \/>\n&#8211; Materiaali: lastulevy, ter\u00e4s<br \/>\n&#8211; Koko: 33,4 x 33,4 x 125 cm (S x L x K)<br \/>\n&#8211; Paino: 5,5 kg<br \/>\n&#8211; Maks. staattinen kantavuus per hylly: 5 kg<\/p>\n<p>Toimitus sis\u00e4lt\u00e4\u00e4<br \/>\n&#8211; 1 x kulmahylly<br \/>\n&#8211; 1 x lis\u00e4varustepaketti<br \/>\n&#8211; 1 x kaatumissuoja<br \/>\n&#8211; 1 x ohjeet<\/p>\n<p>VASAGLE Huomautukset:<br \/>\n&#8211; Kiinnit\u00e4 t\u00e4m\u00e4 tuote sein\u00e4\u00e4n mukana toimitetulla kaatumissuojalla turvallisen k\u00e4yt\u00f6n varmistamiseksi.<\/p>\n","protected":false},"excerpt":{"rendered":"<p>Kulmahylly, 4-tasoinen kirjahylly, tikkaathylly, s\u00e4ilytyshylly, kasvien hylly olohuoneeseen, ter\u00e4srunko, luonnonv\u00e4rinen tammi-mattavalkoinen<\/p>\n","protected":false},"featured_media":42925,"comment_status":"open","ping_status":"closed","template":"","meta":[],"product_brand":[],"product_cat":[32],"product_tag":[],"class_list":{"0":"post-34177","1":"product","2":"type-product","3":"status-publish","4":"has-post-thumbnail","6":"product_cat-uncategorized-fi","8":"first","9":"instock","10":"shipping-taxable","11":"purchasable","12":"product-type-simple"},"_links":{"self":[{"href":"https:\/\/nordicmart.andreevmaster.com\/fi\/wp-json\/wp\/v2\/product\/34177","targetHints":{"allow":["GET"]}}],"collection":[{"href":"https:\/\/nordicmart.andreevmaster.com\/fi\/wp-json\/wp\/v2\/product"}],"about":[{"href":"https:\/\/nordicmart.andreevmaster.com\/fi\/wp-json\/wp\/v2\/types\/product"}],"replies":[{"embeddable":true,"href":"https:\/\/nordicmart.andreevmaster.com\/fi\/wp-json\/wp\/v2\/comments?post=34177"}],"wp:featuredmedia":[{"embeddable":true,"href":"https:\/\/nordicmart.andreevmaster.com\/fi\/wp-json\/wp\/v2\/media\/42925"}],"wp:attachment":[{"href":"https:\/\/nordicmart.andreevmaster.com\/fi\/wp-json\/wp\/v2\/media?parent=34177"}],"wp:term":[{"taxonomy":"product_brand","embeddable":true,"href":"https:\/\/nordicmart.andreevmaster.com\/fi\/wp-json\/wp\/v2\/product_brand?post=34177"},{"taxonomy":"product_cat","embeddable":true,"href":"https:\/\/nordicmart.andreevmaster.com\/fi\/wp-json\/wp\/v2\/product_cat?post=34177"},{"taxonomy":"product_tag","embeddable":true,"href":"https:\/\/nordicmart.andreevmaster.com\/fi\/wp-json\/wp\/v2\/product_tag?post=34177"}],"curies":[{"name":"wp","href":"https:\/\/api.w.org\/{rel}","templated":true}]}}