{"id":34171,"date":"2026-02-27T00:24:34","date_gmt":"2026-02-27T00:24:34","guid":{"rendered":"https:\/\/nordicmart.andreevmaster.com\/product\/vasagle-tikkaat-5-hyllylla\/"},"modified":"2026-02-27T09:44:26","modified_gmt":"2026-02-27T09:44:26","slug":"vasagle-tikkaat-5-hyllylla","status":"publish","type":"product","link":"https:\/\/nordicmart.andreevmaster.com\/fi\/tuote\/vasagle-tikkaat-5-hyllylla\/","title":{"rendered":"VASAGLE-tikkaat 5 hyllyll\u00e4"},"content":{"rendered":"<p>Tuotekuvaus: Kulmien j\u00e4rjest\u00e4minen Kirjapaketit lojuvat ep\u00e4j\u00e4rjestyksess\u00e4 lattialla, kauniit koriste-esineet ja valokuvat lojuvat jossain laatikoissa \u2013 t\u00e4ll\u00e4 VASAGLE-kulm\u00e4hyllyll\u00e4 saat 5 ylim\u00e4\u00e4r\u00e4ist\u00e4 hylly\u00e4, joille voit sijoittaa kaikki suosikkiesineesi. Vakaa, kuten ansaitset 4 jalalla, kaatumisenestosuojalla ja kest\u00e4vill\u00e4 E1-luokan MDF-levyill\u00e4 varustettu kirjahylly on erityisen vakaa ja kest\u00e4\u00e4 jopa 20 kg:n painon. N\u00e4in kirjat, valokuvakehykset ja koriste-esineet saavat ansaitsemansa turvallisen paikan. Tuotetiedot: &#8211; V\u00e4ri: valkoinen &#8211; Materiaali: keskitihe\u00e4 kuitulevy (MDF) &#8211; Koko: 33,5 x 33,5 x 160 cm (P x L x K) &#8211; Paino: 7,3 kg &#8211; Maks. staattinen kantavuus: 20 kg Toimitus sis\u00e4lt\u00e4\u00e4:- 1 x kulmahylly &#8211; 1 x s\u00e4ilytyslaatikko tarvikkeineen &#8211; 1 x ohjeet (DE, EN, FR, ES, IT) VASAGLE-ohjeet: &#8211; Lapset eiv\u00e4t saa kiivet\u00e4 tuotteelle tai leikki\u00e4 sill\u00e4. &#8211; Asenna tuote tarkasti ohjeiden mukaisesti. &#8211; Kiinnit\u00e4 tuote sein\u00e4\u00e4n mukana toimitetulla kaatumissuojalla.<\/p>\n","protected":false},"excerpt":{"rendered":"<p>VASAGLE kulmahylly, kirjahylly 5 hyllyll\u00e4, tikkaathylly, kasvihylly, tukeva seisomahylly olohuoneeseen, kylpyhuoneeseen, makuuhuoneeseen, toimistoon, valkoinen LLS91WT<\/p>\n","protected":false},"featured_media":42920,"comment_status":"open","ping_status":"closed","template":"","meta":[],"product_brand":[],"product_cat":[32],"product_tag":[],"class_list":{"0":"post-34171","1":"product","2":"type-product","3":"status-publish","4":"has-post-thumbnail","6":"product_cat-uncategorized-fi","8":"first","9":"instock","10":"shipping-taxable","11":"purchasable","12":"product-type-simple"},"_links":{"self":[{"href":"https:\/\/nordicmart.andreevmaster.com\/fi\/wp-json\/wp\/v2\/product\/34171","targetHints":{"allow":["GET"]}}],"collection":[{"href":"https:\/\/nordicmart.andreevmaster.com\/fi\/wp-json\/wp\/v2\/product"}],"about":[{"href":"https:\/\/nordicmart.andreevmaster.com\/fi\/wp-json\/wp\/v2\/types\/product"}],"replies":[{"embeddable":true,"href":"https:\/\/nordicmart.andreevmaster.com\/fi\/wp-json\/wp\/v2\/comments?post=34171"}],"wp:featuredmedia":[{"embeddable":true,"href":"https:\/\/nordicmart.andreevmaster.com\/fi\/wp-json\/wp\/v2\/media\/42920"}],"wp:attachment":[{"href":"https:\/\/nordicmart.andreevmaster.com\/fi\/wp-json\/wp\/v2\/media?parent=34171"}],"wp:term":[{"taxonomy":"product_brand","embeddable":true,"href":"https:\/\/nordicmart.andreevmaster.com\/fi\/wp-json\/wp\/v2\/product_brand?post=34171"},{"taxonomy":"product_cat","embeddable":true,"href":"https:\/\/nordicmart.andreevmaster.com\/fi\/wp-json\/wp\/v2\/product_cat?post=34171"},{"taxonomy":"product_tag","embeddable":true,"href":"https:\/\/nordicmart.andreevmaster.com\/fi\/wp-json\/wp\/v2\/product_tag?post=34171"}],"curies":[{"name":"wp","href":"https:\/\/api.w.org\/{rel}","templated":true}]}}