{"id":34170,"date":"2026-02-27T00:24:34","date_gmt":"2026-02-27T00:24:34","guid":{"rendered":"https:\/\/nordicmart.andreevmaster.com\/product\/vasagle-kirjahylly-maalaistyyli-valkoinen\/"},"modified":"2026-02-27T09:44:26","modified_gmt":"2026-02-27T09:44:26","slug":"vasagle-kirjahylly-maalaistyyli-valkoinen","status":"publish","type":"product","link":"https:\/\/nordicmart.andreevmaster.com\/fi\/tuote\/vasagle-kirjahylly-maalaistyyli-valkoinen\/","title":{"rendered":"VASAGLE Kirjahylly maalaistyyli Valkoinen"},"content":{"rendered":"<p>Oletko jo kyll\u00e4stynyt ymp\u00e4riins\u00e4 lojuvien esineiden n\u00e4kemiseen? Jos haluat hy\u00f6dynt\u00e4\u00e4 kotisi tilan t\u00e4ysim\u00e4\u00e4r\u00e4isesti, t\u00e4m\u00e4 s\u00e4ilytyshylly t\u00e4ytt\u00e4\u00e4 toiveesi. Se yhdist\u00e4\u00e4 klassisen ja nykyaikaisen huonekalutyylin vieh\u00e4tyksen ja sopii t\u00e4ydellisesti kotiisi. Sijoita se olohuoneeseen \u2013 t\u00e4yt\u00e4 tikkaashylly silmiinpist\u00e4vill\u00e4 koriste-esineill\u00e4, ja siit\u00e4 tulee varmasti kodin keskipiste.Aseta hylly ty\u00f6huoneeseen tai toimistoon \u2013 pid\u00e4 kirjat, asiakirjat, kunniamerkit jne. k\u00e4den ulottuvilla. Aseta parvekkeelle \u2013 esittele ruukkukasvit, akvaariot ja niin edelleen luoden samalla rauhallisen nurkkauksen. Napsauta &#8221;Lis\u00e4\u00e4 ostoskoriin&#8221; ja hanki t\u00e4m\u00e4 SONGMICS-tikkainhylly kotiisi optimoidaksesi s\u00e4ilytystilan.Tuotetiedot: &#8211; V\u00e4ri: valkoinen &#8211; Materiaali: MDF-levyt (E1-luokka) &#8211; Koko: 60 x 34,7 x 147,5 cm &#8211; Paino: 14,8 kg Toimitus sis\u00e4lt\u00e4\u00e4: &#8211; 1 x tikkaahylly &#8211; 1 x ohjeet (DE, EN, FR, ES, IT) &#8211; 1 x lis\u00e4varustepussi SONGMICS Huomautus:- Lapset eiv\u00e4t saa seist\u00e4, kiivet\u00e4 tai leikki\u00e4 hyllyll\u00e4, jotta v\u00e4ltyt\u00e4\u00e4n loukkaantumisilta kaatumisen vuoksi. &#8211; V\u00e4lt\u00e4 t\u00e4m\u00e4n tuotteen kastumista vedess\u00e4 ja \u00e4l\u00e4 sijoita sit\u00e4 kosteaan ymp\u00e4rist\u00f6\u00f6n. &#8211; Noudata ohjeita tarkasti. On suositeltavaa sijoittaa t\u00e4m\u00e4 hylly sein\u00e4\u00e4 vasten ja kiinnitt\u00e4\u00e4 se sein\u00e4\u00e4n ruuveilla.<\/p>\n","protected":false},"excerpt":{"rendered":"<p>VASAGLE Kirjahylly, seisomahylly, tikkaathylly, 4-tasoinen porrashylly, varastohylly Kylpyhuonehylly Monik\u00e4ytt\u00f6inen esittelyhylly olohuoneeseen, parvekkeelle, valkoinen LLS90WT<\/p>\n","protected":false},"featured_media":42919,"comment_status":"open","ping_status":"closed","template":"","meta":[],"product_brand":[],"product_cat":[32],"product_tag":[],"class_list":{"0":"post-34170","1":"product","2":"type-product","3":"status-publish","4":"has-post-thumbnail","6":"product_cat-uncategorized-fi","8":"first","9":"instock","10":"shipping-taxable","11":"purchasable","12":"product-type-simple"},"_links":{"self":[{"href":"https:\/\/nordicmart.andreevmaster.com\/fi\/wp-json\/wp\/v2\/product\/34170","targetHints":{"allow":["GET"]}}],"collection":[{"href":"https:\/\/nordicmart.andreevmaster.com\/fi\/wp-json\/wp\/v2\/product"}],"about":[{"href":"https:\/\/nordicmart.andreevmaster.com\/fi\/wp-json\/wp\/v2\/types\/product"}],"replies":[{"embeddable":true,"href":"https:\/\/nordicmart.andreevmaster.com\/fi\/wp-json\/wp\/v2\/comments?post=34170"}],"wp:featuredmedia":[{"embeddable":true,"href":"https:\/\/nordicmart.andreevmaster.com\/fi\/wp-json\/wp\/v2\/media\/42919"}],"wp:attachment":[{"href":"https:\/\/nordicmart.andreevmaster.com\/fi\/wp-json\/wp\/v2\/media?parent=34170"}],"wp:term":[{"taxonomy":"product_brand","embeddable":true,"href":"https:\/\/nordicmart.andreevmaster.com\/fi\/wp-json\/wp\/v2\/product_brand?post=34170"},{"taxonomy":"product_cat","embeddable":true,"href":"https:\/\/nordicmart.andreevmaster.com\/fi\/wp-json\/wp\/v2\/product_cat?post=34170"},{"taxonomy":"product_tag","embeddable":true,"href":"https:\/\/nordicmart.andreevmaster.com\/fi\/wp-json\/wp\/v2\/product_tag?post=34170"}],"curies":[{"name":"wp","href":"https:\/\/api.w.org\/{rel}","templated":true}]}}