{"id":34166,"date":"2026-02-27T00:24:33","date_gmt":"2026-02-27T00:24:33","guid":{"rendered":"https:\/\/nordicmart.andreevmaster.com\/product\/vasagle-l-muotoinen-kulmahylly-2-kpl-pilvinen-valkoinen\/"},"modified":"2026-02-27T09:44:25","modified_gmt":"2026-02-27T09:44:25","slug":"vasagle-l-muotoinen-kulmahylly-2-kpl-pilvinen-valkoinen","status":"publish","type":"product","link":"https:\/\/nordicmart.andreevmaster.com\/fi\/tuote\/vasagle-l-muotoinen-kulmahylly-2-kpl-pilvinen-valkoinen\/","title":{"rendered":"VASAGLE L-muotoinen kulmahylly, 2 kpl, pilvinen valkoinen"},"content":{"rendered":"<p>VASAGLE L-muotoinen kulmahylly, 2 kpl, sein\u00e4hylly, teollinen muotoilu, sein\u00e4hyllyt, olohuoneeseen, makuuhuoneeseen, keitti\u00f6\u00f6n, vintage-ruskea-musta LLS831B01<br \/>\nV\u00e4ri: pilvinen valkoinen<br \/>\nMateriaali: lastulevy, ter\u00e4s<br \/>\nKoko:<br \/>\nPitk\u00e4 sivu: 40 cm<br \/>\nLyhyt sivu: 29 cm<br \/>\nLeveys: 14 cm<br \/>\nPaksuus: 1,2 cm<br \/>\nKokonaispaino: 2 kg<br \/>\nHyllyn enimm\u00e4iskuormitus: 5 kg<\/p>\n","protected":false},"excerpt":{"rendered":"<p>VASAGLE L-muotoinen kulmahylly, 2 kpl, sein\u00e4hylly, teollinen muotoilu, sein\u00e4hyllyt, olohuoneeseen, makuuhuoneeseen, keitti\u00f6\u00f6n, vintage-ruskea-musta LLS831B01<\/p>\n","protected":false},"featured_media":42915,"comment_status":"open","ping_status":"closed","template":"","meta":[],"product_brand":[],"product_cat":[32],"product_tag":[],"class_list":{"0":"post-34166","1":"product","2":"type-product","3":"status-publish","4":"has-post-thumbnail","6":"product_cat-uncategorized-fi","8":"first","9":"instock","10":"shipping-taxable","11":"purchasable","12":"product-type-simple"},"_links":{"self":[{"href":"https:\/\/nordicmart.andreevmaster.com\/fi\/wp-json\/wp\/v2\/product\/34166","targetHints":{"allow":["GET"]}}],"collection":[{"href":"https:\/\/nordicmart.andreevmaster.com\/fi\/wp-json\/wp\/v2\/product"}],"about":[{"href":"https:\/\/nordicmart.andreevmaster.com\/fi\/wp-json\/wp\/v2\/types\/product"}],"replies":[{"embeddable":true,"href":"https:\/\/nordicmart.andreevmaster.com\/fi\/wp-json\/wp\/v2\/comments?post=34166"}],"wp:featuredmedia":[{"embeddable":true,"href":"https:\/\/nordicmart.andreevmaster.com\/fi\/wp-json\/wp\/v2\/media\/42915"}],"wp:attachment":[{"href":"https:\/\/nordicmart.andreevmaster.com\/fi\/wp-json\/wp\/v2\/media?parent=34166"}],"wp:term":[{"taxonomy":"product_brand","embeddable":true,"href":"https:\/\/nordicmart.andreevmaster.com\/fi\/wp-json\/wp\/v2\/product_brand?post=34166"},{"taxonomy":"product_cat","embeddable":true,"href":"https:\/\/nordicmart.andreevmaster.com\/fi\/wp-json\/wp\/v2\/product_cat?post=34166"},{"taxonomy":"product_tag","embeddable":true,"href":"https:\/\/nordicmart.andreevmaster.com\/fi\/wp-json\/wp\/v2\/product_tag?post=34166"}],"curies":[{"name":"wp","href":"https:\/\/api.w.org\/{rel}","templated":true}]}}